{"id":1042,"date":"2023-01-31T14:08:45","date_gmt":"2023-01-31T13:08:45","guid":{"rendered":"https:\/\/consrecife.esteri.it\/?page_id=1042"},"modified":"2025-04-22T10:54:17","modified_gmt":"2025-04-22T13:54:17","slug":"come-ottenere-la-dichiarazione-di-valore","status":"publish","type":"page","link":"https:\/\/consrecife.esteri.it\/it\/servizi-consolari-e-visti\/servizi-per-il-cittadino-italiano\/studi\/dichiarazioni-di-valore\/come-ottenere-la-dichiarazione-di-valore\/","title":{"rendered":"Come ottenere la Dichiarazione di valore"},"content":{"rendered":"<p>Il Consolato rilascia &#8211; su richiesta dell&#8217;interessato &#8211; dichiarazioni di valore di titoli di studio conseguiti presso istituti di insegnamento (scuole, istituti universitari, universit\u00e0 ecc.) operanti nella Regione Nordest del Brasile (Stati: Alagoas, Bahia, Cear\u00e1, Maranh\u00e3o, Para\u00edba, Pernambuco, Piau\u00ed, Rio Grande do Norte e Sergipe).<\/p>\n<p style=\"text-align: justify;\">I documenti devono essere consegnati o ritirati personalmente o da un procuratore. In quest&#8217;ultimo caso, sar\u00e0 accettato solo con la <span style=\"text-decoration: underline;\">presentazione di una procura con firma riconosciuta per &#8220;autenticidade&#8221; in un &#8220;cart\u00f3rio&#8221;. Se il richiedente \u00e8 cittadino italiano o cittadino straniero regolarmente residente in Italia, non sar\u00e0 necessario eseguire il riconoscimento della firma presso un &#8220;cart\u00f3rio&#8221; <strong>presentando un documento comprovante la regolarit\u00e0 della residenza dello stesso sul territorio italiano<\/strong><\/span>.<\/p>\n<p style=\"text-align: justify;\"><strong>La documentazione non potr\u00e0 essere in nessun caso inviata n\u00e9 per posta ordinaria n\u00e9 per e-mail<\/strong>. In alternativa, gli interessati possono inoltrare la richiesta per il tramite dei Consolati Onorari di Salvador e Fortaleza e dell&#8217;Agenzia Consolare Onoraria a S\u00e3o Luis,\u00a0 i quali, dopo l\u2019analisi della documentazione, provvederanno all\u2019invio al Consolato.<\/p>\n<p><strong>COMUNICAZIONE IMPORTANTE: si rende noto che a partire dal giorno 12\/04\/2025 gli appuntamenti presso questo Consolato per la presentazione della documentazione relativa alle dichiarazioni di valore saranno effettuati solo ed esclusivamente attraverso il portale <a href=\"https:\/\/prenotami.esteri.it\/\">Prenot@mi<\/a>.<\/strong><br \/>\n<strong><span class=\"diff--UX1Av\">I<\/span><span class=\"diff--UX1Av\">nv<\/span>i<span class=\"diff--UX1Av\">ti<\/span>a<span class=\"diff--UX1Av\">mo<\/span> i richiedenti <span class=\"diff--UX1Av\">a<\/span> registrarsi <span class=\"diff--UX1Av\">s<\/span><span class=\"diff--UX1Av\">u<\/span>l portale <a href=\"https:\/\/prenotami.esteri.it\/\">Prenot@mi<\/a> e <span class=\"diff--UX1Av\">a <\/span>seguire le i<span class=\"diff--UX1Av\">st<\/span><span class=\"diff--UX1Av\">ruz<\/span>i<span class=\"diff--UX1Av\">on<\/span>i l\u00ec<span class=\"diff--UX1Av\"> presenti<\/span> per richiedere gli appuntamenti.<\/strong><\/p>\n<p style=\"text-align: justify;\">Qualora la documentazione presentata fosse incompleta o non conforme alle istruzioni pubblicate in questo sito, la stessa sar\u00e0 restituita al momento stesso, fornendo indicazioni adeguate per la regolarizzazione. Questo Consolato si riserva il diritto di sollecitare documenti aggiuntivi ogni qualvolta lo ritenga necessario.<\/p>\n<p style=\"text-align: justify;\">Il rilascio della dichiarazione di valore sar\u00e0 gratuito qualora il richiedente possa comprovare l\u2019effettivo proseguimento degli studi in Italia. A tal fine sar\u00e0 necessario presentare un documento ufficiale che comprovi un vincolo (iscrizione o pre-iscrizione) tra lo studente e l\u2019Universit\u00e0 o l\u2019istituto di formazione italiana presso il quale si intende studiare e nel quale sia richiesta la Dichiarazione di Valore. Per coloro che devono pre-iscriversi alle universit\u00e0 tramite il portale Universitaly, la richiesta della DV da parte dell&#8217;Istituto Universitario sar\u00e0 presente nella propria scheda personale. Nel caso in cui non sia possibile comprovare il proseguimento degli studi, ovvero, in tutti gli altri casi, compreso per il riconoscimento della propria professione, il rilascio della Dichiarazione di Valore sar\u00e0 a pagamento &#8211; vedi <a href=\"https:\/\/consrecife.esteri.it\/pt\/servizi-consolari-e-visti\/servizi-per-il-cittadino-italiano\/altri-servizi\/taxas-consulares\/\">Valori Percezioni Consolari<\/a> ART 66N (DV) e 71 (in caso di richiesta di copia conforme). Si precisa che il servizio richiesto non sar\u00e0 prestato finch\u00e9 il settore competente non avr\u00e0 ricevuto la conferma del deposito sull\u2019estratto del conto corrente.<\/p>\n<p style=\"text-align: justify;\"><strong>Importante:<\/strong> raccomandiamo di entrare in contatto con l\u2019istituzione italiana d&#8217;interesse e di verificare tutte le informazioni necessarie per l\u2019iscrizione dell\u2019interessato\/a al corso desiderato, o della presentazione della domanda di riconoscimento professionale, prima di formulare la richiesta di Dichiarazione di Valore.<\/p>\n","protected":false},"excerpt":{"rendered":"Il Consolato rilascia &#8211; su richiesta dell&#8217;interessato &#8211; dichiarazioni di valore di titoli di studio conseguiti presso istituti di insegnamento (scuole, istituti universitari, universit\u00e0 ecc.) operanti nella Regione Nordest del Brasile (Stati: Alagoas, Bahia, Cear\u00e1, Maranh\u00e3o, Para\u00edba, Pernambuco, Piau\u00ed, Rio Grande do Norte e Sergipe). I documenti devono essere consegnati o ritirati personalmente o da [&hellip;]","protected":false},"author":4,"featured_media":0,"parent":388,"menu_order":0,"comment_status":"closed","ping_status":"closed","template":"","meta":{"footnotes":""},"class_list":["post-1042","page","type-page","status-publish","hentry"],"_links":{"self":[{"href":"https:\/\/consrecife.esteri.it\/it\/wp-json\/wp\/v2\/pages\/1042","targetHints":{"allow":["GET"]}}],"collection":[{"href":"https:\/\/consrecife.esteri.it\/it\/wp-json\/wp\/v2\/pages"}],"about":[{"href":"https:\/\/consrecife.esteri.it\/it\/wp-json\/wp\/v2\/types\/page"}],"author":[{"embeddable":true,"href":"https:\/\/consrecife.esteri.it\/it\/wp-json\/wp\/v2\/users\/4"}],"replies":[{"embeddable":true,"href":"https:\/\/consrecife.esteri.it\/it\/wp-json\/wp\/v2\/comments?post=1042"}],"version-history":[{"count":6,"href":"https:\/\/consrecife.esteri.it\/it\/wp-json\/wp\/v2\/pages\/1042\/revisions"}],"predecessor-version":[{"id":4214,"href":"https:\/\/consrecife.esteri.it\/it\/wp-json\/wp\/v2\/pages\/1042\/revisions\/4214"}],"up":[{"embeddable":true,"href":"https:\/\/consrecife.esteri.it\/it\/wp-json\/wp\/v2\/pages\/388"}],"wp:attachment":[{"href":"https:\/\/consrecife.esteri.it\/it\/wp-json\/wp\/v2\/media?parent=1042"}],"curies":[{"name":"wp","href":"https:\/\/api.w.org\/{rel}","templated":true}]}}