{"id":1107,"date":"2023-02-01T14:34:58","date_gmt":"2023-02-01T13:34:58","guid":{"rendered":"https:\/\/consrecife.esteri.it\/?page_id=1107"},"modified":"2025-01-14T15:53:08","modified_gmt":"2025-01-14T18:53:08","slug":"documentazione-da-presentare-in-occasione-della-convocazione","status":"publish","type":"page","link":"https:\/\/consrecife.esteri.it\/it\/servizi-consolari-e-visti\/servizi-per-il-cittadino-straniero\/cittadinanza\/cittadinanza-per-discendenza-iure-sanguinis\/documentazione-da-presentare-in-occasione-della-convocazione\/","title":{"rendered":"Documentazione da presentare in occasione dell&#8217;appuntamento"},"content":{"rendered":"<p style=\"text-align: justify;\"><strong>\u00a0<\/strong><\/p>\n<p style=\"text-align: justify;\"><strong>I documenti di stato civile delle persone ancora in vita hanno 6 mesi di validit\u00e0 e quelli delle persone gi\u00e0 decedute devono essere stati emessi dopo il decesso ed essere comunque in buono stato di conservazione e leggibilit\u00e0.<\/strong><\/p>\n<p style=\"text-align: justify;\"><strong>Tutti i certificati devono essere presentati in originale e rimarranno depositati presso l\u2019archivio di questo Consolato.<\/strong><\/p>\n<p style=\"text-align: justify;\"><strong>Tutti i certificati registrati fuori dall\u2019Italia devono essere presentati in formato \u201cinteiro teor\u201d (verbo ad verbum) con tutte le annotazioni, munite dell\u2019Apostille, con traduzione fatta dalla lingua originale direttamente all\u2019Italiano da traduttore giurato, anche essa munita dell\u2019Apostille.<\/strong><\/p>\n<p style=\"text-align: justify;\"><strong>Si consiglia di vedere le informazioni riguardo l\u2019Apostille nella pagina:<br \/>\n<\/strong><a href=\"https:\/\/consrecife.esteri.it\/it\/servizi-consolari-e-visti\/servizi-per-il-cittadino-italiano\/traduzione-e-legalizzazione-dei-documenti\/\">Traduzione e legalizzazione dei documenti \u2013 Consolato d&#8217;Italia Recife (esteri.it)<\/a><\/p>\n<p style=\"text-align: justify;\"><strong>Per famiglie con pi\u00f9 di un richiedente presso questa sede Consolare non \u00e8 necessario presentare varie copie degli stessi documenti degli ascendenti in comune, basta che una persona della famiglia presenti i documenti e fornisca l\u2019autorizzazione di utilizzo per il processo degli altri richiedenti.<\/strong><\/p>\n<p style=\"text-align: justify;\"><strong>Nessun Consolato in Brasile ha accesso a documenti presentati presso altri uffici consolari. Se la documentazione degli ascendenti non \u00e8 stata presentata presso questa sede dovr\u00e0 essere prodotta dai richiedenti.<\/strong><\/p>\n<p style=\"text-align: justify;\">Eventuali errori presenti nei certificati da presentare per il riconoscimento della cittadinanza italiana iure sanguinis dovranno essere corretti. Si consiglia la verifica dei dati nei certificati subito dopo la loro emissione per prevenire che gli errori causino difficolt\u00e0 e ritardi nel riconoscimento della cittadinanza e pi\u00f9 costi ai richiedenti.<\/p>\n<p style=\"text-align: justify;\">Questo Consolato si riserva il diritto di richiedere all\u2019interessato documentazione addizionale nel caso sorgano dubbi in fase di analisi della richiesta di riconoscimento della cittadinanza.<\/p>\n<p style=\"text-align: justify;\">In base alla legge n. 89\/2014, il riconoscimento della cittadinanza prevede l\u2019obbligo al pagamento di 600 euro da parte di qualsiasi persona maggiorenne che presenti la richiesta. La documentazione prodotta verr\u00e0 accettata, per la successiva analisi, solo in presenza della ricevuta dell\u2019avvenuto pagamento. Le istruzioni per il pagamento saranno fornite dal settore cittadinanza di questo Consolato d\u2019Italia a Recife tramite mail dopo la conferma dell\u2019appuntamento. Il predetto pagamento deve essere fato direttamente a questo Consolato visto che le richieste di cittadinanza iure sanguinis non possono essere presentate da procuratori neanche presso gli uffici dei Consolati onorari.<\/p>\n<p style=\"text-align: justify;\"><strong>\u00a0 \u00a0 \u00a01.\u00a0 \u00a0Documenti riguardanti il Dante Causa<br \/>\n<\/strong>(cittadino italiano emigrato)<\/p>\n<ul style=\"text-align: justify;\">\n<li><span style=\"text-decoration: underline;\"><strong>Atto di Nascita originale<\/strong><\/span> (Estratto dell\u2019Atto di Nascita) emesso dal Comune e che riporti l\u2019informazione riguardo la cittadinanza del nominativo dell\u2019atto. Tale certificato dovr\u00e0 essere richiesto dalla persona interessata direttamente al Comune di origine del Dante Causa.<\/li>\n<li><span style=\"text-decoration: underline;\"><strong>Certificato negativo di naturalizzazione<\/strong><\/span> rilasciato dal Ministero di Giustizia del Brasile e rispettiva traduzione eseguita da traduttore giurato, entrambi muniti dell\u2019Apostille. <span style=\"text-decoration: underline;\">Si precisa che detto documento dovr\u00e0 riportare le variazioni del nome e\/o cognome eventualmente risultanti nei certificati e\/o che siano stati rettificati giudizialmente.<\/span> A tal riguardo, si precisa che l\u2019eventuale naturalizzazione dell\u2019ascendente italiano non impedisce la trasmissione della cittadinanza a condizione che la naturalizzazione sia avvenuta dopo l\u2019entrata in vigore della legge n.91\/92 o dopo la nascita dei figli. In tali casi si dovr\u00e0 presentare il Certificato di Naturalizzazione in originale (fronte e retro), con Apostille e relativa traduzione giurata, anch\u2019essa munita dell\u2019Apostille.<\/li>\n<li>Nei casi in cui il\u00a0dante causa\u00a0abbia vissuto in altri Paesi oltre l\u2019Italia ed il Brasile, sar\u00e0 altres\u00ec necessario produrre il certificato negativo o positivo di naturalizzazione presso le autorit\u00e0 competenti di ogni Paese. Questo certificato dovr\u00e0 essere presentato insieme a rispettiva traduzione eseguita da traduttore giurato, entrambi muniti dell\u2019Apostille.<\/li>\n<li><strong><u>Certificati di Matrimonio, eventuali divorzi e certificato di Morte<\/u><\/strong> \u2013 rilasciati in originale (2\u00aa via\/duplicato) nella forma \u201cde inteiro teor\u201d (verbo ad verbum), muniti dell\u2019Apostille e di relativa traduzione giurata in lingua italiana, anch\u2019essa con apostille. Se il matrimonio \u00e8 stato celebrato in Italia o se risulta gi\u00e0 trascritto presso il Comune competente, occorre presentare l\u2019Estratto\u00a0di matrimonio o certificato plurimo rilasciato dal Comune di competenza. Se invece l\u2019ascendente italiano si \u00e8 sposato pi\u00f9 di una volta, sar\u00e0 necessario presentare tutti gli atti di matrimonio e eventuali divorzi o certificati di morte dei coniugi.<\/li>\n<li>Infine, se il Dante Causa ha contratto matrimonio, si sia divorziato o risulti deceduto in un altro Paese, sar\u00e0 necessario reperire i documenti presso il Paese dove l\u2019atto \u00e8 stato registrato.<\/li>\n<\/ul>\n<p style=\"text-align: justify;\"><strong>\u00a0 \u00a0 \u00a02.\u00a0 \u00a0Documenti<\/strong> <strong>riguardanti gli ascendenti e il richiedente<\/strong><\/p>\n<ul>\n<li style=\"text-align: justify;\"><strong>\u00a0<\/strong>Tutti i documenti di stato civile emessi fuori dall\u2019Italia (atti di nascita, matrimonio, morte, adozione e divorzio) dovranno essere presentati in \u201c2\u00aa via originale\u201d e in formato \u201cde inteiro teor\u201d, con Apostille nonch\u00e9 provvisti di traduzione giurata in lingua italiana, con la relativa Apostille. Per quanto riguarda la documentazione relativa a divorzio, si prega di vedere le istruzioni in <a href=\"https:\/\/consrecife.esteri.it\/it\/servizi-consolari-e-visti\/servizi-per-il-cittadino-italiano\/stato-civile\/\" target=\"_blank\" rel=\"noopener\"><strong>Stato Civile<\/strong><\/a>.<br \/>\nOSS: L\u2019ordinamento italiano non prevede la sostituzione di alcun certificato di registro civile con il certificato dell\u2019evento successivo oppure con le annotazioni che risultino a margine di altro certificato. \u00c8 necessario presentare tutti i certificati di registro civile.<\/li>\n<li style=\"text-align: justify;\">Per i richiedenti dovranno essere allegati al modulo di richiesta una fotocopia della carta di identit\u00e0 straniera &#8211; RG, emessa da non pi\u00f9 di 10 anni, o del passaporto valido (non saranno ammessi CNH o carte di categorie lavorative) \u2013 e una fotocopia di un comprovante di residenza recente a nome dell\u00b4interessato (emesso da non pi\u00f9 di 90 giorni). Si consiglia di vedere la lista dei comprovanti di residenza accettati da questo Consolato per l\u2019iscrizione AIRE nella pagina: <a href=\"https:\/\/consrecife.esteri.it\/it\/servizi-consolari-e-visti\/servizi-per-il-cittadino-italiano\/anagrafe-degli-italiani-residenti-allestero-aire\/\">Anagrafe degli Italiani residenti all\u2019estero (AIRE) \u2013 Consolato d&#8217;Italia Recife (esteri.it)<\/a>.<br \/>\nSi precisa che la prima richiesta d\u2019iscrizione dopo il riconoscimento della cittadinanza italiana \u00e8 effettuata dall\u2019Ufficio cittadinanza al Comune competente, non essendo necessario che il richiedente presenti la richiesta tramite il portale FastIt.<br \/>\nSi rammenta che dimostrare l\u2019effettiva residenza \u00e8 onere esclusivo del richiedente. Questo Consolato si riserva il diritto di richiedere ulteriori documenti.<\/li>\n<\/ul>\n<p>&nbsp;<\/p>\n<p><strong>Conclusione<\/strong> <strong>della<\/strong> <strong>procedura di riconoscimento della cittadinanza\u00a0ius sanguinis<\/strong><\/p>\n<p style=\"text-align: justify;\">Una volta accertato il diritto alla cittadinanza italiana del richiedente questo Consolato trasmetter\u00e0 la documentazione al Comune di competenza tramite PEC (Posta elettronica certificata) e la stessa mail sar\u00e0 inviata in copia al richiedente, per conoscenza dei dati e del numero di protocollo. Si precisa tuttavia che la documentazione allegata alla email per il comune viene trasmessa con firma digitale, per sicurezza dei dati, e che soltanto la Pubblica amministrazione italiana pu\u00f2 visualizzare tali dati.<\/p>\n<p style=\"text-align: justify;\">Contemporaneamente, il settore cittadinanza di questo Consolato invier\u00e0 all\u2019interessato una lettera in cui verr\u00e0 comunicata la conclusione del procedimento di riconoscimento della cittadinanza. Questa lettera non \u00e8 tuttavia un documento ufficiale e non sar\u00e0 ritrasmessa al richiedente in caso di smarrimento da parte dell\u2019Ufficio postale.<\/p>\n<p style=\"text-align: justify;\">Si precisa infine che le trascrizioni degli atti e l\u2019iscrizione dei nuovi cittadini nei Registri di Stato Civile, nelle liste elettorali e nell\u2019Anagrafe degli Italiani Residenti all\u2019Estero-AIRE \u00e8 responsabilit\u00e0 del Comune. Per avere informazioni su tali procedure, gli interessati sono pregati di rivolgersi direttamente al Comune di competenza.<\/p>\n<p style=\"text-align: justify;\"><strong>Una volta riconosciuta la cittadinanza italiana, vige l\u2019obbligo di informare il Comune, tramite il Consolato italiano competente per la circoscrizione di residenza, circa ogni variazione dello stato civile ed eventuale cambiamento di indirizzo residenziale e\/o elettronico. Si consiglia di vedere le pagine di questo sito riguardanti i <a href=\"https:\/\/consrecife.esteri.it\/it\/servizi-consolari-e-visti\/servizi-per-il-cittadino-italiano\/\">servizi forniti ai cittadini italiani. <\/a><\/strong><\/p>\n","protected":false},"excerpt":{"rendered":"\u00a0 I documenti di stato civile delle persone ancora in vita hanno 6 mesi di validit\u00e0 e quelli delle persone gi\u00e0 decedute devono essere stati emessi dopo il decesso ed essere comunque in buono stato di conservazione e leggibilit\u00e0. Tutti i certificati devono essere presentati in originale e rimarranno depositati presso l\u2019archivio di questo Consolato. [&hellip;]","protected":false},"author":4,"featured_media":0,"parent":266,"menu_order":0,"comment_status":"closed","ping_status":"closed","template":"","meta":{"footnotes":""},"class_list":["post-1107","page","type-page","status-publish","hentry"],"_links":{"self":[{"href":"https:\/\/consrecife.esteri.it\/it\/wp-json\/wp\/v2\/pages\/1107","targetHints":{"allow":["GET"]}}],"collection":[{"href":"https:\/\/consrecife.esteri.it\/it\/wp-json\/wp\/v2\/pages"}],"about":[{"href":"https:\/\/consrecife.esteri.it\/it\/wp-json\/wp\/v2\/types\/page"}],"author":[{"embeddable":true,"href":"https:\/\/consrecife.esteri.it\/it\/wp-json\/wp\/v2\/users\/4"}],"replies":[{"embeddable":true,"href":"https:\/\/consrecife.esteri.it\/it\/wp-json\/wp\/v2\/comments?post=1107"}],"version-history":[{"count":2,"href":"https:\/\/consrecife.esteri.it\/it\/wp-json\/wp\/v2\/pages\/1107\/revisions"}],"predecessor-version":[{"id":3889,"href":"https:\/\/consrecife.esteri.it\/it\/wp-json\/wp\/v2\/pages\/1107\/revisions\/3889"}],"up":[{"embeddable":true,"href":"https:\/\/consrecife.esteri.it\/it\/wp-json\/wp\/v2\/pages\/266"}],"wp:attachment":[{"href":"https:\/\/consrecife.esteri.it\/it\/wp-json\/wp\/v2\/media?parent=1107"}],"curies":[{"name":"wp","href":"https:\/\/api.w.org\/{rel}","templated":true}]}}