{"id":14,"date":"2022-12-13T15:48:30","date_gmt":"2022-12-13T14:48:30","guid":{"rendered":"https:\/\/consrecife.esteri.it\/?page_id=14"},"modified":"2023-11-20T08:37:59","modified_gmt":"2023-11-20T11:37:59","slug":"italia-e-brasile","status":"publish","type":"page","link":"https:\/\/consrecife.esteri.it\/it\/italia-e-brasile\/","title":{"rendered":"Italia e Brasile"},"content":{"rendered":"<p style=\"text-align: justify;\">Rapporti bilaterali<\/p>\n<p style=\"text-align: justify;\">I rapporti di collaborazione politica tra l\u2019Italia ed il Brasile si fondano su un patrimonio comune di valori democratici e su un ampio spettro di attivit\u00e0 e contatti intrattenuti sia a livello di Governi centrali, sia tra le regioni e le province italiane da una parte, e le citt\u00e0 e gli stati federati brasiliani dall\u00b4altra. A ci\u00f2 si aggiunge il fatto che il Brasile ospita una delle comunit\u00e0 italiane pi\u00f9 numerose al mondo: dei circa sei milioni e mezzo di concittadini residenti all\u2019estero, oltre settecentomila risiedono in Brasile (circa l\u201911% del totale). Gli italiani iscritti negli schedari consolari della rete in Brasile hanno superato le 710.000 unit\u00e0 (luglio 2022), mentre si calcola che siano circa trenta milioni gli oriundi.<\/p>\n<p style=\"text-align: justify;\">Sul piano istituzionale, le relazioni bilaterali seguono le linee del piano di azione del \u201cPartenariato strategico\u201d firmato nel 2010 e gli indirizzi stabiliti dal Consiglio di Cooperazione Italia-Brasile, che si riunisce per esaminare i progressi e le sfide della collaborazione bilaterale nei diversi settori di attivit\u00e0 (relazioni politiche, economiche e commerciali, progetti scientifici e culturali, scambi accademici, cooperazione industriale e difesa).<\/p>\n<p style=\"text-align: justify;\">La comune appartenenza a tutte le principali organizzazioni internazionali permette ai due Paesi una fruttuosa collaborazione anche in ambito multilaterale, dove le rispettive azioni sono ispirate al perseguimento della soluzione pacifica delle controversie, alla difesa e promozione dei diritti umani, alla salvaguardia dell\u2019ambiente, allo sviluppo sostenibile, alla collaborazione economica multilaterale. Altre sedi in cui il Brasile e l\u2019Italia hanno occasioni di incontro e di dialogo sulle questioni dell\u2019agenda politica ed economica internazionale sono i periodici vertici regionali organizzati tra l\u2019Unione Europea e le organizzazioni sudamericane e gli incontri in ambito G20.<\/p>\n<p style=\"text-align: justify;\">La \u201cConferenza Italia &#8211; America Latina e Caraibi\u201d, che il Governo italiano organizza a scadenza biennale con tutti i Paesi del continente latinoamericano, costituisce un ulteriore importante momento di dialogo tra i rappresentanti dei due governi.<\/p>\n","protected":false},"excerpt":{"rendered":"Rapporti bilaterali I rapporti di collaborazione politica tra l\u2019Italia ed il Brasile si fondano su un patrimonio comune di valori democratici e su un ampio spettro di attivit\u00e0 e contatti intrattenuti sia a livello di Governi centrali, sia tra le regioni e le province italiane da una parte, e le citt\u00e0 e gli stati federati [&hellip;]","protected":false},"author":2,"featured_media":0,"parent":0,"menu_order":4,"comment_status":"closed","ping_status":"closed","template":"","meta":{"footnotes":""},"class_list":["post-14","page","type-page","status-publish","hentry"],"_links":{"self":[{"href":"https:\/\/consrecife.esteri.it\/it\/wp-json\/wp\/v2\/pages\/14","targetHints":{"allow":["GET"]}}],"collection":[{"href":"https:\/\/consrecife.esteri.it\/it\/wp-json\/wp\/v2\/pages"}],"about":[{"href":"https:\/\/consrecife.esteri.it\/it\/wp-json\/wp\/v2\/types\/page"}],"author":[{"embeddable":true,"href":"https:\/\/consrecife.esteri.it\/it\/wp-json\/wp\/v2\/users\/2"}],"replies":[{"embeddable":true,"href":"https:\/\/consrecife.esteri.it\/it\/wp-json\/wp\/v2\/comments?post=14"}],"version-history":[{"count":1,"href":"https:\/\/consrecife.esteri.it\/it\/wp-json\/wp\/v2\/pages\/14\/revisions"}],"predecessor-version":[{"id":2501,"href":"https:\/\/consrecife.esteri.it\/it\/wp-json\/wp\/v2\/pages\/14\/revisions\/2501"}],"wp:attachment":[{"href":"https:\/\/consrecife.esteri.it\/it\/wp-json\/wp\/v2\/media?parent=14"}],"curies":[{"name":"wp","href":"https:\/\/api.w.org\/{rel}","templated":true}]}}