{"id":174,"date":"2022-12-14T19:09:15","date_gmt":"2022-12-14T18:09:15","guid":{"rendered":"https:\/\/consrecife.esteri.it\/?page_id=174"},"modified":"2026-01-22T16:31:46","modified_gmt":"2026-01-22T19:31:46","slug":"passaporti-e-carte-didentita","status":"publish","type":"page","link":"https:\/\/consrecife.esteri.it\/it\/servizi-consolari-e-visti\/servizi-per-il-cittadino-italiano\/passaporti-e-carte-didentita\/","title":{"rendered":"Passaporti e Carte d\u2019identit\u00e0"},"content":{"rendered":"<p style=\"text-align: left;\"><strong>ATTENZIONE: leggere le istruzioni prima di procedere alla prenotazione per il rilascio dei documenti<\/strong><\/p>\n<p><strong>PASSAPORTO<\/strong><\/p>\n<p><strong>Chi pu\u00f2 richiederlo<\/strong><\/p>\n<p>Possono richiedere il passaporto presso il Consolato d\u2019Italia in Recife, o presso i Consolati onorari di Salvador e di Fortaleza, tutti i cittadini italiani residenti negli Stati di Alagoas, Bahia, Cear\u00e1, Maranh\u00e3o, Para\u00edba, Pernambuco, Piau\u00ed, Rio Grande do Norte e Sergipe regolarmente iscritti all\u2019AIRE (<a href=\"https:\/\/consrecife.esteri.it\/it\/servizi-consolari-e-visti\/servizi-per-il-cittadino-italiano\/anagrafe-degli-italiani-residenti-allestero-aire\/\">Anagrafe Italiani Residenti all\u2019Estero<\/a>) presso questo Consolato di Recife.<\/p>\n<p>Prima di avviare la procedura di richiesta del passaporto, tutti i coloro che:<\/p>\n<ul>\n<li>sono nati all\u2019estero (in Brasile o in altri Paesi, ma non in Italia);<\/li>\n<li>hanno acquisito la cittadinanza italiana in Brasile, in altri Paesi o in Italia (ma non tramite il Consolato d\u2019Italia in Recife);<\/li>\n<li>hanno acquisito la cittadinanza italiana per matrimonio in Brasile, in altri Paesi o in Italia (ma non tramite il Consolato d\u2019Italia in Recife)<\/li>\n<\/ul>\n<p>compresi quelli gi\u00e0 in possesso di precedente passaporto italiano, devono assicurarsi che il proprio stato civile sia aggiornato e concordi con quanto dichiarato, e l\u2019atto di nascita o quello del minore per il quale si richiede il passaporto sia stato registrato presso il proprio Comune di iscrizione AIRE. Laddove l\u2019atto di nascita del connazionale non sia gi\u00e0 trascritto in Italia, l\u2019interessato dovr\u00e0 provvedere alla registrazione seguendo le modalit\u00e0 descritte in questo sito web (<a href=\"https:\/\/consrecife.esteri.it\/it\/servizi-consolari-e-visti\/servizi-per-il-cittadino-italiano\/stato-civile\/\">Stato Civile \u2013 Consolato d&#8217;Italia Recife<\/a><a href=\"https:\/\/consrecife.esteri.it\/it\/servizi-consolari-e-visti\/servizi-per-il-cittadino-italiano\/stato-civile\/\">)<\/a>.<\/p>\n<p>In tutti i casi, il passaporto da rinnovare deve avere una validit\u00e0 residua inferiore ai sei mesi (eccetto nel caso di passaporto danneggiato, smarrito o rubato).<\/p>\n<p><strong><em>SE ALLA PRESENTAZIONE DELLA DOMANDA DI PASSAPORTO LA SITUAZIONE ANAGRAFICA NON RISULTER\u00c0 REGOLARIZZATA NON SI POTR\u00c0 DAR CORSO AL SERVIZIO E L\u2019INTERESSATO POTR\u00c0 PRESENTARE NUOVA RICHIESTA DI PASSAPORTO DOPO AVERE REGOLARIZZATO LA SUA POSIZIONE.<\/em><\/strong><\/p>\n<p><strong>Come pagare<\/strong><\/p>\n<ul>\n<li>Il pagamento avviene al momento stesso della presentazione della richiesta di rinnovo, in presenza, ed \u00e8 accettato via PIX, TED, carta di debito o, se necessario, denaro contante.<\/li>\n<li>Per verificare il costo aggiornato di un passaporto o di un ETD, consultare le\u00a0Tariffe Consolari in questo sito web<\/li>\n<\/ul>\n<p><strong>Come prenotare<\/strong><\/p>\n<p>La richiesta di rilascio del passaporto pu\u00f2 essere presentata per il Consolato di Recife ed i Consolati onorari di Salvador e Fortaleza in qualunque momento, utilizzando esclusivamente la piattaforma <a href=\"https:\/\/prenotami.esteri.it\/\">Prenot@mi<\/a> accessibile da pc o laptop (ma non da cellulare), servendosi di Edge o Chrome. Sar\u00e0 necessario creare (o avere) un account e quindi procedere con la prenotazione dell\u2019appuntamento. Attenzione: <u>i dati dell\u2019account <\/u><a href=\"https:\/\/prenotami.esteri.it\/\"><u>Prenot@mi <\/u><\/a><u>devono corrispondere esattamente con i dati anagrafici del richiedente<\/u>. La creazione dell\u2019account \u00e8 riservata ai soli cittadini maggiorenni, mentre i minori rientreranno nell\u2019account del genitore\/tutore, inseriti nella sezione \u201cDati richiedente aggiuntivo\u201d. Nella richiesta di appuntamento occorre elencare: nome e cognome, data e luogo di nascita, stato civile, indirizzo di residenza, allegando una delle seguenti <a href=\"https:\/\/consrecife.esteri.it\/it\/servizi-consolari-e-visti\/servizi-per-il-cittadino-italiano\/altri-servizi\/comprovanti-dindirizzo\/\">prove di residenza<\/a>. Gli appuntamenti presso il Consolato di Recife vengono concessi per i giorni di luned\u00ec, mercoled\u00ec e gioved\u00ec. Gli appuntamenti presso il Consolato onorario di Salvador vengono concessi per il luned\u00ec dalle 9:00 alle 15:00, mentre quelli per il Consolato onorario di Fortaleza vengono concessi per il gioved\u00ec dalle ore 14.00 alle ore 18.00.<\/p>\n<p><strong>ATTENZIONE: qualora a seguito di verifiche dovessero emergere difformit\u00e0 che impediscano l\u2019acquisizione della richiesta di passaporto, l\u2019appuntamento sar\u00e0 annullato. <span style=\"text-decoration: underline;\">Si ricorda che \u00e8 necessario che il richiedente <span class=\"diff--UX1Av\">provveda <\/span>a <span class=\"diff--UX1Av\">co<\/span><span class=\"diff--UX1Av\">nfe<\/span>r<span class=\"diff--UX1Av\">ma<\/span>re <span class=\"diff--UX1Av\">l<\/span><span class=\"diff--UX1Av\">&#8216;<\/span>a<span class=\"diff--UX1Av\">ppuntamento sul <a href=\"https:\/\/prenotami.esteri.it\/\"><u>Prenot@mi<\/u><\/a><\/span> <span class=\"diff--UX1Av\">tra <\/span>dieci <span class=\"diff--UX1Av\">e<\/span> tre giorni prima della data <span class=\"diff--UX1Av\">st<\/span><span class=\"diff--UX1Av\">abi<\/span>l<span class=\"diff--UX1Av\">i<\/span>t<span class=\"diff--UX1Av\">a.<\/span><\/span><\/strong><\/p>\n<p><strong>Nel caso in cui l&#8217;appuntamento venisse cancellato dal Consolato, si ricorda che le ragioni della cancellazione potrebbe essere una delle seguenti:<\/strong><\/p>\n<ul>\n<li><strong>Situazione anagrafica non regolare.<\/strong><\/li>\n<li><strong>Comprovante di residenza allegato alla prenotazione non valido (pregasi consultare la pagina web del Consolato relativa alle prove di residenza valide)<\/strong><\/li>\n<\/ul>\n<p><strong>Appuntamento per i minori<br \/>\n<\/strong>L\u2019appuntamento dovr\u00e0 essere richiesto attraverso l\u2019account <a href=\"https:\/\/prenotami.esteri.it\/\">Prenot@mi<\/a>\u00a0 di uno dei genitori (o tutori) ed i dati saranno inseriti nella sezione \u201cDati richiedente aggiuntivo\u201d.<\/p>\n<p>L&#8217;appuntamento sar\u00e0 effettuato da uno dei genitori e potr\u00e0 includere al massimo tre richiedenti dello stesso nucleo familiare (genitore + 2 figli minori o 3 figli minori accompagnati dal genitore)<\/p>\n<p><strong>Documentazione da consegnare all\u2019appuntamento<br \/>\n<\/strong>Il giorno dell\u2019appuntamento, i richiedenti (inclusi i minorenni) dovranno presentarsi muniti di:<\/p>\n<ol>\n<li>Passaporto italiano precedente, se posseduto (anche se scaduto);<\/li>\n<li>Passaporto o carta di identit\u00e0 brasiliana ovvero carta d\u2019identit\u00e0 italiana (anche se scaduta).<\/li>\n<li>In caso di smarrimento o furto del precedente passaporto, denuncia (in originale) resa alle Autorit\u00e0 di Polizia brasiliane (nella quale sia indicato il numero del passaporto smarrito o rubato e la Questura o il Consolato che aveva provveduto al rilascio). Non possono essere accolte denunce effettuate on line;<\/li>\n<li>Formulario di domanda, corredato di fotografia (2 fotografie per i richiedenti minori) per:<br \/>\n&#8211; Consolato Salvador (<a href=\"https:\/\/consrecife.esteri.it\/wp-content\/uploads\/2024\/01\/Modulo-domanda-passaporto-Consolato-Salvador.docx\">adulto<\/a>) (<a href=\"https:\/\/consrecife.esteri.it\/wp-content\/uploads\/2024\/01\/Modulo-domanda-passaporto-minore-Consolato-Salvador.docx\">minore<\/a>);<br \/>\n&#8211; Consolato Fortaleza (<a href=\"https:\/\/consrecife.esteri.it\/wp-content\/uploads\/2024\/01\/Modulo-domanda-passaporto-Consolato-Fortaleza.docx\">adulto<\/a>) (<a href=\"https:\/\/consrecife.esteri.it\/wp-content\/uploads\/2024\/01\/Modulo-domanda-passaporto-minore-Consolato-Fortaleza.docx\">minore<\/a>);<br \/>\n&#8211; <span style=\"text-decoration: underline;\"><strong>Esclusivamente per le richieste presentate a Recife<\/strong><\/span> non \u00e8 necessario presentare n\u00e9 il formulario n\u00e9 le foto (pe<span class=\"diff--UX1Av\">r<\/span> i minori che incontrano difficolt\u00e0 nel r<span class=\"diff--UX1Av\">es<\/span><span class=\"diff--UX1Av\">t<\/span>a<span class=\"diff--UX1Av\">r<\/span>e <span class=\"diff--UX1Av\">i<\/span>m<span class=\"diff--UX1Av\">mob<\/span>i<span class=\"diff--UX1Av\">li<\/span> d<span class=\"diff--UX1Av\">a<\/span><span class=\"diff--UX1Av\">va<\/span>n<span class=\"diff--UX1Av\">t<\/span>i alla <span class=\"diff--UX1Av\">fo<\/span><span class=\"diff--UX1Av\">to<\/span>c<span class=\"diff--UX1Av\">amer<\/span>a al momento dello scatto<span class=\"diff--UX1Av\">,<\/span> <span class=\"diff--UX1Av\">\u00e8<\/span> consigliato\u00a0<span class=\"diff--UX1Av\">f<\/span><span class=\"diff--UX1Av\">o<\/span>r<span class=\"diff--UX1Av\">nir<\/span>e almeno una foto<span class=\"diff--UX1Av\">grafia);<\/span><\/li>\n<li>\u00a0<a href=\"https:\/\/consrecife.esteri.it\/wp-content\/uploads\/2024\/01\/Assenso-1.pdf\">atto di assenso<\/a>\u00a0di entrambi genitori, nel caso in cui il richiedente sia un minore di 18 anni;<\/li>\n<li>Disponibilit\u00e0 economica per la corresponsione dei <a href=\"https:\/\/consrecife.esteri.it\/it\/servizi-consolari-e-visti\/servizi-per-il-cittadino-italiano\/altri-servizi\/tariffe-consolari\/\"><u>diritti consolari<\/u><\/a>.<\/li>\n<li>Comprovante di residenza (per favore controllare quali sono i comprovanti di residenza validi e accettati da questo Consolato: <a href=\"https:\/\/consrecife.esteri.it\/it\/servizi-consolari-e-visti\/servizi-per-il-cittadino-italiano\/altri-servizi\/comprovanti-dindirizzo\/\">Lista Comprovanti<\/a>).<\/li>\n<\/ol>\n<p>Il giorno dell\u2019appuntamento il Consolato acquisir\u00e0 la documentazione suindicata, effettuer\u00e0 il riconoscimento della persona e provveder\u00e0 alla presa delle impronte digitali e della firma del richiedente (solo ai maggiori di anni 12), e della fotografia digitale.<\/p>\n<p><strong>\u00a0<\/strong><strong>Riconsegna del nuovo passaporto<br \/>\n<\/strong>Il nuovo passaporto pu\u00f2 essere ritirato a Recife nel giorno che verr\u00e0 indicato al momento della domanda ovvero \u2013 se richiesto dall\u2019interessato \u2013 potr\u00e0 essere inviato via Sedex. I passaporti invece richiesti attraverso i Consolati onorari di Salvador e Fortaleza dovranno essere ritirati presso le stesse Sedi consolari.<\/p>\n<p><strong>Validit\u00e0<br \/>\n<\/strong>La validit\u00e0 del passaporto \u00e8 di 3 anni per i minori di et\u00e0 compresa tra 0 e 3 anni; 5 anni per i minori di et\u00e0 compresa tra 4 e 17 anni e 10 anni di validit\u00e0 per maggiorenni.<\/p>\n<p><strong>Atto di assenso<br \/>\n<\/strong>L\u2019assenso al rilascio del passaporto in favore di minorenne \u00e8 SEMPRE necessario, anche nel caso in cui i genitori non siano sposati, o siano separati ovvero divorziati.\u00a0Per l\u2019espressione dell\u2019Atto di assenso NON \u00e8 necessaria la presenza personale del genitore, se cittadino UE. Sar\u00e0 per questo sufficiente la consegna dell\u2019Atto compilato e firmato, insieme ad una fotocopia del passaporto italiano o della carta d\u2019identit\u00e0 italiana del firmatario. Se invece il genitore che debba concedere l\u2019assenso \u00e8 cittadino extracomunitario, la firma dell\u2019<a href=\"https:\/\/consrecife.esteri.it\/wp-content\/uploads\/2023\/05\/assenso_passaporto_a_figlio_minore_pe.docx\"><u>Atto di assenso<\/u><\/a> deve avvenire tassativamente:<\/p>\n<ul>\n<li>nel Consolato d\u2019Italia in Recife il giorno dell\u2019appuntamento (esibendo documento d\u2019identit\u00e0;<\/li>\n<li>nei\u00a0<u>Consolati onorari d\u2019Italia di Salvador di Bahia o Fortaleza<\/u>;<\/li>\n<li>presso un Notaio brasiliano. In tal caso, l\u2019<a href=\"https:\/\/consrecife.esteri.it\/wp-content\/uploads\/2023\/05\/assenso_passaporto_a_figlio_minore_pe.docx\"><u>Atto di assenso<\/u><\/a> dovr\u00e0 essere autenticato dal Notaio, munito di Apostille e tradotto in lingua italiana;<\/li>\n<li>in Italia, innanzi al Funzionario addetto presso la Questura territorialmente competente<\/li>\n<li>presso un\u2019Ambasciata o un Consolato italiani nel mondo.<\/li>\n<\/ul>\n<p>In caso di decesso di uno dei genitori\u00a0occorre presentare copia del certificato di morte.<\/p>\n<p>Infine, nel caso in cui non fosse possibile ottenere l\u2019espressione dell\u2019Atto di Assenso da uno dei genitori, andr\u00e0 richiesto l\u2019intervento del Giudice Tutelare, Ufficio Assistenza di questo Consolato.<\/p>\n<p style=\"text-align: center;\">&#8212;&#8212;&#8212;&#8212;&#8212;&#8212;&#8212;&#8212;&#8212;&#8212;&#8212;&#8212;&#8212;&#8212;&#8212;&#8212;&#8212;&#8212;<\/p>\n<p><strong>EMERGENCY TRAVEL DOCUMENT (ETD)<\/strong><\/p>\n<p>In caso di smarrimento o furto del passaporto e qualora non si disponga di un documento di riconoscimento valido per viaggiare, ai connazionali NON iscritti nell\u2019Anagrafe degli Italiani Residenti all\u2019Estero (AIRE) che debbano rientrare in Italia o in uno Stato UE nel quale il richiedente abbia la propria residenza permanente comprovata da iscrizione in AIRE, il Consolato d\u2019Italia a Recife rilascer\u00e0 un Emergency Travel Document\u00a0<strong>(ETD)<\/strong>, documento di viaggio provvisorio\u00a0<strong>con validit\u00e0 massima di 15 giorni dal momento del rilascio<\/strong>.<\/p>\n<p><strong>Per il rilascio dell\u2019ETD, anche in favore di neonati o minori, \u00e8 necessaria la presenza nel Consolato d\u2019Italia in Recife<\/strong>.<\/p>\n<p>Il rilascio dell\u2019ETD pu\u00f2 essere richiesto, senza necessit\u00e0 di fissare in anticipo un appuntamento, dal luned\u00ec al venerd\u00ec, dalle 09.30 alle 12.30, e occorrer\u00e0 presentare la denuncia di smarrimento \/ furto resa alle Autorit\u00e0 di Polizia brasiliane, fotocopia del passaporto smarrito o rubato (in assenza, occorrer\u00e0 obbligatoriamente indicarne il numero, la data del rilascio e l\u2019Amministrazione che ha provveduto al rilascio), 2 fotografia a colori con sfondo bianco, copia del biglietto aereo di rientro. L\u2019ETD viene rilasciato immediatamente.<\/p>\n<p>Tenuto conto della\u00a0 validit\u00e0 del documento relativamente breve (al massimo 15 giorni), si raccomanda di richiederne il rilascio nell\u2019immediatezza della partenza dal Brasile.<\/p>\n<p style=\"text-align: center;\">&#8212;&#8212;&#8212;&#8212;&#8212;&#8212;&#8212;&#8212;&#8212;&#8212;&#8212;&#8212;&#8212;&#8212;&#8212;&#8212;&#8212;&#8212;-<\/p>\n<p><strong>CARTA D&#8217;IDENTITA&#8217; ELETTRONICA (CIE)<\/strong><\/p>\n<p>La Carta d\u2019Identit\u00e0 Elettronica (CIE) \u00e8 un documento personale di riconoscimento valido per l\u2019identificazione (non \u00e8 un documento di residenza), per circolare all\u2019interno dell\u2019Unione Europea e, in parte, dello Spazio Schengen (Islanda, Norvegia, Svizzera, ecc.). Vedi <a href=\"http:\/\/www.viaggiaresicuri.it\/\">www.viaggiaresicuri.it<\/a>.<\/p>\n<p style=\"text-align: justify;\">La CIE non viene rilasciata al momento della richiesta (\u201ca vista\u201d) ma spedita successivamente dall\u2019Italia, per posta, direttamente a casa del richiedente.<\/p>\n<p>La carta d\u2019identit\u00e0 \u00e8 un documento d&#8217;identit\u00e0.<\/p>\n<p style=\"text-align: justify;\"><strong>Chi pu\u00f2 richiederla<br \/>\n<\/strong>Il Consolato d\u2019Italia rilascia la carta d\u2019identit\u00e0 elettronica solo ai cittadini italiani regolarmente residenti in questa circoscrizione consolare,\u00a0con iscrizione <a href=\"https:\/\/consrecife.esteri.it\/it\/servizi-consolari-e-visti\/servizi-per-il-cittadino-italiano\/anagrafe-degli-italiani-residenti-allestero-aire\/\">AIRE<\/a> confermata e posizione anagrafica completa. Qualora sia stato modificato l\u2019indirizzo di residenza\u00a0rispetto a quello comunicato in precedenza all\u2019Ufficio consolare \u00e8 necessario, prima di richiedere la carta d\u2019identit\u00e0, richiedere la variazione di indirizzo attraverso il portale\u00a0<a href=\"https:\/\/serviziconsolarionline.esteri.it\/ScoFE\/index.sco\">FAST IT<\/a>.<\/p>\n<p><strong>Quando<\/strong><\/p>\n<ul>\n<li>In sostituzione di una carta di identit\u00e0 cartacea valida;<\/li>\n<\/ul>\n<ul>\n<li>se non in possesso di un\u2019altra carta d\u2019identit\u00e0 elettronica valida;<\/li>\n<li>in caso di furto, smarrimento o deterioramento della carta d\u2019identit\u00e0 precedente.<\/li>\n<\/ul>\n<p style=\"text-align: justify;\"><strong>Come<br \/>\n<\/strong>La richiesta della carta d\u2019identit\u00e0 elettronica pu\u00f2 essere presentata, in qualunque momento, utilizzando esclusivamente la piattaforma\u00a0<a href=\"https:\/\/prenotami.esteri.it\/\">Prenot@MI<\/a> accessibile da pc o laptop (non da cellulare), servendosi di Edge o Chrome. Gli appuntamenti vengono concessi il marted\u00ec.<br \/>\n<strong>ATTENZIONE: qualora a seguito di verifiche dovessero emergere difformit\u00e0 che impediscano l\u2019acquisizione della richiesta della CIE, l\u2019appuntamento sar\u00e0 annullato ed il connazionale informato delle motivazioni del rigetto.<\/strong><\/p>\n<p style=\"text-align: justify;\"><strong>Appuntamento per i minori<br \/>\n<\/strong>L\u2019appuntamento dovr\u00e0 essere richiesto attraverso l\u2019account <a href=\"https:\/\/prenotami.esteri.it\/\">Prenot@mi<\/a>\u00a0 del genitore (o tutore) ed i dati inseriti nella sezione \u201cDati richiedente aggiuntivo\u201d. Saranno accettate prenotazioni multiple esclusivamente per nuclei familiari (genitori e figli) per un massimo di tre appuntamenti prenotabili dallo stesso account (genitore + 2 figli minori oppure 3 figli minori).<\/p>\n<p><strong>Documentazione da consegnare all\u2019appuntamento<br \/>\n<\/strong>Il richiedente deve presentarsi munito di:<\/p>\n<ol>\n<li style=\"text-align: justify;\">carta di identit\u00e0 precedente, se posseduta. In mancanza di questa, dovr\u00e0 esibire il passaporto o un documento di riconoscimento (anche se scaduto). Per i minori sprovvisti di documento d\u2019identit\u00e0, il genitore italiano (UE) deve presentare e sottoscrivere, al momento dell\u2019appuntamento in Consolato, la Dichiarazione d\u2019Identit\u00e0;<\/li>\n<li style=\"text-align: justify;\">in caso di smarrimento o furto della precedente carta d\u2019identit\u00e0, denuncia resa alle Autorit\u00e0 di Polizia brasiliane (nella quale sia indicato il numero della carta smarrita o rubata);<\/li>\n<li style=\"text-align: justify;\"><a href=\"https:\/\/consrecife.esteri.it\/wp-content\/uploads\/2024\/01\/Assenso.pdf\">atto di assenso<\/a> di entrambi genitori, nel caso in cui il richiedente sia un minore di 18 anni;<\/li>\n<li style=\"text-align: justify;\">disponibilit\u00e0 per la corresponsione dei <a href=\"https:\/\/consrecife.esteri.it\/it\/servizi-consolari-e-visti\/servizi-per-il-cittadino-italiano\/altri-servizi\/tariffe-consolari\/\"><u>diritti consolari<\/u><\/a>.<\/li>\n<li style=\"text-align: justify;\">codice fiscale (si rammenta che il possesso del Codice Fiscale \u00e8 obbligatorio al fine del rilascio della Carta d&#8217;Identit\u00e0, per richiederlo accedere alla seguente pagina: <a href=\"https:\/\/consrecife.esteri.it\/it\/servizi-consolari-e-visti\/servizi-per-il-cittadino-italiano\/codice-fiscale\/\">Codice Fiscale<\/a>) .<\/li>\n<\/ol>\n<p style=\"text-align: justify;\">Il giorno dell\u2019appuntamento, il Consolato acquisir\u00e0 la documentazione suindicata, effettuer\u00e0 il riconoscimento della persona e provveder\u00e0 alla presa delle impronte digitali e della firma del richiedente (solo ai maggiori di anni 12).<\/p>\n<p style=\"text-align: justify;\"><strong>Come ricevere la CIE<br \/>\n<\/strong>La CIE viene emessa dal Ministero dell\u2019Interno e prodotta dall\u2019Istituto Poligrafico e Zecca dello Stato, che provvede a spedirla, via posta raccomandata, all\u2019indirizzo di residenza dichiarato dal richiedente. La spedizione potr\u00e0 essere seguita online, attraverso il codice di tracciamento.<\/p>\n<p style=\"text-align: justify;\"><strong>Validit\u00e0<br \/>\n<\/strong>La validit\u00e0 della carta d\u2019identit\u00e0 \u00e8 di 3 anni per i minori di et\u00e0 compresa tra 0 e 3 anni; 5 anni per i minori di et\u00e0 compresa tra 4 e 17 anni e 10 anni di validit\u00e0 per maggiorenni.<\/p>\n<p style=\"text-align: justify;\"><strong>Atto di assenso<br \/>\n<\/strong>L\u2019assenso al rilascio della carta di identit\u00e0 in favore di minorenne \u00e8 SEMPRE necessario, anche nel caso in cui i genitori non siano sposati, o siano separati ovvero divorziati.\u00a0Per l\u2019espressione dell\u2019Atto di assenso NON \u00e8 necessaria la presenza personale del genitore, se cittadino UE. Sar\u00e0 per questo sufficiente la consegna dell\u2019Atto compilato e firmato, insieme ad una fotocopia del passaporto o della carta d\u2019identit\u00e0 del firmatario. Se invece il genitore che debba concedere l\u2019assenso \u00e8 cittadino\u00a0 extracomunitario, la firma dell\u2019<a href=\"https:\/\/consrecife.esteri.it\/wp-content\/uploads\/2024\/01\/Assenso.pdf\"><u>Atto di assenso<\/u><\/a> deve avvenire tassativamente:<\/p>\n<ul>\n<li>nel Consolato d\u2019Italia in Recife il giorno dell\u2019appuntamento (esibendo documento d\u2019identit\u00e0;<\/li>\n<li>nei\u00a0<u>Consolati onorari d\u2019Italia di Salvador de Bahia o Fortaleza<\/u>;<\/li>\n<li>presso un Notaio brasiliano. In tal caso, la dichiarazione di Assenso dovr\u00e0 essere autenticata dal Notaio, munita di Apostille e tradotta in lingua italiana;<\/li>\n<li>in Italia (Notaio o Pubblica Amministrazione)<\/li>\n<li>presso un\u2019Ambasciata o un Consolato italiani nel mondo.<\/li>\n<\/ul>\n<p>In caso di decesso di uno dei genitori\u00a0occorre presentare copia del certificato di morte.<\/p>\n<p style=\"text-align: justify;\">Infine, nel caso in cui non fosse possibile ottenere l\u2019espressione dell\u2019Atto di Assenso da uno dei genitori, andr\u00e0 richiesto l\u2019intervento del Giudice Tutelare, Ufficio Assistenza di questo Consolato<\/p>\n<p style=\"text-align: center;\">&#8212;&#8212;&#8212;&#8212;&#8212;&#8212;&#8212;&#8212;&#8212;&#8212;&#8212;&#8212;&#8212;&#8212;&#8212;&#8212;&#8212;&#8212;-<\/p>\n<p style=\"text-align: justify;\"><strong>Indirizzo e-mail del Settore Passaporti: <a href=\"mailto:passaporti.recife@esteri.it\">passaporti.recife@esteri.it<\/a> (non verr\u00e0 dato riscontro a richieste relative a domande a cui \u00e8 gi\u00e0 stata data risposta su questo sito web).<\/strong><\/p>\n<p style=\"text-align: center;\">&#8212;&#8212;&#8212;&#8212;&#8212;&#8212;&#8212;&#8212;&#8212;&#8212;&#8212;&#8212;&#8212;&#8212;&#8212;&#8212;&#8212;&#8212;-<\/p>\n<p style=\"text-align: justify;\">Per comunicare il <strong>cambio d&#8217;indirizzo<\/strong> seguire le istruzioni contenute nella pagina <strong><a href=\"https:\/\/consrecife.esteri.it\/it\/servizi-consolari-e-visti\/servizi-per-il-cittadino-italiano\/anagrafe-degli-italiani-residenti-allestero-aire\/\">Anagrafe<\/a>.<\/strong><\/p>\n<p style=\"text-align: justify;\">Per comunicare i <strong>cambiamenti di Stato Civile<\/strong> (nascita figli\/matrimoni\/divorzio ecc.) seguire le istruzioni contenute nella pagina <a href=\"https:\/\/consrecife.esteri.it\/it\/servizi-consolari-e-visti\/servizi-per-il-cittadino-italiano\/stato-civile\/\"><strong>Stato Civile<\/strong><\/a>.<\/p>\n<p style=\"text-align: justify;\">Per verificare i propri dati anagrafici gli utenti sono invitati ad accedere al <strong><a href=\"https:\/\/serviziconsolari.esteri.it\/ScoFE\/\">Portale Istituzionale FASTit<\/a><\/strong> tramite il quale sar\u00e0 possibile verificare gli aggiornamenti richiesti e conclusi.<\/p>\n","protected":false},"excerpt":{"rendered":"ATTENZIONE: leggere le istruzioni prima di procedere alla prenotazione per il rilascio dei documenti PASSAPORTO Chi pu\u00f2 richiederlo Possono richiedere il passaporto presso il Consolato d\u2019Italia in Recife, o presso i Consolati onorari di Salvador e di Fortaleza, tutti i cittadini italiani residenti negli Stati di Alagoas, Bahia, Cear\u00e1, Maranh\u00e3o, Para\u00edba, Pernambuco, Piau\u00ed, Rio Grande [&hellip;]","protected":false},"author":3,"featured_media":0,"parent":70,"menu_order":0,"comment_status":"closed","ping_status":"closed","template":"","meta":{"footnotes":""},"class_list":["post-174","page","type-page","status-publish","hentry"],"_links":{"self":[{"href":"https:\/\/consrecife.esteri.it\/it\/wp-json\/wp\/v2\/pages\/174","targetHints":{"allow":["GET"]}}],"collection":[{"href":"https:\/\/consrecife.esteri.it\/it\/wp-json\/wp\/v2\/pages"}],"about":[{"href":"https:\/\/consrecife.esteri.it\/it\/wp-json\/wp\/v2\/types\/page"}],"author":[{"embeddable":true,"href":"https:\/\/consrecife.esteri.it\/it\/wp-json\/wp\/v2\/users\/3"}],"replies":[{"embeddable":true,"href":"https:\/\/consrecife.esteri.it\/it\/wp-json\/wp\/v2\/comments?post=174"}],"version-history":[{"count":7,"href":"https:\/\/consrecife.esteri.it\/it\/wp-json\/wp\/v2\/pages\/174\/revisions"}],"predecessor-version":[{"id":5381,"href":"https:\/\/consrecife.esteri.it\/it\/wp-json\/wp\/v2\/pages\/174\/revisions\/5381"}],"up":[{"embeddable":true,"href":"https:\/\/consrecife.esteri.it\/it\/wp-json\/wp\/v2\/pages\/70"}],"wp:attachment":[{"href":"https:\/\/consrecife.esteri.it\/it\/wp-json\/wp\/v2\/media?parent=174"}],"curies":[{"name":"wp","href":"https:\/\/api.w.org\/{rel}","templated":true}]}}