{"id":175,"date":"2022-12-14T19:10:42","date_gmt":"2022-12-14T18:10:42","guid":{"rendered":"https:\/\/consrecife.esteri.it\/?page_id=175"},"modified":"2026-03-26T12:53:42","modified_gmt":"2026-03-26T15:53:42","slug":"anagrafe-degli-italiani-residenti-allestero-aire","status":"publish","type":"page","link":"https:\/\/consrecife.esteri.it\/it\/servizi-consolari-e-visti\/servizi-per-il-cittadino-italiano\/anagrafe-degli-italiani-residenti-allestero-aire\/","title":{"rendered":"Anagrafe degli Italiani residenti all\u2019estero (AIRE)"},"content":{"rendered":"<p style=\"text-align: justify;\">I cittadini italiani all\u2019estero, che trasferiscono la propria residenza per un periodo superiore a 12 mesi, hanno l\u2019obbligo di informare il Consolato competente territorialmente, <strong>entro 90 giorni<\/strong> dall\u2019arrivo nel paese straniero, per richiedere al Comune italiano di provenienza, per il tramite dello stesso Consolato, l\u2019iscrizione all\u2019A.I.R.E. (Anagrafe Italiani Residenti all\u2019Estero \u2013 di competenza del Comune).<\/p>\n<p style=\"text-align: justify;\">L\u2019iscrizione all\u2019AIRE \u00e8 un diritto-dovere del cittadino (art. 6 legge 470\/1988) e costituisce il presupposto per usufruire di una serie di servizi forniti dalle Rappresentanze consolari all\u2019estero (es. passaporto), nonch\u00e9 per l\u2019esercizio di importanti diritti, quali ad esempio diritto di voto alle consultazioni politiche e referendarie.<\/p>\n<p style=\"text-align: justify;\"><strong>MODALIT\u00c0 DI ISCRIZIONE ALL\u2019AIRE<\/strong><\/p>\n<p style=\"text-align: justify;\">L\u2019iscrizione all\u2019AIRE \u00e8 GRATUITA e va inoltrata tramite il Portale \u201c<a href=\"https:\/\/serviziconsolari.esteri.it\/ScoFE\/index.sco\">FAST IT<\/a>\u201c, previa registrazione dell\u2019utente nel sistema. Questa procedura permette al cittadino di chiedere l\u2019iscrizione AIRE compilando on-line il form di iscrizione e allegando il documento d\u2019identit\u00e0 in corso di validit\u00e0 (Passaporto o carta d\u2019identit\u00e0 emessa da meno di 10 anni. Non sono accettati patenti di guida o documenti\/tessere di classi lavorative) e la prova di residenza a nome del richiedente, emessa da non pi\u00f9 di 3 mesi, nella quale risulti l&#8217;indirizzo completo, direttamente in formato elettronico. Veda la lista delle prove di residenza accettate <a href=\"https:\/\/consrecife.esteri.it\/it\/servizi-consolari-e-visti\/servizi-per-il-cittadino-italiano\/altri-servizi\/comprovanti-dindirizzo\/\">QUI<\/a>. <strong>Nei casi di richiedenti che non siano in possesso\u00a0 della cittadinanza brasiliana, deve anche essere presentato il RNE o RNM.<\/strong><\/p>\n<p style=\"text-align: justify;\">Si sottolinea che dopo la registrazione al portale e dopo aver attivato il proprio account, \u00e8 necessario accedere nuovamente al portale e procedere con l\u2019iscrizione selezionando \u201cAnagrafe Consolare e aire\u201d tra i servizi disponibili.<\/p>\n<p>Per le richieste nelle quale siano presenti <strong>figli minori<\/strong>, entrambi i genitori devono firmare il <a href=\"https:\/\/consrecife.esteri.it\/wp-content\/uploads\/2026\/03\/dichiarazione_sostitutiva_di_certificazione_2026.pdf\">modulo di domanda<\/a>\u00a0e allegare il proprio documento d\u2019identit\u00e0 in corso di validit\u00e0. Nei casi in cui <strong>l\u2019altro genitore non sia cittadino italiano,<\/strong> il modulo deve essere allegato al portale con il <strong>riconoscimento della firma per autenticit\u00e0 del genitore straniero<\/strong> e, in seguito, deve essere inviato per posta raccomandata all\u2019indirizzo di questo Consolato. In alternativa, \u00e8 possibile richiedere per e-mail l\u2019appuntamento per la presentazione e firma della richiesta alla presenza funzionario consolare, che far\u00e0 il riconoscimento della firma del genitore straniero.<\/p>\n<p style=\"text-align: justify;\"><strong>Le richieste incomplete e che non rispettino le esigenze del portale saranno rigettate.\u00a0Il Consolato si riserva il diritto di chiedere documenti aggiuntivi, oltre a quelli obbligatori sopra citati.<\/strong><\/p>\n<p style=\"text-align: justify;\">Solo per le persone\u00a0<u>ultra ottantenni<\/u>, la domanda pu\u00f2 essere presentata per mail o personalmente presso il Consolato d\u2019Italia a Recife, su appuntamento da fissare scrivendo all\u2019email <a href=\"mailto:anagrafe.recife@esteri.it\">anagrafe.recife@esteri.it<\/a>\u00a0, presentando la seguente documentazione:<\/p>\n<ol style=\"text-align: justify;\">\n<li><a href=\"https:\/\/consrecife.esteri.it\/wp-content\/uploads\/2026\/03\/dichiarazione_sostitutiva_di_certificazione_2026.pdf\">Modulo anagrafico<\/a>\u00a0(stampare fronte e retro in un unico foglio), compilare e firmare di proprio pugno;<\/li>\n<li>Fotocopia del passaporto valido e\/o carta d\u2019identit\u00e0 emessa da non pi\u00f9 di 10 anni (non sono accettate patenti di guida o documenti\/tessere di classi lavorative);<\/li>\n<li>Fotocopia della prova di residenza, emessa da non pi\u00f9 di 3 mesi, a nome del richiedente, nella quale risulti l\u2019indirizzo completo. Veda la lista delle prove di residenza accettate <a href=\"https:\/\/consrecife.esteri.it\/it\/servizi-consolari-e-visti\/servizi-per-il-cittadino-italiano\/altri-servizi\/comprovanti-dindirizzo\/\">QUI<\/a>. Nei casi di richiedenti che non siano in possesso della cittadinanza brasiliana, deve essere presentato anche il RNE o RNM;<\/li>\n<li>Fotocopia degli atti di stato civile emessi dal Comune di riferimento (certificato italiano di nascita nel quale venga dichiarata la cittadinanza italiana e la sua modalit\u00e0 di acquisizione, matrimonio, residenza, ecc.).<\/li>\n<\/ol>\n<p><span style=\"text-decoration: underline;\"><strong>NOTA BENE: Nei casi di cittadini che possiedano gi\u00e0 un profilo\/fascicolo individuale presso questa sede, ma con uno dei seguenti stati: \u201cin altra sede\/Trasferito\u201d, \u201cIrreperibile\u201d o \u201cIn Italia\/cancellato\u201d, e nei casi di figli minori di genitore italiano\/a gi\u00e0 iscritto\/a presso questa sede, la documentazione sopra indicata pu\u00f2 essere inviata anche tramite raccomandata o SEDEX.<\/strong><\/span><\/p>\n<p style=\"text-align: justify;\"><strong>CAMBIO DI INDIRIZZO<\/strong><\/p>\n<p style=\"text-align: justify;\">Il Portale FAST \u2013IT consente, agli utenti registrati, di comunicare on\u2013line anche il cambio di indirizzo nella stessa circoscrizione consolare, tramite la nuova funzionalit\u00e0 \u201ccomunicazione della variazione di residenza- RCR\u201d.<\/p>\n<p style=\"text-align: justify;\">NB: Non \u00e8 invece possibile aggiornare il proprio stato civile tramite portale FAST IT dato che la documentazione ORIGINALE deve essere inviata tramite POSTA RACCOMANDATA, come da istruzioni contenute alla pagina <a href=\"https:\/\/consrecife.esteri.it\/it\/servizi-consolari-e-visti\/servizi-per-il-cittadino-italiano\/stato-civile\/\">stato civile<\/a> di questo sito web.<\/p>\n<p style=\"text-align: justify;\"><strong>COME CONTATTARE L\u2019UFFICIO AIRE<\/strong><\/p>\n<p style=\"text-align: justify;\">Qualsiasi richiesta di informazioni all\u2019ufficio AIRE va indirizzata all\u2019indirizzo email\u00a0<a href=\"mailto:anagrafe.recife@esteri.it\">anagrafe.recife@esteri.it<\/a>, indicando obbligatoriamente le seguenti informazioni: nome completo, data e luogo di nascita e allegando una copia di un documento di identit\u00e0 in corso di validit\u00e0, con foto (Passaporto o carta d&#8217;identit\u00e0 emessa da non pi\u00f9 di 10 anni. Non sono accettati patenti di guida o documenti\/tessere di classi lavorative). Le richieste prive di tali dati non potranno essere evase.<\/p>\n<p style=\"text-align: justify;\">Si informa che non si dar\u00e0 seguito ai messaggi recanti domande le cui risposte sono gi\u00e0 presenti su questo sito web o a richieste inviate per conto di terzi, se non dotati di apposita delega con <a href=\"https:\/\/consrecife.esteri.it\/it\/servizi-consolari-e-visti\/servizi-per-il-cittadino-italiano\/traduzione-e-legalizzazione-dei-documenti\/\">Apostille dell&#8217;Aia<\/a>.<\/p>\n<p style=\"text-align: justify;\">Si ricorda infine che il\u00a0<strong>termine massimo di legge<\/strong>\u00a0per la lavorazione delle pratiche <strong>d\u2019iscrizione\/aggiornamento AIRE \u00e8 di 180 giorni a partire dalla presentazione della domanda\u00a0<u>completa<\/u>\u00a0<\/strong>di tutti i documenti necessari. Eventuali richieste di sollecito non saranno dunque prese in considerazione prima dello scadere del termine predetto.<\/p>\n","protected":false},"excerpt":{"rendered":"I cittadini italiani all\u2019estero, che trasferiscono la propria residenza per un periodo superiore a 12 mesi, hanno l\u2019obbligo di informare il Consolato competente territorialmente, entro 90 giorni dall\u2019arrivo nel paese straniero, per richiedere al Comune italiano di provenienza, per il tramite dello stesso Consolato, l\u2019iscrizione all\u2019A.I.R.E. (Anagrafe Italiani Residenti all\u2019Estero \u2013 di competenza del Comune). [&hellip;]","protected":false},"author":3,"featured_media":0,"parent":70,"menu_order":4,"comment_status":"closed","ping_status":"closed","template":"","meta":{"footnotes":""},"class_list":["post-175","page","type-page","status-publish","hentry"],"_links":{"self":[{"href":"https:\/\/consrecife.esteri.it\/it\/wp-json\/wp\/v2\/pages\/175","targetHints":{"allow":["GET"]}}],"collection":[{"href":"https:\/\/consrecife.esteri.it\/it\/wp-json\/wp\/v2\/pages"}],"about":[{"href":"https:\/\/consrecife.esteri.it\/it\/wp-json\/wp\/v2\/types\/page"}],"author":[{"embeddable":true,"href":"https:\/\/consrecife.esteri.it\/it\/wp-json\/wp\/v2\/users\/3"}],"replies":[{"embeddable":true,"href":"https:\/\/consrecife.esteri.it\/it\/wp-json\/wp\/v2\/comments?post=175"}],"version-history":[{"count":6,"href":"https:\/\/consrecife.esteri.it\/it\/wp-json\/wp\/v2\/pages\/175\/revisions"}],"predecessor-version":[{"id":5641,"href":"https:\/\/consrecife.esteri.it\/it\/wp-json\/wp\/v2\/pages\/175\/revisions\/5641"}],"up":[{"embeddable":true,"href":"https:\/\/consrecife.esteri.it\/it\/wp-json\/wp\/v2\/pages\/70"}],"wp:attachment":[{"href":"https:\/\/consrecife.esteri.it\/it\/wp-json\/wp\/v2\/media?parent=175"}],"curies":[{"name":"wp","href":"https:\/\/api.w.org\/{rel}","templated":true}]}}