{"id":182,"date":"2022-12-14T19:14:18","date_gmt":"2022-12-14T18:14:18","guid":{"rendered":"https:\/\/consrecife.esteri.it\/?page_id=182"},"modified":"2026-02-19T13:18:32","modified_gmt":"2026-02-19T16:18:32","slug":"autoveicoli-e-patenti-di-guida","status":"publish","type":"page","link":"https:\/\/consrecife.esteri.it\/it\/servizi-consolari-e-visti\/servizi-per-il-cittadino-italiano\/autoveicoli-e-patenti-di-guida\/","title":{"rendered":"Autoveicoli e Patenti di guida"},"content":{"rendered":"<p><strong>Patenti di guida<\/strong><\/p>\n<p>I titolari di patente di guida italiana residenti o dimoranti per un periodo di almeno 6 mesi negli Stati di Alagoas, Bahia, Cear\u00e1, Maranh\u00e3o, Para\u00edba, Pernambuco, Piau\u00ed, Rio Grande do Norte e Sergipe e regolarmente iscritti in A.I.R.E., possono ottenere presso il Consolato d\u2019Italia in Recife la conferma della validit\u00e0 della loro patente di guida italiana, scaduta da non pi\u00f9 di cinque anni e non rientrante nei casi previsti all\u2019art. 119, commi 2-bis e 4 del Codice della Strada (patenti di conducenti affetti da diabete o la cui idoneit\u00e0 psicofisica deve essere certificata da apposite commissioni mediche).<\/p>\n<p>Per confermare la validit\u00e0 della patente di guida italiana l\u2019interessato deve:<\/p>\n<ul>\n<li>ottenere lo specifico certificato medico abilitativo, corredato di foto e predisposto <strong>unicamente<\/strong> sul <a href=\"https:\/\/consrecife.esteri.it\/wp-content\/uploads\/2024\/03\/modello-certificato-medico.doc\">modello<\/a> stabilito. L\u2019utente potr\u00e0 fissare un appuntamento per la visita medica, con costo a proprio carico, con uno dei <a href=\"https:\/\/consrecife.esteri.it\/wp-content\/uploads\/2026\/02\/MEDICO-DI-FIDUCIA-E-MEDICI-DI-RIFERIMENTO.pdf\">medici abilitati<\/a>, richiedendo il rilascio del certificato. Nell\u2019occasione andranno consegnati al medico gli esami del sangue dai quali risulti che il richiedente non sia affetto da diabete (glucosi) ed il referto della visita oftalmologica effettuata. Il certificato dovr\u00e0 poi riportare l\u2019autentica notarile <u>della firma del medico &#8220;por autenticidade&#8221;<\/u>\u00a0da richiedere al Cart\u00f3rio brasiliano di competenza.<\/li>\n<li>In qualunque caso ed indipendentemente dallo Stato di residenza (semprech\u00e9 compreso tra quelli di competenza di questo Consolato d\u2019Italia in Recife), l\u2019utente pu\u00f2 fissare un appuntamento per la visita medica, con costo a proprio carico, con il medico di fiducia di questo Consolato, dottor Jos\u00e9 Angelo Rizzo &#8211; Rua Fernando Sim\u00f5es Barbosa 266, Edf. Wecon 6, Sala 804, Tel. \u00a0(81) 3201 7603\u00a0 &#8211;\u00a0 3034 2555 \u2013 8673 3693,\u00a0 Recife \u2013 nominato con specifico Decreto Consolare, al quale andranno consegnati gli esami del sangue dai quali risulti che il richiedente non sia affetto da diabete (glucosi) ed il referto della visita oftalmologica effettuata. Solo in questo caso non occorre autentica della firma in Cart\u00f3rio. <strong>Il dottor Rizzo \u2013 se esplicitamente sollecitato ed alle condizioni che lui stesso indicher\u00e0 al momento della richiesta \u2013 potr\u00e0 provvedere al rilascio del certificato medico abilitativo anche per i connazionali che non risiedano nella citt\u00e0 di Recife<\/strong>;<\/li>\n<\/ul>\n<p><u>Spedire<\/u> al Consolato d\u2019Italia in Recife:<\/p>\n<ul>\n<li style=\"list-style-type: none;\">\n<ul>\n<li><strong>la <a href=\"https:\/\/consrecife.esteri.it\/wp-content\/uploads\/2025\/03\/modulo-richiesta-rinnovo-patente-di-guida.doc\">domanda<\/a> <\/strong>di rinnovo, <strong>compilata e sottoscritta<\/strong>,<\/li>\n<li>la patente (originale) scaduta da non pi\u00f9 di cinque anni<\/li>\n<li>il certificato medico (munito di foto), ottenuto nel rispetto delle disposizioni sopra richiamate<\/li>\n<li>copia del passaporto italiano<\/li>\n<li>ricevuta del pagamento della tassa di rinnovo (<a href=\"https:\/\/consrecife.esteri.it\/it\/servizi-consolari-e-visti\/servizi-per-il-cittadino-italiano\/altri-servizi\/tariffe-consolari\/\">Tariffe consolari \u2013 Consolato d&#8217;Italia Recife (esteri.it)<\/a>)<\/li>\n<li><a href=\"https:\/\/consrecife.esteri.it\/it\/servizi-consolari-e-visti\/servizi-per-il-cittadino-italiano\/altri-servizi\/comprovanti-dindirizzo\/\">comprovanti<\/a> della dimora nella Circoscrizione Consolare da almeno 6 mesi<\/li>\n<li>una busta preaffrancata, con indirizzo di consegna, per la restituzione al richiedente, qualora si desideri la restituzione direttamente al proprio domicilio. Per entrambe le buste (invio e restituzione) si consiglia l\u2019utilizzo di modalit\u00e0 tracciabile (p.es. USPS, Fedex, DHL, Sedex).<\/li>\n<\/ul>\n<\/li>\n<\/ul>\n<p>La riconsegna della patente di guida rinnovata pu\u00f2 avvenire direttamente al proprio domicilio (via corriere, v. sopra), attraverso i Consolati Onorari di Salvador e Fortaleza, l\u2019Agenzia Consolare di Sa\u00f4 Luis (occorre indicarlo all\u2019atto della domanda), i Corrispondenti Consolari, oppure potr\u00e0 essere ritirata personalmente in Consolato (Rua Padre Carapuceiro 706, 13.mo piano, Boa Viagem, Recife) tutti i venerd\u00ec dalle 9.30 alle 12.30, senza necessit\u00e0 di appuntamento, se specificato al momento della richiesta.<\/p>\n<p>Il rinnovo della patente di guida effettuato presso una Rappresentanza diplomatica \u00e8 valido per la guida di veicoli sia in Italia che all\u2019estero, ma una volta riacquisita la residenza o la dimora in Italia, la patente di guida dovr\u00e0 essere confermata dal competente Ufficio Centrale del Dipartimento per i Trasporti, la navigazione ed i sistemi informativi e statistici.<\/p>\n<p><strong>Per guidare all\u2019estero i cittadini italiani sono soggetti a regole differenti a seconda del Paese nel <em>quale si rechino: <\/em><\/strong><a href=\"https:\/\/www.esteri.it\/it\/servizi-consolari-e-visti\/italiani-all-estero\/autoveicoli_e_patenti\/patenteguida\/\"><em>Patente di guida \u2013 Ministero degli Affari Esteri e della Cooperazione Internazionale<\/em><\/a><\/p>\n","protected":false},"excerpt":{"rendered":"Patenti di guida I titolari di patente di guida italiana residenti o dimoranti per un periodo di almeno 6 mesi negli Stati di Alagoas, Bahia, Cear\u00e1, Maranh\u00e3o, Para\u00edba, Pernambuco, Piau\u00ed, Rio Grande do Norte e Sergipe e regolarmente iscritti in A.I.R.E., possono ottenere presso il Consolato d\u2019Italia in Recife la conferma della validit\u00e0 della loro [&hellip;]","protected":false},"author":3,"featured_media":0,"parent":70,"menu_order":18,"comment_status":"closed","ping_status":"closed","template":"","meta":{"footnotes":""},"class_list":["post-182","page","type-page","status-publish","hentry"],"_links":{"self":[{"href":"https:\/\/consrecife.esteri.it\/it\/wp-json\/wp\/v2\/pages\/182","targetHints":{"allow":["GET"]}}],"collection":[{"href":"https:\/\/consrecife.esteri.it\/it\/wp-json\/wp\/v2\/pages"}],"about":[{"href":"https:\/\/consrecife.esteri.it\/it\/wp-json\/wp\/v2\/types\/page"}],"author":[{"embeddable":true,"href":"https:\/\/consrecife.esteri.it\/it\/wp-json\/wp\/v2\/users\/3"}],"replies":[{"embeddable":true,"href":"https:\/\/consrecife.esteri.it\/it\/wp-json\/wp\/v2\/comments?post=182"}],"version-history":[{"count":7,"href":"https:\/\/consrecife.esteri.it\/it\/wp-json\/wp\/v2\/pages\/182\/revisions"}],"predecessor-version":[{"id":5482,"href":"https:\/\/consrecife.esteri.it\/it\/wp-json\/wp\/v2\/pages\/182\/revisions\/5482"}],"up":[{"embeddable":true,"href":"https:\/\/consrecife.esteri.it\/it\/wp-json\/wp\/v2\/pages\/70"}],"wp:attachment":[{"href":"https:\/\/consrecife.esteri.it\/it\/wp-json\/wp\/v2\/media?parent=182"}],"curies":[{"name":"wp","href":"https:\/\/api.w.org\/{rel}","templated":true}]}}