{"id":266,"date":"2023-01-19T20:04:25","date_gmt":"2023-01-19T23:04:25","guid":{"rendered":"https:\/\/consrecife.esteri.it\/?page_id=266"},"modified":"2025-07-10T16:23:47","modified_gmt":"2025-07-10T19:23:47","slug":"cittadinanza-per-discendenza-iure-sanguinis","status":"publish","type":"page","link":"https:\/\/consrecife.esteri.it\/it\/servizi-consolari-e-visti\/servizi-per-il-cittadino-straniero\/cittadinanza\/cittadinanza-per-discendenza-iure-sanguinis\/","title":{"rendered":"Cittadinanza per discendenza (Iure Sanguinis)"},"content":{"rendered":"<p><em>La cittadinanza iure sanguinis p\u00f9o essere riconosciuta, nel rispetto della <strong>normativa applicabile al 27 marzo 2025<\/strong>, all&#8217;interessato che:<\/em><\/p>\n<p><em>&#8211; Ha presentato all\u2019ufficio consolare o al sindaco competenti domanda, corredata della necessaria documentazione,\u00a0 <strong>non oltre le 23:59, ora di Roma, del 27 marzo 2025;<\/strong><\/em><\/p>\n<p><em>&#8211; Presenti all\u2019ufficio consolare o al sindaco competenti domanda, corredata della necessaria documentazione, nel giorno indicato da <strong>appuntamento comunicato all\u2019interessato dall\u2019ufficio competente<\/strong> entro le 23:59, ora di Roma, della medesima data del 27 marzo 2025;<\/em><\/p>\n<p><em>&#8211; Ha presentato <strong>domanda giudiziale <\/strong>non oltre le 23:59, ora di Roma, <strong>del 27 marzo 2025.<\/strong><\/em><\/p>\n<p>Oltre ai casi sopra citati, i<em>n base alla nuova legge n.91 del 1992 \u00e8 riconosciuto cittadino italiano iure sanguinis (dalla nascita) chi:<\/em><\/p>\n<p><em>&#8211;\u00a0 Ha un ascendente di primo o di secondo grado che possiede, o possedeva al momento della morte, <strong>esclusivamente la cittadinanza italiana;<br \/>\n<\/strong>&#8211; <\/em><em>Ha un genitore o adottante che sia stato <strong>residente in Italia per almeno due anni continuativi<\/strong> successivamente all\u2019acquisto della cittadinanza italiana e <strong>prima della data di nascita o di adozione del figlio.<\/strong><\/em><\/p>\n<p><strong>ATTENZIONE:<\/strong> Anche la trascrizione degli atti di <strong>nascita di figli minori<\/strong> seguir\u00e0 il disposto della legge n. 74 del 2025 (vedasi al riguardo la pagina Stato civile di questo sito \u2013 <a href=\"https:\/\/consrecife.esteri.it\/it\/servizi-consolari-e-visti\/servizi-per-il-cittadino-italiano\/stato-civile\/nascita\/\"><strong>qui<\/strong><\/a>)<\/p>\n<p>Per la <strong>necessaria documentazione da presentare<\/strong>, gli interessati dovranno fornire quanto previsto dalla Circolare K.28.1 dell\u20198 aprile 1991 del Ministero dell\u2019Interno, ovverosia:<\/p>\n<ol>\n<li>Estratto dell\u2019atto di nascita dell\u2019avo italiano emigrato all\u2019estero rilasciato dal Comune italiano ove egli nacque;<\/li>\n<li>Atti di nascita, muniti di traduzione ufficiale italiana, di tutti i suoi discendenti in linea retta, compreso quello della persona rivendicante il possesso della cittadinanza italiana. Gli atti formati all&#8217;estero e le rispettive traduzioni devono essere accompagnate dell&#8217;<strong>apostile dell&#8217;Aia<\/strong>;<\/li>\n<li>Atto di matrimonio dell\u2019avo italiano emigrato all\u2019estero, munito di apostile e traduzione ufficiale italiana con apostile, <strong>se formato all\u2019estero<\/strong>;<\/li>\n<li>Atti di matrimonio dei suoi discendenti, in linea retta, compreso quello dei genitori della persona revindicante il possesso della cittadinanza italiana. Gli atti formati all&#8217;estero e le rispettive traduzioni devono essere accompagnate dell&#8217;apostile dell&#8217;Aia;;<\/li>\n<li>Certificato rilasciato dalle competenti Autorit\u00e0 dello Stato estero di emigrazione con apostile, munito di traduzione ufficiale in lingua italiana con apostile, attestante che l\u2019avo italiano a suo tempo emigrato dall\u2019Italia non acquist\u00f2 la cittadinanza dello Stato estero di emigrazione anteriormente alla nascita dell\u2019ascendente dell\u2019interessato;<\/li>\n<li>Certificato rilasciato dalla competente Autorit\u00e0 consolare italiana attestante che n\u00e9 gli ascendenti in linea diretta n\u00e9 la persona rivendicante il possesso della cittadinanza italiana vi abbiano mai rinunciato ai termini dell\u2019art. 7 della legge 13 giugno 1912, n. 555;<\/li>\n<li>Certificato di residenza (Veda lista delle prove di residenza accetate da questa sede <a href=\"https:\/\/consrecife.esteri.it\/it\/servizi-consolari-e-visti\/servizi-per-il-cittadino-italiano\/altri-servizi\/comprovanti-dindirizzo\/\">QUI<\/a>).<\/li>\n<\/ol>\n<p>Per l\u2019applicazione della <strong>nuova normativa<\/strong>, si dovranno <u>inoltre<\/u> produrre:<\/p>\n<ul>\n<li>Per dimostrare l\u2019esclusivo possesso della cittadinanza italiana (a titolo esemplificativo):\n<ul>\n<li>Certificati negativi di cittadinanza;<\/li>\n<li>Attestazioni di rinuncia alla cittadinanza straniera;<\/li>\n<li>Certificati di non iscrizione alle liste elettorali;<\/li>\n<\/ul>\n<\/li>\n<li>Per dimostrare l\u2019avvenuta residenza in Italia per almeno due anni continuativi;\n<ul>\n<li>Certificato storico di cittadinanza.<\/li>\n<\/ul>\n<\/li>\n<\/ul>\n","protected":false},"excerpt":{"rendered":"La cittadinanza iure sanguinis p\u00f9o essere riconosciuta, nel rispetto della normativa applicabile al 27 marzo 2025, all&#8217;interessato che: &#8211; Ha presentato all\u2019ufficio consolare o al sindaco competenti domanda, corredata della necessaria documentazione,\u00a0 non oltre le 23:59, ora di Roma, del 27 marzo 2025; &#8211; Presenti all\u2019ufficio consolare o al sindaco competenti domanda, corredata della necessaria [&hellip;]","protected":false},"author":4,"featured_media":0,"parent":184,"menu_order":0,"comment_status":"closed","ping_status":"closed","template":"","meta":{"footnotes":""},"class_list":["post-266","page","type-page","status-publish","hentry"],"_links":{"self":[{"href":"https:\/\/consrecife.esteri.it\/it\/wp-json\/wp\/v2\/pages\/266","targetHints":{"allow":["GET"]}}],"collection":[{"href":"https:\/\/consrecife.esteri.it\/it\/wp-json\/wp\/v2\/pages"}],"about":[{"href":"https:\/\/consrecife.esteri.it\/it\/wp-json\/wp\/v2\/types\/page"}],"author":[{"embeddable":true,"href":"https:\/\/consrecife.esteri.it\/it\/wp-json\/wp\/v2\/users\/4"}],"replies":[{"embeddable":true,"href":"https:\/\/consrecife.esteri.it\/it\/wp-json\/wp\/v2\/comments?post=266"}],"version-history":[{"count":5,"href":"https:\/\/consrecife.esteri.it\/it\/wp-json\/wp\/v2\/pages\/266\/revisions"}],"predecessor-version":[{"id":4428,"href":"https:\/\/consrecife.esteri.it\/it\/wp-json\/wp\/v2\/pages\/266\/revisions\/4428"}],"up":[{"embeddable":true,"href":"https:\/\/consrecife.esteri.it\/it\/wp-json\/wp\/v2\/pages\/184"}],"wp:attachment":[{"href":"https:\/\/consrecife.esteri.it\/it\/wp-json\/wp\/v2\/media?parent=266"}],"curies":[{"name":"wp","href":"https:\/\/api.w.org\/{rel}","templated":true}]}}