{"id":318,"date":"2023-01-17T16:12:55","date_gmt":"2023-01-17T15:12:55","guid":{"rendered":"https:\/\/consrecife.esteri.it\/?page_id=318"},"modified":"2024-05-22T06:32:47","modified_gmt":"2024-05-22T09:32:47","slug":"visto-turistico","status":"publish","type":"page","link":"https:\/\/consrecife.esteri.it\/it\/servizi-consolari-e-visti\/servizi-per-il-cittadino-straniero\/visti\/tipologie-di-visto\/visto-turistico\/","title":{"rendered":"Visto turistico"},"content":{"rendered":"<p><strong>I cittadini brasiliani non hanno bisogno di un visto per permanenze inferiori o uguali a 90 gg. <\/strong>Non \u00e8 previsto un visto di turismo per periodi maggiori, quindi, in generale, <u>i brasiliani non hanno bisogno di un visto turistico<\/u>.<\/p>\n<p>Il visto turistico \u00e8 richiesto solo per alcune nazionalit\u00e0, per sapere quali nazionalit\u00e0\u00a0necessitano\u00a0di visto turistico\u00a0si consiglia di visitare il sito <a href=\"http:\/\/vistoperitalia.esteri.it\/\"><strong>http:\/\/vistoperitalia.esteri.it<\/strong><\/a><\/p>\n<p>Per\u00a0richiedere\u00a0il visto turistico \u00e8 necessario presentare:<\/p>\n<ul>\n<li>Copia autenticata del\u00a0RNE per gli stranieri regolarmente residenti in Brasile;<\/li>\n<li>il <a href=\"https:\/\/consrecife.esteri.it\/wp-content\/uploads\/2023\/05\/Modulo-Visto-C.pdf\">Modulo Visto C<\/a>\u00a0compilato;<\/li>\n<li>il <a href=\"https:\/\/consrecife.esteri.it\/wp-content\/uploads\/2023\/05\/FORMULARIO-RESUMIDO.doc\">Modulo riassuntivo<\/a>\u00a0compilato con PC;<\/li>\n<li>\u00e8 necessario adeguati mezzi economici di sostentamento, in relazione al periodo di soggiorno richiesto, non inferiori a quelli previsti dalla \u201cTabella A\u201d della Direttiva del Ministero dell\u2019Interno del 1.3.2000;<\/li>\n<li>presentare tutte le prenotazioni o acquisti dei soggiorni e relativi trasferimenti previsti nell\u2019intero viaggio o <a href=\"https:\/\/consrecife.esteri.it\/wp-content\/uploads\/2023\/05\/lettera-invito-ufficiale.pdf\">Lettera d\u2019invito<\/a>\u00a0per tutto il periodo della permanenza in Italia o Area Shengen.<\/li>\n<li>Assicurazione di viaggio con copertura minima di 30.000 euro<\/li>\n<li>Biglietto o prenotazione del volo di andata <strong><u>e ritorno<\/u><\/strong> entro 90 giorni, ricordando che in caso di prenotazione al momento dell&#8217;acquisto del biglietto sar\u00e0 necessario mantenere gli stessi scali aeroportuali indicati nella prenotazione del volo.<\/li>\n<li>Tutta la documentazione\u00a0elencata qui sopra e nella sezione &#8220;INFORMAZIONI GENERALI PER TUTTI I TIPI DI VISTO\/1. <a href=\"https:\/\/consrecife.esteri.it\/consolato_recife\/it\/i_servizi\/per_chi_si_reca_in_italia\/tipologie-di-visto.html#documenti\"><strong>Documentazione<\/strong><\/a>&#8221;\u00a0dovr\u00e0 essere necessariamente presentata debitamente STAMPATA (NON sar\u00e0 accettata se presentata sul cellulare o inviata per email).<\/li>\n<\/ul>\n","protected":false},"excerpt":{"rendered":"I cittadini brasiliani non hanno bisogno di un visto per permanenze inferiori o uguali a 90 gg. Non \u00e8 previsto un visto di turismo per periodi maggiori, quindi, in generale, i brasiliani non hanno bisogno di un visto turistico. Il visto turistico \u00e8 richiesto solo per alcune nazionalit\u00e0, per sapere quali nazionalit\u00e0\u00a0necessitano\u00a0di visto turistico\u00a0si consiglia [&hellip;]","protected":false},"author":4,"featured_media":0,"parent":260,"menu_order":0,"comment_status":"closed","ping_status":"closed","template":"","meta":{"footnotes":""},"class_list":["post-318","page","type-page","status-publish","hentry"],"_links":{"self":[{"href":"https:\/\/consrecife.esteri.it\/it\/wp-json\/wp\/v2\/pages\/318","targetHints":{"allow":["GET"]}}],"collection":[{"href":"https:\/\/consrecife.esteri.it\/it\/wp-json\/wp\/v2\/pages"}],"about":[{"href":"https:\/\/consrecife.esteri.it\/it\/wp-json\/wp\/v2\/types\/page"}],"author":[{"embeddable":true,"href":"https:\/\/consrecife.esteri.it\/it\/wp-json\/wp\/v2\/users\/4"}],"replies":[{"embeddable":true,"href":"https:\/\/consrecife.esteri.it\/it\/wp-json\/wp\/v2\/comments?post=318"}],"version-history":[{"count":1,"href":"https:\/\/consrecife.esteri.it\/it\/wp-json\/wp\/v2\/pages\/318\/revisions"}],"predecessor-version":[{"id":3402,"href":"https:\/\/consrecife.esteri.it\/it\/wp-json\/wp\/v2\/pages\/318\/revisions\/3402"}],"up":[{"embeddable":true,"href":"https:\/\/consrecife.esteri.it\/it\/wp-json\/wp\/v2\/pages\/260"}],"wp:attachment":[{"href":"https:\/\/consrecife.esteri.it\/it\/wp-json\/wp\/v2\/media?parent=318"}],"curies":[{"name":"wp","href":"https:\/\/api.w.org\/{rel}","templated":true}]}}