{"id":330,"date":"2023-01-17T16:19:48","date_gmt":"2023-01-17T15:19:48","guid":{"rendered":"https:\/\/consrecife.esteri.it\/?page_id=330"},"modified":"2024-05-22T06:35:22","modified_gmt":"2024-05-22T09:35:22","slug":"visto-di-reingresso","status":"publish","type":"page","link":"https:\/\/consrecife.esteri.it\/it\/servizi-consolari-e-visti\/servizi-per-il-cittadino-straniero\/visti\/tipologie-di-visto\/visto-di-reingresso\/","title":{"rendered":"Visto di reingresso"},"content":{"rendered":"<p><strong>\u00a0(SI PREGA DI SCRIVERE URGENTEMENTE a <\/strong><a href=\"mailto:visti.recife@esteri.it\"><strong>visti.recife@esteri.it<\/strong><\/a><strong>)<\/strong><\/p>\n<p>Si tratta del visto\u00a0per i casi in cui il &#8220;Permesso di Soggiorno&#8221; \u00e8 scaduto da non pi\u00f9 di 60 giorni, estendibili a 180 solo in caso di gravi motivi di salute personali documentati e non \u00e8 stato rinnovato prima dell&#8217;uscita dall&#8217;Italia.<\/p>\n<p><u>Per richiedere tale visto si dovr\u00e0 comunque presentare<\/u>:<\/p>\n<ul>\n<li>Il &#8220;Permesso di Soggiorno&#8221; scaduto;<\/li>\n<li>domanda di rinnovo del &#8220;Permesso di Soggiorno&#8221; (documenti giustificativi);<\/li>\n<li>Dichiarazione firmata dal richiedente che attesti i motivi per cui il &#8220;Permesso di Soggiorno&#8221; non \u00e8 stato rinnovato o \u00e8 mancante;<\/li>\n<li>Copia autenticata di altri documenti d&#8217;identit\u00e0 italiani;<\/li>\n<li>Assicurazione di viaggio<\/li>\n<li>Prenotazione del volo, ricordando che al momento dell&#8217;acquisto del biglietto sar\u00e0 necessario mantenere gli stessi scali aeroportuali indicati nella prenotazione del volo.<\/li>\n<li><a href=\"https:\/\/consrecife.esteri.it\/wp-content\/uploads\/2023\/05\/Modulo-Visto-D.pdf\">Modulo D<\/a> compilato<\/li>\n<li><a href=\"https:\/\/consrecife.esteri.it\/wp-content\/uploads\/2023\/05\/FORMULARIO-RESUMIDO.doc\">Modulo riassuntivo<\/a> compilato su PC<\/li>\n<li>Pagamento dei diritti consolari dell&#8217;importo specifico per il tipo di visto. Il tariffario dei visti, a causa delle variazioni dei tassi di cambio, \u00e8 aggiornato trimestralmente e pubblicato nella pagina &#8220;<a href=\"https:\/\/consrecife.esteri.it\/it\/servizi-consolari-e-visti\/servizi-per-il-cittadino-italiano\/altri-servizi\/tariffe-consolari\/\">Valori Percezioni Consolari<\/a>&#8221; (Art. 29);<\/li>\n<li>Tutta la documentazione\u00a0elencata qui sopra e nella sezione &#8220;INFORMAZIONI GENERALI PER TUTTI I TIPI DI VISTO\/1. <a href=\"https:\/\/consrecife.esteri.it\/consolato_recife\/it\/i_servizi\/per_chi_si_reca_in_italia\/tipologie-di-visto.html#documenti\"><strong>Documentazione<\/strong><\/a>&#8221;\u00a0dovr\u00e0 essere necessariamente presentata debitamente STAMPATA (NON sar\u00e0 accettata se presentata sul cellulare o inviata per email).<\/li>\n<\/ul>\n<p>&nbsp;<\/p>\n<p>&nbsp;<\/p>\n","protected":false},"excerpt":{"rendered":"\u00a0(SI PREGA DI SCRIVERE URGENTEMENTE a visti.recife@esteri.it) Si tratta del visto\u00a0per i casi in cui il &#8220;Permesso di Soggiorno&#8221; \u00e8 scaduto da non pi\u00f9 di 60 giorni, estendibili a 180 solo in caso di gravi motivi di salute personali documentati e non \u00e8 stato rinnovato prima dell&#8217;uscita dall&#8217;Italia. Per richiedere tale visto si dovr\u00e0 comunque [&hellip;]","protected":false},"author":4,"featured_media":0,"parent":260,"menu_order":0,"comment_status":"closed","ping_status":"closed","template":"","meta":{"footnotes":""},"class_list":["post-330","page","type-page","status-publish","hentry"],"_links":{"self":[{"href":"https:\/\/consrecife.esteri.it\/it\/wp-json\/wp\/v2\/pages\/330","targetHints":{"allow":["GET"]}}],"collection":[{"href":"https:\/\/consrecife.esteri.it\/it\/wp-json\/wp\/v2\/pages"}],"about":[{"href":"https:\/\/consrecife.esteri.it\/it\/wp-json\/wp\/v2\/types\/page"}],"author":[{"embeddable":true,"href":"https:\/\/consrecife.esteri.it\/it\/wp-json\/wp\/v2\/users\/4"}],"replies":[{"embeddable":true,"href":"https:\/\/consrecife.esteri.it\/it\/wp-json\/wp\/v2\/comments?post=330"}],"version-history":[{"count":1,"href":"https:\/\/consrecife.esteri.it\/it\/wp-json\/wp\/v2\/pages\/330\/revisions"}],"predecessor-version":[{"id":3439,"href":"https:\/\/consrecife.esteri.it\/it\/wp-json\/wp\/v2\/pages\/330\/revisions\/3439"}],"up":[{"embeddable":true,"href":"https:\/\/consrecife.esteri.it\/it\/wp-json\/wp\/v2\/pages\/260"}],"wp:attachment":[{"href":"https:\/\/consrecife.esteri.it\/it\/wp-json\/wp\/v2\/media?parent=330"}],"curies":[{"name":"wp","href":"https:\/\/api.w.org\/{rel}","templated":true}]}}