{"id":334,"date":"2023-01-17T16:21:24","date_gmt":"2023-01-17T15:21:24","guid":{"rendered":"https:\/\/consrecife.esteri.it\/?page_id=334"},"modified":"2024-05-22T06:37:45","modified_gmt":"2024-05-22T09:37:45","slug":"visto-per-residenza-elettiva","status":"publish","type":"page","link":"https:\/\/consrecife.esteri.it\/it\/servizi-consolari-e-visti\/servizi-per-il-cittadino-straniero\/visti\/tipologie-di-visto\/visto-per-residenza-elettiva\/","title":{"rendered":"Visto per residenza elettiva"},"content":{"rendered":"<p>Il visto per residenza elettiva consente l&#8217;ingresso in Italia, ai fini del soggiorno, allo straniero che intenda stabilirsi nel nostro Paese e che dimostri di possedere risorse sufficienti a mantenersi autonomamente senza esercitare alcuna attivit\u00e0 lavorativa.<\/p>\n<p>Il richiedente deve altres\u00ec dimostrare:<\/p>\n<p>1) la disponibilit\u00e0 di un&#8217;abitazione da eleggere a residenza (propriet\u00e0 di un immobile, contratto di affitto di minimo un anno, altre forme di dimostrazione potranno essere valutate );<\/p>\n<p>2) risorse economiche (pensioni, vitalizi, propriet\u00e0 immobiliari, stabili attivit\u00e0 economico-commerciali o da altre fonti diverse dal lavoro subordinato).<\/p>\n<p>Una volta che lo straniero ha fatto regolare ingresso in Italia, dovr\u00e0, entro 8 giorni, presentare apposita richiesta di permesso di soggiorno.<\/p>\n<p>Per maggiori informazioni su questo tipo di visto scrivere a <a href=\"mailto:visti.recife@esteri.it\">visti.recife@esteri.it<\/a><\/p>\n","protected":false},"excerpt":{"rendered":"Il visto per residenza elettiva consente l&#8217;ingresso in Italia, ai fini del soggiorno, allo straniero che intenda stabilirsi nel nostro Paese e che dimostri di possedere risorse sufficienti a mantenersi autonomamente senza esercitare alcuna attivit\u00e0 lavorativa. Il richiedente deve altres\u00ec dimostrare: 1) la disponibilit\u00e0 di un&#8217;abitazione da eleggere a residenza (propriet\u00e0 di un immobile, contratto [&hellip;]","protected":false},"author":4,"featured_media":0,"parent":260,"menu_order":0,"comment_status":"closed","ping_status":"closed","template":"","meta":{"footnotes":""},"class_list":["post-334","page","type-page","status-publish","hentry"],"_links":{"self":[{"href":"https:\/\/consrecife.esteri.it\/it\/wp-json\/wp\/v2\/pages\/334","targetHints":{"allow":["GET"]}}],"collection":[{"href":"https:\/\/consrecife.esteri.it\/it\/wp-json\/wp\/v2\/pages"}],"about":[{"href":"https:\/\/consrecife.esteri.it\/it\/wp-json\/wp\/v2\/types\/page"}],"author":[{"embeddable":true,"href":"https:\/\/consrecife.esteri.it\/it\/wp-json\/wp\/v2\/users\/4"}],"replies":[{"embeddable":true,"href":"https:\/\/consrecife.esteri.it\/it\/wp-json\/wp\/v2\/comments?post=334"}],"version-history":[{"count":3,"href":"https:\/\/consrecife.esteri.it\/it\/wp-json\/wp\/v2\/pages\/334\/revisions"}],"predecessor-version":[{"id":2585,"href":"https:\/\/consrecife.esteri.it\/it\/wp-json\/wp\/v2\/pages\/334\/revisions\/2585"}],"up":[{"embeddable":true,"href":"https:\/\/consrecife.esteri.it\/it\/wp-json\/wp\/v2\/pages\/260"}],"wp:attachment":[{"href":"https:\/\/consrecife.esteri.it\/it\/wp-json\/wp\/v2\/media?parent=334"}],"curies":[{"name":"wp","href":"https:\/\/api.w.org\/{rel}","templated":true}]}}