{"id":353,"date":"2023-01-17T17:55:34","date_gmt":"2023-01-17T16:55:34","guid":{"rendered":"https:\/\/consrecife.esteri.it\/?page_id=353"},"modified":"2023-10-02T11:58:58","modified_gmt":"2023-10-02T14:58:58","slug":"sistema-pubblico-di-identita-digitale-spid","status":"publish","type":"page","link":"https:\/\/consrecife.esteri.it\/it\/servizi-consolari-e-visti\/servizi-per-il-cittadino-italiano\/sistema-pubblico-di-identita-digitale-spid\/","title":{"rendered":"Sistema pubblico di identit\u00e0 digitale (SPID)"},"content":{"rendered":"<div>\n<p style=\"text-align: justify;\">L&#8217;art. 13, comma 1, del c.d. &#8220;Decreto Milleproroghe&#8221; (D.L. n. 198 del 29 dicembre 2022) ha disposto un&#8217;ulteriore proroga del termine del 31 dicembre 2022 relativamente all&#8217;impossibilit\u00e0 delle PA di rilasciare o rinnovare credenziali per l&#8217;identificazione e l&#8217;accesso dei cittadini ai propri servizi in rete, diverse da SPID, CIE e CNS, estendendolo di ulteriori 12 mesi, fino al 31 dicembre 2023. Coloro che sono in possesso di credenziali rilasciate prima del 31 dicembre 2023 potranno invece continuare a utilizzarle <strong>fino al 31 marzo 2024<\/strong> per accedere ai servizi in rete.<\/p>\n<p style=\"text-align: justify;\">Pertanto, fino a tale data, i cittadini potranno continuare ad accedere ai servizi consolari in rete, senza impiegare lo SPID o la Carta d&#8217;identit\u00e0 elettronica. Il portale per i servizi consolari Fast It potr\u00e0 quindi continuare a essere utilizzato per trasmettere le richieste di iscrizione in AIRE e per usufruire delle altre funzionalit\u00e0 anche con credenziali tradizionali.<\/p>\n<p style=\"text-align: justify;\">Ciononostante, <strong>si invita la collettivit\u00e0 italiana residente all&#8217;estero ad adottare le credenziali SPID il prima possibile<\/strong><strong>.<\/strong><\/p>\n<p style=\"text-align: justify;\">L&#8217;acquisizione dell&#8217;identit\u00e0 digitale \u00e8 infatti un passo fondamentale verso la progressiva digitalizzazione della Pubblica Amministrazione, perch\u00e9 consente al cittadino di accedere ai servizi online in maniera semplice, sicura e rapida, e all&#8217;Amministrazione di garantire il rispetto di alti standard di sicurezza sia in fase di autenticazione che di accesso ai servizi. Le credenziali SPID possiedono lo stesso valore di un qualsiasi documento d&#8217;identit\u00e0 per l&#8217;espletamento delle pratiche amministrative online.<\/p>\n<p style=\"text-align: justify;\"><strong>Gli utenti che accedono con SPID hanno gi\u00e0 oggi il vantaggio di non dover presentare un ulteriore documento d&#8217;identit\u00e0 all&#8217;operatore consolare.<\/strong><\/p>\n<p style=\"text-align: justify;\">SPID, il Sistema Pubblico di Identit\u00e0 Digitale, \u00e8 la soluzione che permette di accedere ai servizi online della Pubblica Amministrazione e dei soggetti privati aderenti con un&#8217;unica Identit\u00e0 Digitale (username e password) utilizzabile da computer, tablet e smartphone.<\/p>\n<p style=\"text-align: justify;\"><strong>L\u2019utilizzo dello SPID \u00e8 gratuito.<\/strong><\/p>\n<p style=\"text-align: justify;\">Anche richiedere SPID \u00e8 gratuito, ma alcune forme di riconoscimento da parte degli operatori potrebbero essere a pagamento.<\/p>\n<ul style=\"text-align: justify;\">\n<li>SPID \u00e8 semplice: prenotazioni sanitarie, iscrizioni scolastiche, accesso alla rete wi-fi pubblica, pratiche d&#8217;impresa, etc. con un\u2019unica password<\/li>\n<li>SPID \u00e8 sicuro: il sistema SPID assicura la piena protezione dei dati personali, non \u00e8 consentito alcun tipo di profilazione; la privacy \u00e8 garantita.<\/li>\n<li>SPID \u00e8 veloce: \u00e8 possibile accedere velocemente ai servizi online della pubblica amministrazione e dei soggetti privati aderenti ovunque e da qualsiasi dispositivo.<\/li>\n<\/ul>\n<p>&nbsp;<\/p>\n<p style=\"text-align: justify;\"><strong>Come richiedere SPID<\/strong><\/p>\n<p style=\"text-align: justify;\">Per richiedere e ottenere le credenziali SPID, il Sistema Pubblico di Identit\u00e0 Digitale, bisogna esser maggiorenni. \u00c8 necessario avere:<\/p>\n<p style=\"text-align: justify;\">&#8211; un indirizzo e-mail<\/p>\n<p style=\"text-align: justify;\">&#8211; il numero di telefono del cellulare che si usa normalmente (anche straniero)<\/p>\n<p style=\"text-align: justify;\">&#8211; un documento di identit\u00e0 italiano valido (uno tra: carta di identit\u00e0, passaporto, patente). Durante la registrazione pu\u00f2 esser necessario fotografarli e allegarli al form da compilare<\/p>\n<p style=\"text-align: justify;\">&#8211; il codice fiscale (in assenza di codice fiscale, \u00e8 possibile farne richiesta all\u2019ufficio consolare. Far\u00e0 fede il foglio dell\u2019Agenzia delle Entrate vidimate dall\u2019ufficio consolare)<\/p>\n<p>&nbsp;<\/p>\n<p style=\"text-align: justify;\"><strong>Cosa fare per ottenere SPID<\/strong><\/p>\n<p style=\"text-align: justify;\">Bisogna scegliere uno tra gli Identity provider ( <a href=\"https:\/\/www.spid.gov.it\/richiedi-spid\">https:\/\/www.spid.gov.it\/richiedi-spid<\/a>\u00a0 ) e registrarsi sul loro sito. La registrazione consiste in 3 step:<\/p>\n<p style=\"text-align: justify;\">1. Inserire i dati anagrafici<\/p>\n<p style=\"text-align: justify;\">2. Creare le credenziali SPID<\/p>\n<p style=\"text-align: justify;\">3. Effettuare il riconoscimento a scelta tra: di persona \/ online \/ tramite CIE, CNS, passaporto o firma digitale.<\/p>\n<p style=\"text-align: justify;\">I tempi di rilascio dell&#8217;identit\u00e0 digitale dipendono dai singoli Identity Provider.<\/p>\n<p>&nbsp;<\/p>\n<p style=\"text-align: justify;\"><strong>Come scegliere tra i diversi Identity Provider<\/strong><\/p>\n<p style=\"text-align: justify;\">Gli Identity Provider forniscono diverse modalit\u00e0 di registrazione gratuitamente o a pagamento e i rispettivi SPID hanno diversi livelli di sicurezza. La tabella qui riportata (<a href=\"https:\/\/www.spid.gov.it\/richiedi-spid\">https:\/\/www.spid.gov.it\/richiedi-spid<\/a>) fornisce un quadro aggiornato della situazione. In particolare, si consiglia di soffermarsi sui seguenti parametri.<\/p>\n<p style=\"text-align: justify;\">&#8211; Scegliere la modalit\u00e0 di riconoscimento che risulta pi\u00f9 comoda (di persona, tramite Carta d\u2019Identit\u00e0 Elettronica (CIE), Carta Nazionale dei Servizi (CNS), Passaporto biometrico, Firma Digitale o tramite webcam).<\/p>\n<p style=\"text-align: justify;\">&#8211; Scegliere sulla base del livello di sicurezza di SPID che serve.<\/p>\n<p style=\"text-align: justify;\">&#8211; Se si \u00e8 gi\u00e0 clienti di uno degli Identity Provider, si potrebbe avere un flusso di registrazione semplificato.<\/p>\n<p style=\"text-align: justify;\">&#8211; Se si \u00e8 cittadini italiani residenti all\u2019estero, scegliere l\u2019Identity Provider che mostra l\u2019icona \u201cMondo\u201d.<\/p>\n<p style=\"text-align: justify;\">&#8211; Ricordare che anche usando la CIE, la CNS, il Passaporto biometrico e la firma digitale si puo&#8217; ottenere SPID da remoto (a distanza).<\/p>\n<p style=\"text-align: justify;\">Visita i siti dei diversi gestori per verificare le condizioni di rilascio.<\/p>\n<p>&nbsp;<\/p>\n<p style=\"text-align: justify;\"><strong>Dove usare SPID<\/strong><\/p>\n<p style=\"text-align: justify;\">A questo<a href=\"https:\/\/www.spid.gov.it\/\"> link<\/a> \u00e8 possibile cercare tra i servizi abilitati SPID di oltre 4000 amministrazioni e trovare l\u2019elenco dei fornitori di servizi privati. Si puo&#8217; accedere al portale \u201c<a href=\"https:\/\/serviziconsolarionline.esteri.it\">Fast It<\/a>\u201d della Farnesina dedicato ai servizi consolari con le credenziali SPID.<\/p>\n<p style=\"text-align: justify;\">Domande frequenti: <a href=\"https:\/\/www.spid.gov.it\/domande-frequenti\">https:\/\/www.spid.gov.it\/domande-frequenti.<\/a><\/p>\n<p style=\"text-align: justify;\">Video tutorial: visita il sito istituzionale <a href=\"http:\/\/www.spid.gov.it\">www.spid.gov.it<\/a>\u00a0 per video tutorial sul riconoscimento via webcam, sul riconoscimento di persona e sul riconoscimento online.<\/p>\n<p style=\"text-align: justify;\">Per ulteriori informazioni si rimanda ai siti istituzionali:<br \/>\n<a href=\"https:\/\/www.esteri.it\/mae\/it\/servizi\/serviziconsolari\/spid.html\">https:\/\/www.esteri.it\/mae\/it\/servizi\/serviziconsolari\/spid.html<\/a><br \/>\n<a href=\"http:\/\/www.spid.gov.it\">www.spid.gov.it<\/a>.<\/p>\n<p style=\"text-align: justify;\"><strong><a href=\"https:\/\/consriodejaneiro.esteri.it\/consolato_riodejaneiro\/resource\/img\/2022\/02\/spid11.jpg\">Poster esplicativo sulle procedure di ottenimento dello SPID<\/a><\/strong><\/p>\n<\/div>\n","protected":false},"excerpt":{"rendered":"L&#8217;art. 13, comma 1, del c.d. &#8220;Decreto Milleproroghe&#8221; (D.L. n. 198 del 29 dicembre 2022) ha disposto un&#8217;ulteriore proroga del termine del 31 dicembre 2022 relativamente all&#8217;impossibilit\u00e0 delle PA di rilasciare o rinnovare credenziali per l&#8217;identificazione e l&#8217;accesso dei cittadini ai propri servizi in rete, diverse da SPID, CIE e CNS, estendendolo di ulteriori 12 [&hellip;]","protected":false},"author":4,"featured_media":0,"parent":70,"menu_order":0,"comment_status":"closed","ping_status":"closed","template":"","meta":{"footnotes":""},"class_list":["post-353","page","type-page","status-publish","hentry"],"_links":{"self":[{"href":"https:\/\/consrecife.esteri.it\/it\/wp-json\/wp\/v2\/pages\/353","targetHints":{"allow":["GET"]}}],"collection":[{"href":"https:\/\/consrecife.esteri.it\/it\/wp-json\/wp\/v2\/pages"}],"about":[{"href":"https:\/\/consrecife.esteri.it\/it\/wp-json\/wp\/v2\/types\/page"}],"author":[{"embeddable":true,"href":"https:\/\/consrecife.esteri.it\/it\/wp-json\/wp\/v2\/users\/4"}],"replies":[{"embeddable":true,"href":"https:\/\/consrecife.esteri.it\/it\/wp-json\/wp\/v2\/comments?post=353"}],"version-history":[{"count":2,"href":"https:\/\/consrecife.esteri.it\/it\/wp-json\/wp\/v2\/pages\/353\/revisions"}],"predecessor-version":[{"id":2425,"href":"https:\/\/consrecife.esteri.it\/it\/wp-json\/wp\/v2\/pages\/353\/revisions\/2425"}],"up":[{"embeddable":true,"href":"https:\/\/consrecife.esteri.it\/it\/wp-json\/wp\/v2\/pages\/70"}],"wp:attachment":[{"href":"https:\/\/consrecife.esteri.it\/it\/wp-json\/wp\/v2\/media?parent=353"}],"curies":[{"name":"wp","href":"https:\/\/api.w.org\/{rel}","templated":true}]}}