{"id":4301,"date":"2025-06-26T09:55:42","date_gmt":"2025-06-26T12:55:42","guid":{"rendered":"https:\/\/consrecife.esteri.it\/?page_id=4301"},"modified":"2025-06-27T11:20:23","modified_gmt":"2025-06-27T14:20:23","slug":"figli-cittadino-jure-sanguinis-per-i-quali-non-sussistano-le-limitazioni-di-cui-allart-3-bis-della-legge-91-1992-art-1-comma-1-e-art-3-bis-della-legge-91-1992","status":"publish","type":"page","link":"https:\/\/consrecife.esteri.it\/it\/servizi-consolari-e-visti\/servizi-per-il-cittadino-straniero\/cittadinanza\/figli-cittadino-jure-sanguinis-per-i-quali-non-sussistano-le-limitazioni-di-cui-allart-3-bis-della-legge-91-1992-art-1-comma-1-e-art-3-bis-della-legge-91-1992\/","title":{"rendered":"Figli cittadino \u201cjure sanguinis\u201d per i quali non sussistano le limitazioni di cui all\u2019art. 3-bis della Legge 91\/1992. \u2013 art. 1, comma 1 e art. 3-bis della Legge 91\/1992"},"content":{"rendered":"<p>I minori\u00a0verranno registrati \u201cper nascita\u201d e non \u201cper beneficio di legge\u201d nei seguenti casi:<\/p>\n<ol>\n<li>figlio o nipote di cittadino\/i esclusivamente italiano\/i al momento della nascita del minore o del decesso del genitore o nonno (art. 3-bis, comma 1 lettera c). Il richiedente esclusivamente italiano dovr\u00e0 produrre documentazione atta a dimostrare il non possesso di altre cittadinanze.<\/li>\n<li>figlio di cittadino\/i italiano\/i che ha vissuto in Italia per almeno due anni continuativi successivamente all\u2019acquisto della cittadinanza italiana e prima della nascita o adozione del figlio (art. 3-bis, comma 1 lettera d);<\/li>\n<\/ol>\n<p>Nel caso in cui il minore abbia un nonno esclusivamente italiano, occorrer\u00e0 verificare che non vi siano cause interruttive della linea di trasmissione della cittadinanza. Ad esempio, laddove vi sia un nonno esclusivamente italiano ma il genitore abbia rinunciato o perso la cittadinanza italiana prima della nascita del figlio o durante la minore et\u00e0 dello stesso, la linea di trasmissione della cittadinanza italiana \u00e8 da considerarsi interrotta.<\/p>\n<p>\u00c8 onere del richiedente dimostrare che gli ascendenti in questione non possiedano altre cittadinanze al di fuori di quella italiana al momento della nascita del minore.<\/p>\n<p>La documentazione da presentare \u00e8 la seguente:<\/p>\n<ol>\n<li>\n<ol>\n<li><strong>Certificato negativo di naturalizzazione<\/strong>\u00a0dell\u2019ascendente di primo o secondo grado che d\u00e0 titolo alla trasmissione della cittadinanza italiana (art. 3-bis, comma 1 lettere c) e d) della L. 91\/1992) apostillato e tradotto da un traduttore giurato (traduzione anche apostillata);<\/li>\n<li><strong>Certificato di cittadinanza<\/strong>\u00a0dell\u2019ascendente di secondo grado che d\u00e0 titolo alla trasmissione della cittadinanza italiana (art. 3-bis, comma 1 lettere c) e d) della L. 91\/1992);<\/li>\n<li><strong>Copia del RNE (Registro Nazionale degli Stranieri)<\/strong>\u00a0dell\u2019ascendente di primo o secondo grado che d\u00e0 titolo alla trasmissione della cittadinanza italiana (art. 3-bis, comma 1 lettere c) e d) della L. 91\/1992);<\/li>\n<li><strong>Atto di nascita originale del minore<\/strong>\u00a0nella versione \u201c<em>inteiro teor<\/em>\u201d rilasciato dal \u201c<em>Cart\u00f3rio<\/em>\u201d nei dodici mesi precedenti, apostillato e tradotto in italiano da un traduttore giurato (anche la traduzione deve essere apostillata), insieme ad apposita\u00a0<a href=\"https:\/\/consrecife.esteri.it\/wp-content\/uploads\/2025\/06\/modulo_richiesta_trascrizione_atto_di_nascita_Recife.doc\">istanza di trascrizione<\/a>\u00a0e copia di un documento di identit\u00e0 di entrambi i genitori (RG, carta d\u2019identit\u00e0 italiana o passaporto valido);<br \/>\n5.1) Se il minore \u00e8 nato da genitori non legalmente coniugati o comunque nato prima del matrimonio, qualora il certificato di nascita non riporti la dicitura \u201c<em>foram declarantes os pais<\/em>\u201d (sono dichiaranti entrambi i genitori), sar\u00e0 necessario presentare un atto notarile brasiliano (\u201c<em>declara\u00e7\u00e3o p\u00fablica de reconhecimento de <\/em><em>maternidade\/paternidade<\/em>\u201d) sottoscritto dalla parte che non risulta dichiarante nell\u2019atto di nascita. Qualora il minorenne abbia gi\u00e0 compiuto i 14 anni sar\u00e0 inoltre necessaria la sua presenza (v.\u00a0<a href=\"https:\/\/ambbrasilia.esteri.it\/wp-content\/uploads\/2023\/04\/riconoscimento_paternita_maternita_minore_14-1.pdf\">modello dichiarazione in caso di figlio minore di 14 anni<\/a>\u00a0e\u00a0<a href=\"https:\/\/ambbrasilia.esteri.it\/wp-content\/uploads\/2023\/04\/riconoscimento_paternita_maternita_maggiore_14-1.pdf\">modello di dichiarazione in caso di figlio maggiore dei 14 anni<\/a>). Questa dichiarazione aggiuntiva deve essere effettuata\u00a0presso un \u201c<em>Cart\u00f3rio<\/em>\u201d, deve essere munita di Apostille e tradotta in italiano da un traduttore giurato brasiliano (traduzione anch\u2019essa apostillata). Se l\u2019atto di nascita riporta invece la dicitura \u201c<em>foram declarantes os pais<\/em>\u201d non sar\u00e0 necessario presentare la dichiarazione di filiazione.<\/li>\n<\/ol>\n<\/li>\n<\/ol>\n<p>La documentazione dovr\u00e0 essere inviata\u00a0<strong>esclusivamente per posta<\/strong>\u00a0con A\/R all\u2019indirizzo\u00a0<em>A\/C Ufficio Stato Civile, Consolato Generale d\u2019Italia a Recife, Rua Padre Carapuceiro 706, 13esimo piano, 51020-280, Boa Viagem, Recife (PE) <\/em>assieme alla debitamente compilato e firmato dal\u00a0<strong>coniuge cittadino italiano<\/strong>, accompagnato da\u00a0<strong>copia semplice di un documento d\u2019identit\u00e0 valido\u00a0<\/strong>(a scelta tra passaporto italiano o brasiliano, carta d\u2019identit\u00e0, RG, CIN o CNH) e da\u00a0<strong>prova di residenza recente<\/strong>\u00a0a nome del coniuge cittadino italiano.\u00a0<strong><a href=\"https:\/\/consrecife.esteri.it\/it\/servizi-consolari-e-visti\/servizi-per-il-cittadino-italiano\/altri-servizi\/comprovanti-dindirizzo\/\">CLICCA QUI<\/a><\/strong>\u00a0per verificare quali sono le prove di residenza accettate.<\/p>\n<p><strong>n.b.<\/strong>\u00a0Si ricorda che la paternit\u00e0\/maternit\u00e0 socio-affettiva non \u00e8 attualmente riconosciuta dalla legge italiana.<\/p>\n<p><strong>n.b 1.<\/strong>\u00a0I cittadini italiani che hanno acquistato la cittadinanza italiana per naturalizzazione, residenza e discendenza in base alla legge 379\/2000 (Trentini), non trasmettono la cittadinanza italiana ai propri figli in base ai nuovi criteri.<\/p>\n","protected":false},"excerpt":{"rendered":"I minori\u00a0verranno registrati \u201cper nascita\u201d e non \u201cper beneficio di legge\u201d nei seguenti casi: figlio o nipote di cittadino\/i esclusivamente italiano\/i al momento della nascita del minore o del decesso del genitore o nonno (art. 3-bis, comma 1 lettera c). Il richiedente esclusivamente italiano dovr\u00e0 produrre documentazione atta a dimostrare il non possesso di altre [&hellip;]","protected":false},"author":12,"featured_media":0,"parent":184,"menu_order":0,"comment_status":"closed","ping_status":"closed","template":"","meta":{"footnotes":""},"class_list":["post-4301","page","type-page","status-publish","hentry"],"_links":{"self":[{"href":"https:\/\/consrecife.esteri.it\/it\/wp-json\/wp\/v2\/pages\/4301","targetHints":{"allow":["GET"]}}],"collection":[{"href":"https:\/\/consrecife.esteri.it\/it\/wp-json\/wp\/v2\/pages"}],"about":[{"href":"https:\/\/consrecife.esteri.it\/it\/wp-json\/wp\/v2\/types\/page"}],"author":[{"embeddable":true,"href":"https:\/\/consrecife.esteri.it\/it\/wp-json\/wp\/v2\/users\/12"}],"replies":[{"embeddable":true,"href":"https:\/\/consrecife.esteri.it\/it\/wp-json\/wp\/v2\/comments?post=4301"}],"version-history":[{"count":2,"href":"https:\/\/consrecife.esteri.it\/it\/wp-json\/wp\/v2\/pages\/4301\/revisions"}],"predecessor-version":[{"id":4363,"href":"https:\/\/consrecife.esteri.it\/it\/wp-json\/wp\/v2\/pages\/4301\/revisions\/4363"}],"up":[{"embeddable":true,"href":"https:\/\/consrecife.esteri.it\/it\/wp-json\/wp\/v2\/pages\/184"}],"wp:attachment":[{"href":"https:\/\/consrecife.esteri.it\/it\/wp-json\/wp\/v2\/media?parent=4301"}],"curies":[{"name":"wp","href":"https:\/\/api.w.org\/{rel}","templated":true}]}}