{"id":64,"date":"2022-12-14T13:17:55","date_gmt":"2022-12-14T12:17:55","guid":{"rendered":"https:\/\/consrecife.esteri.it\/?page_id=64"},"modified":"2023-01-27T13:57:02","modified_gmt":"2023-01-27T12:57:02","slug":"la-rete-consolare","status":"publish","type":"page","link":"https:\/\/consrecife.esteri.it\/it\/chi-siamo\/la-rete-consolare\/","title":{"rendered":"La Rete Consolare"},"content":{"rendered":"<p style=\"text-align: justify;\">La circoscrizione consolare del\u00a0Consolato d&#8217;Italia a Recife comprende i nove stati della\u00a0<strong>Regione Nordest del Brasile<\/strong>: Alagoas, Bahia, Cear\u00e1, Maranh\u00e3o, Para\u00edba, Pernambuco, Piau\u00ed, Rio Grande do Norte e\u00a0Sergipe. L&#8217;area totale del Nordest \u00e8 di\u00a01.558.196 km\u00b2 (5,3 volte la superficie dell&#8217;Italia) e la popolazione \u00e8 di 53 milioni di abitanti.<\/p>\n<p style=\"text-align: justify;\">Oltre alla sede di Recife, il Consolato dispone di una\u00a0<strong>rete di sei uffici onorari dipendenti:\u00a0<\/strong>due Consolati Onorari (Fortaleza e Salvador), una Agenzia Consolare Onoraria (S\u00e3o Lu\u00eds) e quattro Corrispondenti Consolari Onorari (Jo\u00e3o Pessoa, Natal, Macei\u00f3 e Porto Seguro).<\/p>\n<p style=\"text-align: justify;\">Consulta la lista dei <a href=\"https:\/\/consrecife.esteri.it\/it\/chi-siamo\/la-rete-consolare\/consoli-onorari-e-agenti-consolari\/\">Consoli onorari e agenti consolari<\/a> o dei <a href=\"https:\/\/consrecife.esteri.it\/it\/chi-siamo\/la-rete-consolare\/corrispondenti-consolari\/\">Corrispondenti consolari<\/a> della circoscrizione del Consolato d\u2019Italia a Recife, nelle sezioni qui a lato.<\/p>\n","protected":false},"excerpt":{"rendered":"La circoscrizione consolare del\u00a0Consolato d&#8217;Italia a Recife comprende i nove stati della\u00a0Regione Nordest del Brasile: Alagoas, Bahia, Cear\u00e1, Maranh\u00e3o, Para\u00edba, Pernambuco, Piau\u00ed, Rio Grande do Norte e\u00a0Sergipe. L&#8217;area totale del Nordest \u00e8 di\u00a01.558.196 km\u00b2 (5,3 volte la superficie dell&#8217;Italia) e la popolazione \u00e8 di 53 milioni di abitanti. Oltre alla sede di Recife, il Consolato [&hellip;]","protected":false},"author":3,"featured_media":0,"parent":10,"menu_order":10,"comment_status":"closed","ping_status":"closed","template":"","meta":{"footnotes":""},"class_list":["post-64","page","type-page","status-publish","hentry"],"_links":{"self":[{"href":"https:\/\/consrecife.esteri.it\/it\/wp-json\/wp\/v2\/pages\/64","targetHints":{"allow":["GET"]}}],"collection":[{"href":"https:\/\/consrecife.esteri.it\/it\/wp-json\/wp\/v2\/pages"}],"about":[{"href":"https:\/\/consrecife.esteri.it\/it\/wp-json\/wp\/v2\/types\/page"}],"author":[{"embeddable":true,"href":"https:\/\/consrecife.esteri.it\/it\/wp-json\/wp\/v2\/users\/3"}],"replies":[{"embeddable":true,"href":"https:\/\/consrecife.esteri.it\/it\/wp-json\/wp\/v2\/comments?post=64"}],"version-history":[{"count":0,"href":"https:\/\/consrecife.esteri.it\/it\/wp-json\/wp\/v2\/pages\/64\/revisions"}],"up":[{"embeddable":true,"href":"https:\/\/consrecife.esteri.it\/it\/wp-json\/wp\/v2\/pages\/10"}],"wp:attachment":[{"href":"https:\/\/consrecife.esteri.it\/it\/wp-json\/wp\/v2\/media?parent=64"}],"curies":[{"name":"wp","href":"https:\/\/api.w.org\/{rel}","templated":true}]}}