{"id":645,"date":"2023-01-23T16:14:51","date_gmt":"2023-01-23T15:14:51","guid":{"rendered":"https:\/\/consrecife.esteri.it\/?page_id=645"},"modified":"2026-03-04T11:16:57","modified_gmt":"2026-03-04T14:16:57","slug":"divorzio","status":"publish","type":"page","link":"https:\/\/consrecife.esteri.it\/it\/servizi-consolari-e-visti\/servizi-per-il-cittadino-italiano\/stato-civile\/divorzio\/","title":{"rendered":"Divorzio"},"content":{"rendered":"<p style=\"text-align: justify;\">In primo luogo si precisa che una sentenza di divorzio pronunciata all\u2019estero non \u00e8 considerata automaticamente valida in Italia.<\/p>\n<p style=\"text-align: justify;\"><strong>Si sottolinea che le Annotazioni di sentenze sui rispettivi atti di matrimonio non sono valide ai fini del riconoscimento in Italia.<\/strong><\/p>\n<p>&nbsp;<\/p>\n<p style=\"text-align: justify;\"><span style=\"text-decoration: underline;\"><strong>DIVORZIO IN TRIBUNALE\u00a0(GIUDIZIALE)<\/strong><\/span><\/p>\n<p style=\"text-align: justify;\">Se alla sentenza di separazione \u00e8 seguita una successiva sentenza di divorzio, bisogna presentare solamente la sentenza di conversione della separazione in divorzio, perfezionata come da istruzioni sotto indicate.<\/p>\n<p style=\"text-align: justify;\">I documenti che occorrono per la trascrizione di una sentenza di divorzio in Tribunale sono:<\/p>\n<ol style=\"text-align: justify;\">\n<li><strong>Copia del processo<\/strong>,\u00a0<strong>con\u00a0<\/strong><a href=\"https:\/\/consrecife.esteri.it\/it\/servizi-consolari-e-visti\/servizi-per-il-cittadino-italiano\/traduzione-e-legalizzazione-dei-documenti\/\"><strong>Apostille<\/strong><\/a>, di cui dovranno essere presentate le parti principali (le fotocopie devono contenere, in ogni pagina, la dicitura \u201c<em>c\u00f3pia extra\u00edda do Tribunal de Justi\u00e7a de &#8230;.<\/em>\u201d o il timbro apposto dallo stesso Tribunale che attesti che sono copie autentiche), quali:<\/li>\n<\/ol>\n<ul style=\"text-align: justify;\">\n<li style=\"list-style-type: none;\">\n<ul>\n<li>Istanza dei richiedenti (<em>Peti\u00e7\u00e3o Inicial<\/em>)<\/li>\n<li>Svolgimento del Processo (<em>Ata de Instru\u00e7\u00e3o e Julgamento<\/em>)<\/li>\n<li>Sentenza (<em>Senten\u00e7a<\/em>)<\/li>\n<li>Passaggio in giudicato (<em>generalmente si tratta di un timbro apposto nelle ultime pagine della sentenza<\/em>)<\/li>\n<\/ul>\n<\/li>\n<\/ul>\n<p style=\"text-align: justify;\"><strong>NOTA BENE: Baster\u00e0 una sola Apostille per l\u2019intero processo purch\u00e9 alla voce \u201c<em>Tipo di Documento\u201d <\/em>siano ben specificate le quattro parti principali (<em>Peti\u00e7\u00e3o Inicial, <\/em><\/strong><strong><em>Ata de Instru\u00e7\u00e3o e Julgamento<\/em><\/strong><strong>, <em>Senten\u00e7a<\/em>, <em>Transitado em julgado)<\/em> sopra menzionate. <\/strong><\/p>\n<ol style=\"text-align: justify;\" start=\"2\">\n<li style=\"text-align: justify;\"><strong>Certificato riassuntivo del processo<\/strong>&#8220;<em>Objeto e P\u00e9<\/em>&#8220;, con\u00a0<a href=\"https:\/\/consrecife.esteri.it\/it\/servizi-consolari-e-visti\/servizi-per-il-cittadino-italiano\/traduzione-e-legalizzazione-dei-documenti\/\"><strong>Apostille<\/strong><\/a><\/li>\n<li style=\"text-align: justify;\"><strong>Traduzione giurata in lingua italiana <\/strong>della documentazione di cui al punto 1 e 2, con\u00a0<a href=\"https:\/\/consrecife.esteri.it\/it\/servizi-consolari-e-visti\/servizi-per-il-cittadino-italiano\/traduzione-e-legalizzazione-dei-documenti\/\"><strong>Apostille<\/strong><\/a>.<\/li>\n<li style=\"text-align: justify;\"><strong><a href=\"https:\/\/consrecife.esteri.it\/wp-content\/uploads\/2023\/05\/DICHIARAZIONE-SOSTITUIVA-DI-ATTO-DE-NORIETA-GIUDIZIALE.docx\">DICHIARAZIONE SOSTITUIVA DI ATTO DE NOTORIETA &#8211; GIUDIZIALE<\/a><\/strong> \u2013 sottoscritta dal cittadino italiano.<\/li>\n<li style=\"text-align: justify;\"><strong>Modulo &#8220;<a href=\"https:\/\/consrecife.esteri.it\/wp-content\/uploads\/2026\/03\/dichiarazione_sostitutiva_di_certificazione_2026.pdf\">Dichiarazione sostitutiva di certificazione<\/a><\/strong><strong>&#8221; <\/strong>compilato e firmato dal cittadino italiano, accompagnato da fotocopia (semplice) del documento d&#8217;identit\u00e0 (passaporto italiano, carta d&#8217;identit\u00e0 o, in alternativa, un documento d&#8217;identit\u00e0 straniero con foto e firma recente) e da idonea prova di indirizzo intestata al coniuge cittadino italiano.<\/li>\n<\/ol>\n<p>Nei casi in cui vi siano <strong>figli minorenni,<\/strong> sar\u00e0 inoltre necessario presentare il parere del Pubblico Ministero con <a href=\"https:\/\/consrecife.esteri.it\/it\/servizi-consolari-e-visti\/servizi-per-il-cittadino-italiano\/traduzione-e-legalizzazione-dei-documenti\/\">Apostille<\/a> e la relativa traduzione con <a href=\"https:\/\/consrecife.esteri.it\/it\/servizi-consolari-e-visti\/servizi-per-il-cittadino-italiano\/traduzione-e-legalizzazione-dei-documenti\/\">Apostille.<\/a><\/p>\n<p style=\"text-align: justify;\"><strong>Attenzione<\/strong>: conformemente alle istruzioni di cui sopra, si prega di presentare solamente le parti principali del processo di divorzio (come specificato nei punti 1 e 2) accompagnate dalla traduzione effettuata da traduttore giurato, con\u00a0<a href=\"https:\/\/consrecife.esteri.it\/it\/servizi-consolari-e-visti\/servizi-per-il-cittadino-italiano\/traduzione-e-legalizzazione-dei-documenti\/\"><strong>Apostille<\/strong><\/a>.<\/p>\n<p>&nbsp;<\/p>\n<p style=\"text-align: justify;\"><span style=\"text-decoration: underline;\"><strong>DIVORZIO NOTARILE (EXTRAGIUDIZIALE)<\/strong><\/span><\/p>\n<p style=\"text-align: justify;\">Documenti necessari:<\/p>\n<ol>\n<li style=\"text-align: justify;\"><strong>2\u00aa via originale dell\u2019atto notarile <\/strong>(\u201c<em>Escritura de Div\u00f3rcio Direto Consensual<\/em>\u201d) con\u00a0<a href=\"https:\/\/consrecife.esteri.it\/it\/servizi-consolari-e-visti\/servizi-per-il-cittadino-italiano\/traduzione-e-legalizzazione-dei-documenti\/\"><strong>Apostille<\/strong><\/a>\u00a0e traduzione giurata in italiano\u00a0con\u00a0<a href=\"https:\/\/consrecife.esteri.it\/it\/servizi-consolari-e-visti\/servizi-per-il-cittadino-italiano\/traduzione-e-legalizzazione-dei-documenti\/\"><strong>Apostille<\/strong><\/a>;<\/li>\n<li style=\"text-align: justify;\">Modulo <a href=\"https:\/\/consrecife.esteri.it\/wp-content\/uploads\/2023\/05\/DICHIARAZIONE-SOSTITUIVA-DI-ATTO-DE-NORIETA-EXTRAGIUDIZIALE-1.docx\">DICHIARAZIONE SOSTITUIVA DI ATTO DE NORIETA &#8211; EXTRAGIUDIZIALE<\/a><strong>\u00a0<\/strong>\u2013\u00a0 compilato e sottoscritto dal cittadino italiano.<\/li>\n<li style=\"text-align: justify;\">Modulo &#8220;<a href=\"https:\/\/consrecife.esteri.it\/wp-content\/uploads\/2026\/03\/dichiarazione_sostitutiva_di_certificazione_2026.pdf\">Dichiarazione sostitutiva di certificazione<\/a><strong>&#8221; <\/strong>compilato e firmato dal cittadino italiano, accompagnato da fotocopia (semplice) del documento d&#8217;identit\u00e0 (passaporto italiano, carta d&#8217;identit\u00e0 o, in alternativa, un documento d&#8217;identit\u00e0 straniero con foto e firma recente) e da idonea prova di indirizzo intestata al coniuge cittadino italiano.<\/li>\n<\/ol>\n","protected":false},"excerpt":{"rendered":"In primo luogo si precisa che una sentenza di divorzio pronunciata all\u2019estero non \u00e8 considerata automaticamente valida in Italia. Si sottolinea che le Annotazioni di sentenze sui rispettivi atti di matrimonio non sono valide ai fini del riconoscimento in Italia. &nbsp; DIVORZIO IN TRIBUNALE\u00a0(GIUDIZIALE) Se alla sentenza di separazione \u00e8 seguita una successiva sentenza di [&hellip;]","protected":false},"author":4,"featured_media":0,"parent":176,"menu_order":0,"comment_status":"closed","ping_status":"closed","template":"","meta":{"footnotes":""},"class_list":["post-645","page","type-page","status-publish","hentry"],"_links":{"self":[{"href":"https:\/\/consrecife.esteri.it\/it\/wp-json\/wp\/v2\/pages\/645","targetHints":{"allow":["GET"]}}],"collection":[{"href":"https:\/\/consrecife.esteri.it\/it\/wp-json\/wp\/v2\/pages"}],"about":[{"href":"https:\/\/consrecife.esteri.it\/it\/wp-json\/wp\/v2\/types\/page"}],"author":[{"embeddable":true,"href":"https:\/\/consrecife.esteri.it\/it\/wp-json\/wp\/v2\/users\/4"}],"replies":[{"embeddable":true,"href":"https:\/\/consrecife.esteri.it\/it\/wp-json\/wp\/v2\/comments?post=645"}],"version-history":[{"count":4,"href":"https:\/\/consrecife.esteri.it\/it\/wp-json\/wp\/v2\/pages\/645\/revisions"}],"predecessor-version":[{"id":5604,"href":"https:\/\/consrecife.esteri.it\/it\/wp-json\/wp\/v2\/pages\/645\/revisions\/5604"}],"up":[{"embeddable":true,"href":"https:\/\/consrecife.esteri.it\/it\/wp-json\/wp\/v2\/pages\/176"}],"wp:attachment":[{"href":"https:\/\/consrecife.esteri.it\/it\/wp-json\/wp\/v2\/media?parent=645"}],"curies":[{"name":"wp","href":"https:\/\/api.w.org\/{rel}","templated":true}]}}