{"id":818,"date":"2023-01-25T17:47:40","date_gmt":"2023-01-25T16:47:40","guid":{"rendered":"https:\/\/consrecife.esteri.it\/?page_id=818"},"modified":"2023-01-25T17:47:40","modified_gmt":"2023-01-25T16:47:40","slug":"certificati-anagrafici-rilasciati-on-line-dai-comuni-italiani","status":"publish","type":"page","link":"https:\/\/consrecife.esteri.it\/it\/servizi-consolari-e-visti\/servizi-per-il-cittadino-italiano\/stato-civile\/certificati-anagrafici-rilasciati-on-line-dai-comuni-italiani\/","title":{"rendered":"Certificati anagrafici rilasciati on line dai Comuni italiani"},"content":{"rendered":"<div>\n<p style=\"text-align: justify;\">Si comunica che, a partire dal 15 novembre 2021, i cittadini iscritti nelle anagrafi italiane (sia APR che AIRE) hanno la possibilit\u00e0 di richiedere direttamente online diversi tipi di certificati anagrafici accedendo al portale\u00a0<a href=\"https:\/\/www.anagrafenazionale.interno.it\/\">https:\/\/www.anagrafenazionale.interno.it\/<\/a><\/p>\n<p style=\"text-align: justify;\">Il rilascio di tali certificati \u00e8 gratuito ma possibile solo a condizione di avere un&#8217;identit\u00e0 digitale (SPID, CIE o CNS), dal momento che tale modalit\u00e0 \u00e8 ormai l&#8217;unica in Italia per accedere ai servizi telematici erogati dalla Pubblica Amministrazione.<\/p>\n<p style=\"text-align: justify;\">Per maggiori informazioni su come ottenere le SPID visita il sito\u00a0<a href=\"https:\/\/www.spid.gov.it\/\">https:\/\/www.spid.gov.it\/<\/a><\/p>\n<p style=\"text-align: justify;\">I certificati scaricabili, per s\u00e8 oppure per i familiari conviventi anagraficamente, dalla pagina:<\/p>\n<p style=\"text-align: justify;\"><a href=\"https:\/\/www.anagrafenazionale.interno.it\/servizi-al-cittadino\/\">https:\/\/www.anagrafenazionale.interno.it\/servizi-al-cittadino\/<\/a>\u00a0sono:<\/p>\n<ul>\n<li>Anagrafico di nascita<\/li>\n<li>Anagrafico di matrimonio<\/li>\n<li>di Cittadinanza<\/li>\n<li>di Esistenza in vita<\/li>\n<li>di Residenza<\/li>\n<li>di Residenza AIRE<\/li>\n<li>di Stato civile<\/li>\n<li>di Stato di famiglia<\/li>\n<li>di Stato di famiglia e di stato civile<\/li>\n<li>di Residenza in convivenza<\/li>\n<li>di Stato di famiglia AIRE<\/li>\n<li>di Stato di famiglia con rapporti di parentela<\/li>\n<li>di Stato Libero<\/li>\n<li>Anagrafico di Unione Civile<\/li>\n<li>di Contratto di Convivenza<\/li>\n<\/ul>\n<\/div>\n","protected":false},"excerpt":{"rendered":"Si comunica che, a partire dal 15 novembre 2021, i cittadini iscritti nelle anagrafi italiane (sia APR che AIRE) hanno la possibilit\u00e0 di richiedere direttamente online diversi tipi di certificati anagrafici accedendo al portale\u00a0https:\/\/www.anagrafenazionale.interno.it\/ Il rilascio di tali certificati \u00e8 gratuito ma possibile solo a condizione di avere un&#8217;identit\u00e0 digitale (SPID, CIE o CNS), dal [&hellip;]","protected":false},"author":4,"featured_media":0,"parent":176,"menu_order":0,"comment_status":"closed","ping_status":"closed","template":"","meta":{"footnotes":""},"class_list":["post-818","page","type-page","status-publish","hentry"],"_links":{"self":[{"href":"https:\/\/consrecife.esteri.it\/it\/wp-json\/wp\/v2\/pages\/818","targetHints":{"allow":["GET"]}}],"collection":[{"href":"https:\/\/consrecife.esteri.it\/it\/wp-json\/wp\/v2\/pages"}],"about":[{"href":"https:\/\/consrecife.esteri.it\/it\/wp-json\/wp\/v2\/types\/page"}],"author":[{"embeddable":true,"href":"https:\/\/consrecife.esteri.it\/it\/wp-json\/wp\/v2\/users\/4"}],"replies":[{"embeddable":true,"href":"https:\/\/consrecife.esteri.it\/it\/wp-json\/wp\/v2\/comments?post=818"}],"version-history":[{"count":0,"href":"https:\/\/consrecife.esteri.it\/it\/wp-json\/wp\/v2\/pages\/818\/revisions"}],"up":[{"embeddable":true,"href":"https:\/\/consrecife.esteri.it\/it\/wp-json\/wp\/v2\/pages\/176"}],"wp:attachment":[{"href":"https:\/\/consrecife.esteri.it\/it\/wp-json\/wp\/v2\/media?parent=818"}],"curies":[{"name":"wp","href":"https:\/\/api.w.org\/{rel}","templated":true}]}}