{"id":848,"date":"2023-01-26T15:07:59","date_gmt":"2023-01-26T14:07:59","guid":{"rendered":"https:\/\/consrecife.esteri.it\/?page_id=848"},"modified":"2024-01-29T16:43:21","modified_gmt":"2024-01-29T19:43:21","slug":"rimpatrio-definitivo-in-italia","status":"publish","type":"page","link":"https:\/\/consrecife.esteri.it\/it\/servizi-consolari-e-visti\/servizi-per-il-cittadino-italiano\/assistenza-ai-cittadini-allestero\/rimpatrio-definitivo-in-italia\/","title":{"rendered":"Rimpatrio definitivo in Italia"},"content":{"rendered":"<p style=\"text-align: justify; margin: 0cm 0cm 6.0pt 0cm;\">I cittadini iscritti AIRE che rientrano definitivamente in Italia dovranno presentarsi presso il Comune dove hanno deciso di stabilirsi per dichiarare il nuovo indirizzo di residenza. Nella stessa data il Comune provveder\u00e0 alla cancellazione dall\u2019AIRE con contestuale iscrizione in APR (Anagrafe Popolazione Residente).<\/p>\n<p style=\"text-align: justify; margin: 0cm 0cm 6.0pt 0cm;\">\u00c8 cura del Comune comunicare ufficialmente la data di decorrenza del rimpatrio al Consolato di provenienza che registrer\u00e0 nei propri schedari consolari il rimpatrio.<\/p>\n<p style=\"text-align: justify; margin: 0cm 0cm 6.0pt 0cm;\">La cancellazione dall&#8217;Aire per rimpatrio, con il conseguente aggiornamento dello schedario consolare, pu\u00f2 avvenire solo in seguito alla conferma dell&#8217;iscrizione del cittadino presso l&#8217;APR da parte del Comune italiano, che ripristina la residenza anagrafica e l&#8217;iscrizione nell&#8217;elenco degli elettori nel territorio della Repubblica e ne d\u00e0 comunicazione all&#8217;Ufficio consolare.<\/p>\n<p>&nbsp;<\/p>\n<p><span style=\"text-decoration: underline;\"><strong>Rimpatrio Masserizie<\/strong><\/span><\/p>\n<p style=\"text-align: justify;\">Ai cittadini italiani iscritti all\u2019 A.I.R.E. (Anagrafe degli Italiani Residenti all\u2019Estero) da almeno (12) dodici mesi, che intendono rientrare definitivamente in Italia, \u00e8 consentita l\u2019importazione nel territorio nazionale, in franchigia doganale, delle proprie masserizie usate (effetti personali, arredi, veicoli, apparecchi radiofonici, televisori ed impianti HI-FI &#8211; indicando marca, modello e numero di matricola dell\u2019apparecchio &#8211; utensili e strumenti necessari alla professione, nonch\u00e9 degli altri oggetti d\u2019uso domestico).<\/p>\n<p style=\"text-align: justify;\">Per il rilascio da parte del Consolato del<strong> \u201cCERTIFICATO CONSOLARE PER L&#8217;ESENZIONE DAL PAGAMENTO DELLE IMPOSTE DOGANALI SULL&#8217;IMPORTAZIONE IN ITALIA DELLE MASSERIZIE USATE\u201d <\/strong><strong>l<\/strong><strong>\u2019<\/strong>interessato deve:<\/p>\n<p style=\"text-align: justify;\">&#8211; essere iscritto all\u2019A.I.R.E. (Anagrafe degli Italiani Residenti all\u2019Estero) da almeno un anno;<\/p>\n<p style=\"text-align: justify;\">&#8211; presentare l\u2019originale e una fotocopia del passaporto italiano in corso di validit\u00e0 e dell\u2019RNE\/RG;<\/p>\n<p style=\"text-align: justify;\">&#8211; predisporre in 3 copie la lista dettagliata delle masserizie;<\/p>\n<p style=\"text-align: justify;\">&#8211; compilare la dichiarazione di rimpatrio (<a href=\"https:\/\/consrecife.esteri.it\/wp-content\/uploads\/2023\/01\/dichiarazione_di_rimpatrio.docx\">dichiarazione_di_rimpatrio<\/a>);<\/p>\n<p style=\"text-align: justify;\">&#8211; richiedere un appuntamento tramite il seguente indirizzo di posta elettronica: <a href=\"mailto:notarile.recife@esteri.it\">recife.assistenza@esteri.it<\/a><\/p>\n<p style=\"text-align: justify; margin: 0cm 0cm 6.0pt 0cm;\">Qualora l\u2019interessato sia impossibilitato a presentarsi personalmente potr\u00e0 farsi rappresentare da terzi (\u00e8 sufficiente una comunicazione tramite lo stesso indirizzo di posta elettronica). In tal caso firmer\u00e0 le tre copie della lista (in tutte le pagine) e la dichiarazione di rimpatrio, facendo legalizzare la sua firma presso un \u201cCart\u00f3rio\u201d o \u201cTabelionato de Notas\u201d.<\/p>\n<p style=\"text-align: justify; margin: 0cm 0cm 6.0pt 0cm;\">Il rientro delle masserizie deve avvenire entro 12 mesi dalla data dichiarata come ultimo giorno di residenza all\u2019estero e deve avere come destinazione l\u2019indirizzo di residenza che l\u2019interessato ha fissato in Italia al suo rientro.<\/p>\n<p style=\"text-align: justify; margin: 0cm 0cm 6.0pt 0cm;\">Il rilascio della certificazione \u00e8 gratuito.<\/p>\n<p>&nbsp;<\/p>\n<p><span style=\"text-decoration: underline;\"><strong>Viaggiare all\u2019estero con un animale domestico<\/strong><\/span><\/p>\n<p><strong>ATTENZIONE: \u00c8 necessario prepararsi al viaggio con un animale domestico con almeno 120 giorni di anticipo.<\/strong><\/p>\n<p>Tutte le procedure e i requisiti sono disponibili sulla pagina del Ministero dell\u2019Agricoltura del Brasile (MAPA): <a href=\"https:\/\/www.gov.br\/agricultura\/pt-br\/assuntos\/vigilancia-agropecuaria\/animais-estimacao\">https:\/\/www.gov.br\/agricultura\/pt-br\/assuntos\/vigilancia-agropecuaria\/animais-estimacao<\/a><\/p>\n<p>Nello specifico per entrare in Brasile con un animale domestico: <a href=\"https:\/\/www.gov.br\/agricultura\/pt-br\/assuntos\/vigilancia-agropecuaria\/animais-estimacao\/entrar-no-brasil\">https:\/\/www.gov.br\/agricultura\/pt-br\/assuntos\/vigilancia-agropecuaria\/animais-estimacao\/entrar-no-brasil<\/a><\/p>\n<p>E per lasciare il Brasile: <a href=\"https:\/\/www.gov.br\/agricultura\/pt-br\/assuntos\/vigilancia-agropecuaria\/animais-estimacao\/sair-do-brasil\">https:\/\/www.gov.br\/agricultura\/pt-br\/assuntos\/vigilancia-agropecuaria\/animais-estimacao\/sair-do-brasil<\/a><\/p>\n<p><a href=\"https:\/\/www.gov.br\/agricultura\/pt-br\/assuntos\/vigilancia-agropecuaria\/animais-estimacao\/sair-do-brasil\/requisitos-em-pdf-publicados\/uniao-europeia-site-mapa-jul-22.pdf\"><strong>PDF<\/strong> <\/a>con i requisiti dell\u2019Unione Europea.<\/p>\n<p>\u00c8 disponibile anche un Manuale del Cittadino con tutte le istruzioni passo passo per non avere dubbi. Accedi al <a href=\"https:\/\/www.gov.br\/agricultura\/pt-br\/assuntos\/vigilancia-agropecuaria\/animais-estimacao\/sair-do-brasil\/manual-e-cvi-uniao-europeia-irlanda-do-norte-noruega-e-suica-jan-23-v-2.pdf\"><strong>\u201cManual do Cidad\u00e3o \u2013 Uni\u00e3o Europeia, Irlanda do Norte, Noruega e Su\u00ed\u00e7a\u201d<\/strong><\/a> \u201cManuale del cittadino \u2013 Unione Europea, Irlanda del Nord, Norvegia e Svizzera\u201d qui<\/p>\n<p>\u00c8 disponibile un video per la corretta compilazione della domanda. Accedi qui: <a href=\"https:\/\/www.youtube.com\/watch?v=-EaTVJhcI54\"><strong>Demonstra\u00e7\u00e3o do preenchimento de uma solicita\u00e7\u00e3o com detalhamento passo a passo<\/strong><\/a>\u00a0(Dimostrazione di compilazione di una richiesta con dettagli passo passo).<\/p>\n<p>In caso di difficolt\u00e0 di accesso allo strumento, \u00e8 disponibile un canale tecnico attraverso il quale i cittadini possono aprire un ticket: <a href=\"https:\/\/www.gov.br\/governodigital\/pt-br\/atendimento-gov.br\/duvidas-na-plataforma-de-automacao\">https:\/\/www.gov.br\/governodigital\/pt-br\/atendimento-gov.br\/duvidas-na-plataforma-de-automacao<\/a><\/p>\n<p>Se avete altre domande, inviate un\u2019e-mail al Ministero dell\u2019Agricoltura del Brasile a: <a href=\"mailto:cvi.vigiagro@agro.gov.br\">cvi.vigiagro@agro.gov.br<\/a><\/p>\n<p>&nbsp;<\/p>\n","protected":false},"excerpt":{"rendered":"I cittadini iscritti AIRE che rientrano definitivamente in Italia dovranno presentarsi presso il Comune dove hanno deciso di stabilirsi per dichiarare il nuovo indirizzo di residenza. Nella stessa data il Comune provveder\u00e0 alla cancellazione dall\u2019AIRE con contestuale iscrizione in APR (Anagrafe Popolazione Residente). \u00c8 cura del Comune comunicare ufficialmente la data di decorrenza del rimpatrio [&hellip;]","protected":false},"author":4,"featured_media":0,"parent":177,"menu_order":0,"comment_status":"closed","ping_status":"closed","template":"","meta":{"footnotes":""},"class_list":["post-848","page","type-page","status-publish","hentry"],"_links":{"self":[{"href":"https:\/\/consrecife.esteri.it\/it\/wp-json\/wp\/v2\/pages\/848","targetHints":{"allow":["GET"]}}],"collection":[{"href":"https:\/\/consrecife.esteri.it\/it\/wp-json\/wp\/v2\/pages"}],"about":[{"href":"https:\/\/consrecife.esteri.it\/it\/wp-json\/wp\/v2\/types\/page"}],"author":[{"embeddable":true,"href":"https:\/\/consrecife.esteri.it\/it\/wp-json\/wp\/v2\/users\/4"}],"replies":[{"embeddable":true,"href":"https:\/\/consrecife.esteri.it\/it\/wp-json\/wp\/v2\/comments?post=848"}],"version-history":[{"count":2,"href":"https:\/\/consrecife.esteri.it\/it\/wp-json\/wp\/v2\/pages\/848\/revisions"}],"predecessor-version":[{"id":2856,"href":"https:\/\/consrecife.esteri.it\/it\/wp-json\/wp\/v2\/pages\/848\/revisions\/2856"}],"up":[{"embeddable":true,"href":"https:\/\/consrecife.esteri.it\/it\/wp-json\/wp\/v2\/pages\/177"}],"wp:attachment":[{"href":"https:\/\/consrecife.esteri.it\/it\/wp-json\/wp\/v2\/media?parent=848"}],"curies":[{"name":"wp","href":"https:\/\/api.w.org\/{rel}","templated":true}]}}