{"id":901,"date":"2023-01-26T21:32:14","date_gmt":"2023-01-26T20:32:14","guid":{"rendered":"https:\/\/consrecife.esteri.it\/?page_id=901"},"modified":"2024-12-17T09:19:48","modified_gmt":"2024-12-17T12:19:48","slug":"orari-di-ricevimento-del-pubblico","status":"publish","type":"page","link":"https:\/\/consrecife.esteri.it\/it\/chi-siamo\/gli-uffici\/orari-di-ricevimento-del-pubblico\/","title":{"rendered":"Orari di ricevimento del pubblico"},"content":{"rendered":"<p style=\"text-align: justify;\">Si segnala che il Consolato riceve solo su appuntamento. Si prega di visitare le diverse sezioni del sito per informazione sui servizi consolari e di scrivere all\u2019indirizzo email del settore di interesse per richiedere un appuntamento.<\/p>\n<p style=\"text-align: justify;\">Per consultare gli orari degli Uffici Dipendenti della rete consolare onoraria presenti nelle capitali degli stati della nostra circoscrizione si prega di vedere la sezione <a href=\"https:\/\/consrecife.esteri.it\/it\/chi-siamo\/la-rete-consolare\/\">La Rete Consolare<\/a>.<\/p>\n<p style=\"text-align: justify;\"><strong>INFORMAZIONI TELEFONICHE<\/strong><\/p>\n<p style=\"text-align: justify;\">Segnaliamo che l\u2019orario in cui il Consolato risponde ad eventuali dubbi per telefono \u00e8 dalle ore 14:00 alle ore 15:30, dal luned\u00ed al venerd\u00ec al numero <a href=\"https:\/\/www.google.com\/search?source=hp&amp;ei=yYzTX-GUO_3Y5OUPjoSMoAE&amp;q=consolato+recife&amp;oq=conso&amp;gs_lcp=CgZwc3ktYWIQARgAMggIABDHARCvATIICAAQxwEQrwEyAggAMgIIADIICAAQxwEQrwEyCAgAEMcBEK8BMgIIADIICAAQxwEQrwEyAggAMgIIADoICAAQxwEQowI6AgguOgUILhCTAkoFCAcSATFKBQgIEgExSgUICRIBMUoGCAoSAjg3UJgHWIEZYIMpaAJwAHgAgAG2AYgBgwmSAQMwLjeYAQCgAQGqAQdnd3Mtd2l6&amp;sclient=psy-ab\" data-ved=\"2ahUKEwj5vfr6m8btAhUED7kGHdqyAvQQkAgoADAUegQIERAD\" data-dtype=\"d3ifr\" data-local-attribute=\"d3ph\">(81) 3035-4700<\/a><\/p>\n","protected":false},"excerpt":{"rendered":"Si segnala che il Consolato riceve solo su appuntamento. Si prega di visitare le diverse sezioni del sito per informazione sui servizi consolari e di scrivere all\u2019indirizzo email del settore di interesse per richiedere un appuntamento. Per consultare gli orari degli Uffici Dipendenti della rete consolare onoraria presenti nelle capitali degli stati della nostra circoscrizione [&hellip;]","protected":false},"author":4,"featured_media":0,"parent":61,"menu_order":0,"comment_status":"closed","ping_status":"closed","template":"","meta":{"footnotes":""},"class_list":["post-901","page","type-page","status-publish","hentry"],"_links":{"self":[{"href":"https:\/\/consrecife.esteri.it\/it\/wp-json\/wp\/v2\/pages\/901","targetHints":{"allow":["GET"]}}],"collection":[{"href":"https:\/\/consrecife.esteri.it\/it\/wp-json\/wp\/v2\/pages"}],"about":[{"href":"https:\/\/consrecife.esteri.it\/it\/wp-json\/wp\/v2\/types\/page"}],"author":[{"embeddable":true,"href":"https:\/\/consrecife.esteri.it\/it\/wp-json\/wp\/v2\/users\/4"}],"replies":[{"embeddable":true,"href":"https:\/\/consrecife.esteri.it\/it\/wp-json\/wp\/v2\/comments?post=901"}],"version-history":[{"count":3,"href":"https:\/\/consrecife.esteri.it\/it\/wp-json\/wp\/v2\/pages\/901\/revisions"}],"predecessor-version":[{"id":3848,"href":"https:\/\/consrecife.esteri.it\/it\/wp-json\/wp\/v2\/pages\/901\/revisions\/3848"}],"up":[{"embeddable":true,"href":"https:\/\/consrecife.esteri.it\/it\/wp-json\/wp\/v2\/pages\/61"}],"wp:attachment":[{"href":"https:\/\/consrecife.esteri.it\/it\/wp-json\/wp\/v2\/media?parent=901"}],"curies":[{"name":"wp","href":"https:\/\/api.w.org\/{rel}","templated":true}]}}