{"id":915,"date":"2023-01-27T13:37:33","date_gmt":"2023-01-27T12:37:33","guid":{"rendered":"https:\/\/consrecife.esteri.it\/?page_id=915"},"modified":"2025-12-22T11:58:53","modified_gmt":"2025-12-22T14:58:53","slug":"consoli-onorari-e-agenti-consolari","status":"publish","type":"page","link":"https:\/\/consrecife.esteri.it\/it\/chi-siamo\/la-rete-consolare\/consoli-onorari-e-agenti-consolari\/","title":{"rendered":"Consoli onorari e Agenti consolari"},"content":{"rendered":"<p style=\"margin: 0cm 0cm 3.0pt 0cm;\"><strong>FORTALEZA &#8211; CONSOLATO ONORARIO<\/strong><\/p>\n<p style=\"margin: 0cm 0cm 3.0pt 0cm;\"><strong>Console Onorario: <\/strong>SIG. VITTORIO GHIA<\/p>\n<p style=\"text-align: justify; margin: 0cm 0cm 3.0pt 0cm;\"><strong>Indirizzo: <\/strong>Via\u00a0Dr. Atualpa Barbosa Lima, 630 \u2013 Business House \u2013 Sala 207 &#8211; Meireles &#8211; Fortaleza &#8211; CE, 60115-015<\/p>\n<p style=\"text-align: justify; margin: 0cm 0cm 3.0pt 0cm;\"><strong>Cell: <\/strong>+55 (85) 3273-2606. Luned\u00ec, mercoled\u00ec e venerd\u00ec dall 14 alle 17. Si consiglia di inviare una email.<\/p>\n<p style=\"text-align: justify; margin: 0cm 0cm 3.0pt 0cm;\"><strong>Cell. emergenza: <\/strong>+55 (85) 98892-7355 (da chiamare solo in casi di ESTREMA e REALE EMERGENZA riguardanti cittadini italiani.Questo numero non fornisce informazioni su cittadinanza, passaporti, visti o altri servizi consolari).<\/p>\n<p style=\"margin: 0cm 0cm 3.0pt 0cm;\"><strong>E-mail: <\/strong><a href=\"mailto:consolato@consolato-italia-fortaleza.org\">consolato@consolato-italia-fortaleza.org <\/a><\/p>\n<p style=\"margin: 0cm 0cm 3.0pt 0cm;\"><strong>Ricezione pubblico: <\/strong>mercoled\u00ec dalle 9:00 alle 13:00<\/p>\n<p style=\"margin: 0cm 0cm 3.0pt 0cm;\"><strong>Competenza territoriale<\/strong>: Cear\u00e1 &#8211; Piau\u00ed<\/p>\n<p style=\"margin: 0cm 0cm 3.0pt 0cm;\"><em><strong><a href=\"https:\/\/consrecife.esteri.it\/wp-content\/uploads\/2023\/04\/ESTRATTO_DLF_GHIA_CO_FORTALEZA_BRASILE.pdf\">Consulta il Decreto di Limitazione Funzioni del Consolato Onorario di Fortaleza<\/a><\/strong><\/em><\/p>\n<p>&nbsp;<\/p>\n<p style=\"text-align: justify; margin: 0cm 0cm 3.0pt 0cm;\"><strong>SALVADOR &#8211; CONSOLATO ONORARIO<\/strong><\/p>\n<p style=\"text-align: justify; margin: 0cm 0cm 3.0pt 0cm;\"><strong>Indirizzo: <\/strong>Avenida Sete de Setembro, 1238 &#8211; Campo Grande &#8211; CEP 40080-001 &#8211; Salvador, BA.<\/p>\n<p style=\"text-align: justify; margin: 0cm 0cm 3.0pt 0cm;\"><strong>Cell. emergenza: <\/strong>+55 (71) 99234-4900 (da chiamare solo in casi di ESTREMA e REALE EMERGENZA riguardanti cittadini italiani.Questo numero non fornisce informazioni su cittadinanza, passaporti, visti o altri servizi consolari)<\/p>\n<p style=\"margin: 0cm 0cm 3.0pt 0cm;\"><strong>E-mail: <a href=\"mailto:salvador.onorario@gmail.com\">salvador.onorario@gmail.com<\/a><\/strong><\/p>\n<p style=\"margin: 0cm 0cm 3.0pt 0cm;\"><strong>Ricezione pubblico: <\/strong>luned\u00ec dalle 9:00 alle 15:00.<\/p>\n<p style=\"margin: 0cm 0cm 3.0pt 0cm;\"><strong>Competenza territoriale<\/strong>: Bahia.<\/p>\n<p style=\"margin: 0cm 0cm 3.0pt 0cm;\"><em><strong><a href=\"https:\/\/consrecife.esteri.it\/wp-content\/uploads\/2023\/04\/ESTRATTO_DLF_GARZIERA_CO_SALVADOR_BRASILE.pdf\">Consulta il Decreto di Limitazione Funzioni del Consolato Onorario di Salvador<\/a><\/strong><\/em><\/p>\n<p>&nbsp;<\/p>\n<p style=\"margin: 0cm 0cm 3.0pt 0cm;\"><strong>S\u00c3O LU\u00cdS &#8211; AGENZIA CONSOLARE<\/strong><\/p>\n<p style=\"margin: 0cm 0cm 3.0pt 0cm;\"><strong>Agente consolare: <\/strong>ING. FRANCESCO CERRATO<\/p>\n<p style=\"margin: 0cm 0cm 3.0pt 0cm;\"><strong>Indirizzo: <\/strong>Avenida Dos Holandeses n\u00b014, Edf. Century, sala 2, Terreo &#8211; 65071-380 \u2013 S\u00e3o Luis\/MA.<\/p>\n<p style=\"margin: 0cm 0cm 3.0pt 0cm;\"><strong>Cell: <\/strong>+55 (98) 970195050. Venerd\u00ec dalle9:00 alle 12:00. Si consiglia comunque di scrivere un\u2019e-mail.<\/p>\n<p style=\"text-align: justify; margin: 0cm 0cm 3.0pt 0cm;\"><strong>Cell. emergenza: <\/strong>+55 (98) 985120660 (da chiamare solo in casi di ESTREMA e REALE EMERGENZA riguardanti cittadini italiani.Questo numero non fornisce informazioni su cittadinanza, passaporti, visti o altri servizi consolari).<\/p>\n<p style=\"margin: 0cm 0cm 3.0pt 0cm;\"><strong>E-mail: <a href=\"mailto:circoloitaliasaoluis@gmail.com\">circoloitaliasaoluis@gmail.com<\/a><\/strong><\/p>\n<p style=\"margin: 0cm 0cm 3.0pt 0cm;\"><strong>Ricezione pubblico: <\/strong>\u00a0Venerd\u00ed dalle 9:00 alle 12:00.<\/p>\n<p style=\"margin: 0cm 0cm 3.0pt 0cm;\"><strong>Competenza territoriale<\/strong>: Maranh\u00e3o<\/p>\n<p style=\"margin: 0cm 0cm 3.0pt 0cm;\"><strong><em><a href=\"https:\/\/consrecife.esteri.it\/wp-content\/uploads\/2023\/04\/ESTRATTO_DLF_CERRATO_ACO_SAO_LUIS_BRASILE.pdf\">Consulta il Decreto di Limitazione Funzioni dell&#8217;Agenzia Consolare di S\u00e3o Lu\u00eds<\/a><\/em><\/strong><\/p>\n","protected":false},"excerpt":{"rendered":"FORTALEZA &#8211; CONSOLATO ONORARIO Console Onorario: SIG. VITTORIO GHIA Indirizzo: Via\u00a0Dr. Atualpa Barbosa Lima, 630 \u2013 Business House \u2013 Sala 207 &#8211; Meireles &#8211; Fortaleza &#8211; CE, 60115-015 Cell: +55 (85) 3273-2606. Luned\u00ec, mercoled\u00ec e venerd\u00ec dall 14 alle 17. Si consiglia di inviare una email. Cell. emergenza: +55 (85) 98892-7355 (da chiamare solo in [&hellip;]","protected":false},"author":4,"featured_media":0,"parent":64,"menu_order":0,"comment_status":"closed","ping_status":"closed","template":"","meta":{"footnotes":""},"class_list":["post-915","page","type-page","status-publish","hentry"],"_links":{"self":[{"href":"https:\/\/consrecife.esteri.it\/it\/wp-json\/wp\/v2\/pages\/915","targetHints":{"allow":["GET"]}}],"collection":[{"href":"https:\/\/consrecife.esteri.it\/it\/wp-json\/wp\/v2\/pages"}],"about":[{"href":"https:\/\/consrecife.esteri.it\/it\/wp-json\/wp\/v2\/types\/page"}],"author":[{"embeddable":true,"href":"https:\/\/consrecife.esteri.it\/it\/wp-json\/wp\/v2\/users\/4"}],"replies":[{"embeddable":true,"href":"https:\/\/consrecife.esteri.it\/it\/wp-json\/wp\/v2\/comments?post=915"}],"version-history":[{"count":6,"href":"https:\/\/consrecife.esteri.it\/it\/wp-json\/wp\/v2\/pages\/915\/revisions"}],"predecessor-version":[{"id":5002,"href":"https:\/\/consrecife.esteri.it\/it\/wp-json\/wp\/v2\/pages\/915\/revisions\/5002"}],"up":[{"embeddable":true,"href":"https:\/\/consrecife.esteri.it\/it\/wp-json\/wp\/v2\/pages\/64"}],"wp:attachment":[{"href":"https:\/\/consrecife.esteri.it\/it\/wp-json\/wp\/v2\/media?parent=915"}],"curies":[{"name":"wp","href":"https:\/\/api.w.org\/{rel}","templated":true}]}}