{"id":917,"date":"2023-01-27T13:54:04","date_gmt":"2023-01-27T12:54:04","guid":{"rendered":"https:\/\/consrecife.esteri.it\/?page_id=917"},"modified":"2026-03-20T15:49:58","modified_gmt":"2026-03-20T18:49:58","slug":"corrispondenti-consolari","status":"publish","type":"page","link":"https:\/\/consrecife.esteri.it\/it\/chi-siamo\/la-rete-consolare\/corrispondenti-consolari\/","title":{"rendered":"Corrispondenti consolari"},"content":{"rendered":"<div class=\"entry-content\">\n<p><strong>JO\u00c3O PESSOA<\/strong><\/p>\n<p><strong>Corrispondente consolare:<\/strong> Giuliana MAZZANTI<\/p>\n<p><strong>Indirizzo:<\/strong> Av. Epit\u00e1cio Pessoa, 3280, sala 211 \u2013 Jo\u00e3o Pessoa, PB<\/p>\n<p><b>Indirizzo per l&#8217;invio di corrispondenza<\/b>: Caixa Postal 182 \u2013 Intermeres \u2013 CEP 58310-971 \u2013 Cabedelo (PB).<\/p>\n<p><strong>Cell.<\/strong>: +55 (83) 9 9909-5566<\/p>\n<p><strong>E-mail<\/strong>: consolare.giulianamazzanti@gmail.com<\/p>\n<p><b>Ricevimento al pubblico<\/b>: mercoled\u00ec dalle 15:00 alle 18:00.<\/p>\n<p><strong>Competenza territoriale<\/strong>: Para\u00edba<\/p>\n<p>&nbsp;<\/p>\n<p><strong>MACEI\u00d3<\/strong><\/p>\n<p><strong>Corrispondente consolare<\/strong>: Eliza ROGATO<\/p>\n<p><strong>Indirizzo<\/strong>: Rua Engenheiro Gon\u00e7alves Menezes, Empresarial Office Plaza, n\u00famero 53, Sala 112, Centro \u2013 57020-680 \u2013 Macei\u00f3, AL.<\/p>\n<p><strong>Cell.:<\/strong> +55 (82) 9 9624-5767<\/p>\n<p><strong>E-mail:<\/strong> consmaceio@hotmail.com<\/p>\n<p><b>Ricevimento al pubblico<\/b>: da luned\u00ec a venerd\u00ec dalle 8:00 alle 13:00 e dalle 14:00 alle 17:00. Si raccomanda un appuntamento.<\/p>\n<p><strong>Competenza territoriale<\/strong><strong>:<\/strong>\u00a0Alagoas<\/p>\n<p>&nbsp;<\/p>\n<p><strong>NATAL<\/strong><\/p>\n<p><strong>Corrispondente consolare:<\/strong> Rino Eugenio BORDOGNA<\/p>\n<p><strong>Indirizzo<\/strong>: Rua Auta de Sousa, 275 \u2013 Cidade Alta \u2013 CEP 59025-060 \u2013 Natal, RN.<\/p>\n<p><strong>Cell.<\/strong>: +55 (84) 9417-2912<\/p>\n<p><strong>E-mail<\/strong>: consolatoitalianatal@hotmail.com<\/p>\n<p><b>Ricevimento al pubblico<\/b>: da luned\u00ec a venerd\u00ec dalle 9:00 alle 12:00<\/p>\n<p><strong>Competenza territoriale<\/strong>: Rio Grande do Norte<\/p>\n<\/div>\n<p>&nbsp;<\/p>\n<p><strong>PORTO SEGURO<\/strong><\/p>\n<p><strong>Corrispondente consolare:<\/strong> Laura BRIZI<\/p>\n<p><strong>Indirizzo<\/strong>: Caixa Postal 464\u00a0 \u2013 CEP 45810-000 \u2013 Porto Seguro, BA.<\/p>\n<p><strong>Cell.<\/strong>: +55 (73) 9 88463089<\/p>\n<p><strong>E-mail<\/strong>: consolatoportoseguro@gmail.com<\/p>\n<p><b>Ricevimento al pubblico<\/b>: mercoled\u00ec e gioved\u00ec dalle 8:00 alle 12:00. Si raccomanda un appuntamento.<\/p>\n<p><strong>Competenza territoriale<\/strong>: Bahia<\/p>\n","protected":false},"excerpt":{"rendered":"JO\u00c3O PESSOA Corrispondente consolare: Giuliana MAZZANTI Indirizzo: Av. Epit\u00e1cio Pessoa, 3280, sala 211 \u2013 Jo\u00e3o Pessoa, PB Indirizzo per l&#8217;invio di corrispondenza: Caixa Postal 182 \u2013 Intermeres \u2013 CEP 58310-971 \u2013 Cabedelo (PB). Cell.: +55 (83) 9 9909-5566 E-mail: consolare.giulianamazzanti@gmail.com Ricevimento al pubblico: mercoled\u00ec dalle 15:00 alle 18:00. Competenza territoriale: Para\u00edba &nbsp; MACEI\u00d3 Corrispondente consolare: [&hellip;]","protected":false},"author":4,"featured_media":0,"parent":64,"menu_order":0,"comment_status":"closed","ping_status":"closed","template":"","meta":{"footnotes":""},"class_list":["post-917","page","type-page","status-publish","hentry"],"_links":{"self":[{"href":"https:\/\/consrecife.esteri.it\/it\/wp-json\/wp\/v2\/pages\/917","targetHints":{"allow":["GET"]}}],"collection":[{"href":"https:\/\/consrecife.esteri.it\/it\/wp-json\/wp\/v2\/pages"}],"about":[{"href":"https:\/\/consrecife.esteri.it\/it\/wp-json\/wp\/v2\/types\/page"}],"author":[{"embeddable":true,"href":"https:\/\/consrecife.esteri.it\/it\/wp-json\/wp\/v2\/users\/4"}],"replies":[{"embeddable":true,"href":"https:\/\/consrecife.esteri.it\/it\/wp-json\/wp\/v2\/comments?post=917"}],"version-history":[{"count":4,"href":"https:\/\/consrecife.esteri.it\/it\/wp-json\/wp\/v2\/pages\/917\/revisions"}],"predecessor-version":[{"id":5630,"href":"https:\/\/consrecife.esteri.it\/it\/wp-json\/wp\/v2\/pages\/917\/revisions\/5630"}],"up":[{"embeddable":true,"href":"https:\/\/consrecife.esteri.it\/it\/wp-json\/wp\/v2\/pages\/64"}],"wp:attachment":[{"href":"https:\/\/consrecife.esteri.it\/it\/wp-json\/wp\/v2\/media?parent=917"}],"curies":[{"name":"wp","href":"https:\/\/api.w.org\/{rel}","templated":true}]}}