{"id":1073,"date":"2023-01-31T15:54:49","date_gmt":"2023-01-31T14:54:49","guid":{"rendered":"https:\/\/consrecife.esteri.it\/?page_id=1073"},"modified":"2025-05-20T11:02:25","modified_gmt":"2025-05-20T14:02:25","slug":"como-obter-a-declaracao-de-valor","status":"publish","type":"page","link":"https:\/\/consrecife.esteri.it\/pt\/servizi-consolari-e-visti\/servizi-per-il-cittadino-italiano\/estudos\/declaracoes-de-valor\/como-obter-a-declaracao-de-valor\/","title":{"rendered":"Como obter a Declara\u00e7\u00e3o de Valor"},"content":{"rendered":"<p style=\"text-align: justify;\">O Consulado emite \u2013 sob pedido do interessado \u2013 declara\u00e7\u00f5es de valor de diplomas obtidos em institui\u00e7\u00f5es de ensino (escolas, institutos universit\u00e1rios, universidades, etc.) que tenham sede na Regi\u00e3o Nordeste do Brasil (Estados: Alagoas, Bahia, Cear\u00e1, Maranh\u00e3o, Para\u00edba, Pernambuco, Piau\u00ed, Rio Grande do Norte e Sergipe).<\/p>\n<p style=\"text-align: justify;\">Os documentos dever\u00e3o ser entregues a retirados pessoalmente ou por um procurador. Nesse \u00faltimo caso, ser\u00e1 aceita somente com a <u>apresenta\u00e7\u00e3o de uma procura\u00e7\u00e3o com firma reconhecida por autenticidade em cart\u00f3rio. Caso<\/u><u> o requerente seja cidad\u00e3o italiano ou cidad\u00e3o estrangeiro residente regularmente na It\u00e1lia, n\u00e3o ser\u00e1 necess\u00e1rio realizar o reconhecimento de firma em cart\u00f3rio <strong>apresentando um documento que comprove a regularidade da pr\u00f3pria resid\u00eancia no territ\u00f3rio italiano<\/strong><\/u><strong>.<\/strong><\/p>\n<p style=\"text-align: justify;\"><strong>A documenta\u00e7\u00e3o n\u00e3o poder\u00e1 ser enviada por correspond\u00eancia ordin\u00e1ria nem pelo correio eletr\u00f4nico (e-mail)<\/strong>. Alternativamente, os interessados podem encaminhar a solicita\u00e7\u00e3o por meio dos Consulados Honor\u00e1rios de Salvador e Fortaleza e da Ag\u00eancia Consular Honoraria em S\u00e3o Luis, os quais, depois da an\u00e1lise da documenta\u00e7\u00e3o, a enviar\u00e3o ao Consulado.<\/p>\n<p><strong>COMUNICA\u00c7\u00c3O IMPORTANTE: Informamos que, a partir de 12\/04\/2025, os agendamentos nesse Consulado para a apresenta\u00e7\u00e3o da documenta\u00e7\u00e3o relativa \u00e0s declara\u00e7\u00f5es de valor <span style=\"text-decoration: underline;\">ser\u00e3o realizadas exclusivamente<\/span> atrav\u00e9s do portal <a href=\"https:\/\/prenotami.esteri.it\/\">Prenot@mi<\/a>.<\/strong><br \/>\n<strong>Portanto, salientamos que os requerentes precisam realizar o cadastro no portal <a href=\"https:\/\/prenotami.esteri.it\/\">Prenot@mi<\/a> e seguir as instru\u00e7\u00f5es para marcar o agendamento <span style=\"text-decoration: underline;\">no pr\u00f3prio nome.<br \/>\nN\u00e3o ser\u00e3o aceitos agendamentos realizados no <a href=\"https:\/\/prenotami.esteri.it\/\">Prent@mi<\/a> em nome de procuradores.<\/span><\/strong><\/p>\n<p style=\"text-align: justify;\">Nos casos em que a documenta\u00e7\u00e3o esteja incompleta ou desconforme \u00e0s instru\u00e7\u00f5es publicadas nesse site, a mesma ser\u00e1 restitu\u00edda fornecendo indica\u00e7\u00f5es adequadas para a regulariza\u00e7\u00e3o. Pedimos n\u00e3o enviar dinheiro em esp\u00e9cie com a documenta\u00e7\u00e3o. O Consulado se reserva o direito de solicitar documentos complementares sempre que julgue necess\u00e1rio.<\/p>\n<p style=\"text-align: justify;\">A emiss\u00e3o da declara\u00e7\u00e3o de valor ser\u00e1 gratuita se comprovada \u00e0 efetiva continua\u00e7\u00e3o dos estudos. Para tal finalidade, ser\u00e1 necess\u00e1rio apresentar um documento oficial que comprove um v\u00ednculo (inscri\u00e7\u00e3o ou pre-inscri\u00e7\u00e3o) entre o estudante e a Universidade ou o Instituto de forma\u00e7\u00e3o italiano, no qual a Declara\u00e7\u00e3o de Valor seja expressamente solicitada. No caso em que n\u00e3o seja poss\u00edvel comprovar a continua\u00e7\u00e3o dos estudos, ou seja, em todos os outros casos, inclusive o reconhecimento da pr\u00f3pria profiss\u00e3o, <strong>o servi\u00e7o ser\u00e1 pago<\/strong> no artigo (66N\u00a0 &#8211; DV e 71 caso seja solicitada uma c\u00f3pia conforme autenticada) da tabela de \u201c<strong><a href=\"https:\/\/consrecife.esteri.it\/pt\/servizi-consolari-e-visti\/servizi-per-il-cittadino-italiano\/altri-servizi\/taxas-consulares\/\">Taxas Consulares<\/a><\/strong>\u201d.<\/p>\n<p><strong>Importante:<\/strong> recomendamos contatar a institui\u00e7\u00e3o italiana destinat\u00e1ria da DV para verificar todas as condi\u00e7\u00f5es necess\u00e1rias para obter o benef\u00edcio solicitado (matricula, inscri\u00e7\u00e3o, reconhecimento profissional\u2026) antes de solicitar a Declara\u00e7\u00e3o de Valor.<\/p>\n<p>&nbsp;<\/p>\n","protected":false},"excerpt":{"rendered":"O Consulado emite \u2013 sob pedido do interessado \u2013 declara\u00e7\u00f5es de valor de diplomas obtidos em institui\u00e7\u00f5es de ensino (escolas, institutos universit\u00e1rios, universidades, etc.) que tenham sede na Regi\u00e3o Nordeste do Brasil (Estados: Alagoas, Bahia, Cear\u00e1, Maranh\u00e3o, Para\u00edba, Pernambuco, Piau\u00ed, Rio Grande do Norte e Sergipe). Os documentos dever\u00e3o ser entregues a retirados pessoalmente ou [&hellip;]","protected":false},"author":4,"featured_media":0,"parent":553,"menu_order":0,"comment_status":"closed","ping_status":"closed","template":"","meta":{"footnotes":""},"class_list":["post-1073","page","type-page","status-publish","hentry"],"_links":{"self":[{"href":"https:\/\/consrecife.esteri.it\/pt\/wp-json\/wp\/v2\/pages\/1073","targetHints":{"allow":["GET"]}}],"collection":[{"href":"https:\/\/consrecife.esteri.it\/pt\/wp-json\/wp\/v2\/pages"}],"about":[{"href":"https:\/\/consrecife.esteri.it\/pt\/wp-json\/wp\/v2\/types\/page"}],"author":[{"embeddable":true,"href":"https:\/\/consrecife.esteri.it\/pt\/wp-json\/wp\/v2\/users\/4"}],"replies":[{"embeddable":true,"href":"https:\/\/consrecife.esteri.it\/pt\/wp-json\/wp\/v2\/comments?post=1073"}],"version-history":[{"count":6,"href":"https:\/\/consrecife.esteri.it\/pt\/wp-json\/wp\/v2\/pages\/1073\/revisions"}],"predecessor-version":[{"id":4240,"href":"https:\/\/consrecife.esteri.it\/pt\/wp-json\/wp\/v2\/pages\/1073\/revisions\/4240"}],"up":[{"embeddable":true,"href":"https:\/\/consrecife.esteri.it\/pt\/wp-json\/wp\/v2\/pages\/553"}],"wp:attachment":[{"href":"https:\/\/consrecife.esteri.it\/pt\/wp-json\/wp\/v2\/media?parent=1073"}],"curies":[{"name":"wp","href":"https:\/\/api.w.org\/{rel}","templated":true}]}}