{"id":1114,"date":"2023-02-01T14:31:07","date_gmt":"2023-02-01T17:31:07","guid":{"rendered":"https:\/\/consrecife.esteri.it\/?page_id=1114"},"modified":"2024-06-27T11:02:05","modified_gmt":"2024-06-27T14:02:05","slug":"procedimento-para-requerer-o-reconhecimento-da-cidadania-italiana-ius-sanguinis","status":"publish","type":"page","link":"https:\/\/consrecife.esteri.it\/pt\/servizi-consolari-e-visti\/servizi-per-il-cittadino-straniero\/cittadinanza\/cittadinanza-per-discendenza-iure-sanguinis\/procedimento-para-requerer-o-reconhecimento-da-cidadania-italiana-ius-sanguinis\/","title":{"rendered":"Procedimento para requerer o reconhecimento da cidadania italiana ius sanguinis"},"content":{"rendered":"<p style=\"text-align: justify;\">Com o intuito de agilizar o processo de tratamento dos pedidos de cidadania iure sanguinis, bem como no contexto de um esfor\u00e7o mais geral visando acelerar o processamento dos pedidos pendentes, esse Consulado substituiu, <strong><span style=\"text-decoration: underline;\">a partir de 8 de maio 2023<\/span><\/strong> a modalidade precedente de manifesta\u00e7\u00e3o de interesse em iniciar o processo de reconhecimento da cidadania italiana iure sanguinis por correspond\u00eancia (Lista de espera) pelo sistema de agendamentos atrav\u00e9s do <strong><a href=\"https:\/\/prenotami.esteri.it\">Prenot@mi<\/a><\/strong>, o novo portal ministerial criado para a gest\u00e3o digitalizada dos agendamentos para os servi\u00e7os consulares.<br \/>\nA atualiza\u00e7\u00e3o do procedimento visa tornar mais eficiente o processo de tratamento dos pedidos de cidadania iure sanguinis em vantagem dos requerentes e se situa no quadro dos esfor\u00e7os assumidos por este Consulado para acelerar o processamento dos pedidos e eliminar os pedidos pendentes em lista de espera.<\/p>\n<p style=\"text-align: justify;\">Periodicamente, ser\u00e1 disponibilizado um calend\u00e1rio de datas e os agendamentos ser\u00e3o atribu\u00eddos em base \u00e0 capacidade m\u00e1xima de trabalho deste Consulado.<\/p>\n<p style=\"text-align: justify;\">A abertura do portal Prenot@mi para a defini\u00e7\u00e3o de um agendamento para a apresenta\u00e7\u00e3o do pedido de reconhecimento da cidadania iure sanguinis ser\u00e1 divulgada atrav\u00e9s de uma not\u00edcia espec\u00edfica neste site e nos canais sociais do Consulado.<\/p>\n<div class=\"container\">\n<div id=\"main\" role=\"main\">\n<div class=\"row\"><\/div>\n<\/div>\n<\/div>\n<p style=\"text-align: justify;\"><span style=\"text-decoration: underline;\"><strong>INSCRITOS EM LISTA DE ESPERA 2019-2023<\/strong><\/span><\/p>\n<p style=\"text-align: justify;\">A nova modalidade de solicita\u00e7\u00e3o de agendamentos para a entrega do pedido de reconhecimento da cidadania italiana iure sanguinis atrav\u00e9s do portal Prenot@mi se juntar\u00e1 \u00e0 convoca\u00e7\u00e3o dos requerentes j\u00e1 inscritos na lista de espera, at\u00e9 o esgotamento das listas.<\/p>\n<p style=\"text-align: justify;\">Os inscritos na lista de espera at\u00e9 a entrada em vigor da nova modalidade de agendamento (Prenot@mi), de 2019 a 07 de maio de 2023, poder\u00e3o, portanto, aguardar a convoca\u00e7\u00e3o deste Consulado.<br \/>\nOs requerentes dever\u00e3o seguir todas as instru\u00e7\u00f5es contidas no e-mail de convoca\u00e7\u00e3o, sobre a documenta\u00e7\u00e3o a ser apresentada e os prazos estabelecidos para responder, transcorridos os quais a convoca\u00e7\u00e3o ser\u00e1 cancelada.<br \/>\nNesse \u00faltimo caso, o requerente que ainda quiser apresentar o pedido de reconhecimento da cidadania iure sanguinis junto a este Consulado dever\u00e1 proceder com uma nova solicita\u00e7\u00e3o de agendamento atrav\u00e9s do portal <a href=\"https:\/\/prenotami.esteri.it\"><strong>Prenot@mi<\/strong><\/a>.<\/p>\n","protected":false},"excerpt":{"rendered":"Com o intuito de agilizar o processo de tratamento dos pedidos de cidadania iure sanguinis, bem como no contexto de um esfor\u00e7o mais geral visando acelerar o processamento dos pedidos pendentes, esse Consulado substituiu, a partir de 8 de maio 2023 a modalidade precedente de manifesta\u00e7\u00e3o de interesse em iniciar o processo de reconhecimento da [&hellip;]","protected":false},"author":4,"featured_media":0,"parent":519,"menu_order":0,"comment_status":"closed","ping_status":"closed","template":"","meta":{"footnotes":""},"class_list":["post-1114","page","type-page","status-publish","hentry"],"_links":{"self":[{"href":"https:\/\/consrecife.esteri.it\/pt\/wp-json\/wp\/v2\/pages\/1114","targetHints":{"allow":["GET"]}}],"collection":[{"href":"https:\/\/consrecife.esteri.it\/pt\/wp-json\/wp\/v2\/pages"}],"about":[{"href":"https:\/\/consrecife.esteri.it\/pt\/wp-json\/wp\/v2\/types\/page"}],"author":[{"embeddable":true,"href":"https:\/\/consrecife.esteri.it\/pt\/wp-json\/wp\/v2\/users\/4"}],"replies":[{"embeddable":true,"href":"https:\/\/consrecife.esteri.it\/pt\/wp-json\/wp\/v2\/comments?post=1114"}],"version-history":[{"count":2,"href":"https:\/\/consrecife.esteri.it\/pt\/wp-json\/wp\/v2\/pages\/1114\/revisions"}],"predecessor-version":[{"id":3534,"href":"https:\/\/consrecife.esteri.it\/pt\/wp-json\/wp\/v2\/pages\/1114\/revisions\/3534"}],"up":[{"embeddable":true,"href":"https:\/\/consrecife.esteri.it\/pt\/wp-json\/wp\/v2\/pages\/519"}],"wp:attachment":[{"href":"https:\/\/consrecife.esteri.it\/pt\/wp-json\/wp\/v2\/media?parent=1114"}],"curies":[{"name":"wp","href":"https:\/\/api.w.org\/{rel}","templated":true}]}}