{"id":1278,"date":"2023-01-23T15:01:09","date_gmt":"2023-01-23T18:01:09","guid":{"rendered":"https:\/\/consrecife.esteri.it\/?page_id=1278"},"modified":"2026-01-27T16:02:52","modified_gmt":"2026-01-27T19:02:52","slug":"nascita","status":"publish","type":"page","link":"https:\/\/consrecife.esteri.it\/pt\/servizi-consolari-e-visti\/servizi-per-il-cittadino-italiano\/stato-civile\/nascita\/","title":{"rendered":"Nascimento"},"content":{"rendered":"<p style=\"text-align: justify;\" data-start=\"90\" data-end=\"284\">Com base na Lei n.\u00ba 91 de 1992, conforme modificada pela Lei n.\u00ba 74 de 2025, a transmiss\u00e3o da cidadania italiana a filhos menores nascidos no exterior s\u00f3 \u00e9 poss\u00edvel nos casos indicados a seguir.<\/p>\n<p style=\"text-align: justify;\" data-start=\"286\" data-end=\"443\">Para facilitar a consulta, selecione a situa\u00e7\u00e3o que melhor corresponde ao seu caso para acessar a p\u00e1gina dedicada e a lista completa da documenta\u00e7\u00e3o exigida:<\/p>\n<p style=\"padding-left: 80px; text-align: justify;\" data-start=\"445\" data-end=\"617\">\u27a4 O menor tem um ascendente de primeiro ou segundo grau que possui (ou possu\u00eda, no momento do falecimento) exclusivamente a cidadania italiana<br data-start=\"587\" data-end=\"590\" \/>(<a href=\"https:\/\/consrecife.esteri.it\/pt\/servizi-consolari-e-visti\/servizi-per-il-cittadino-italiano\/stato-civile\/nascita\/nascita-il-minore-ha-un-ascendente-di-primo-o-secondo-grado-che-possiede-o-possedeva-al-momento-del-decesso-esclusivamente-la-cittadinanza-italiana\/\">v\u00e1 para a p\u00e1gina dedicada<\/a>)<\/p>\n<p style=\"padding-left: 80px; text-align: justify;\" data-start=\"619\" data-end=\"823\">\u27a4 O menor tem um genitor ou adotante que tenha residido na It\u00e1lia por pelo menos dois anos consecutivos ap\u00f3s a aquisi\u00e7\u00e3o da cidadania italiana e antes do nascimento ou ado\u00e7\u00e3o<br data-start=\"793\" data-end=\"796\" \/>(<a href=\"https:\/\/consrecife.esteri.it\/pt\/servizi-consolari-e-visti\/servizi-per-il-cittadino-italiano\/stato-civile\/nascita\/nascita-il-minore-possiede-uno-dei-genitori-o-ladottante-che-abbia-risieduto-in-italia-per-almeno-due-anni-consecutivi-dopo-lacquisto-della-cittadinanza-italiana-e-prima-della-nasc\/\">v\u00e1 para a p\u00e1gina dedicada<\/a>)<\/p>\n<p style=\"padding-left: 80px;\" data-start=\"825\" data-end=\"891\">\u27a4 O menor n\u00e3o possui outra cidadania<br data-start=\"861\" data-end=\"864\" \/>(<a href=\"https:\/\/consrecife.esteri.it\/pt\/servizi-consolari-e-visti\/servizi-per-il-cittadino-italiano\/stato-civile\/nascita\/nascita-il-minore-non-possiede-altra-cittadinanza\/\">v\u00e1 para a p\u00e1gina dedicada<\/a>)<\/p>\n<p style=\"padding-left: 80px;\" data-start=\"893\" data-end=\"1017\">\u27a4 Nenhuma das condi\u00e7\u00f5es acima se aplica ao menor<br data-start=\"941\" data-end=\"944\" \/>(<a href=\"https:\/\/consrecife.esteri.it\/pt\/servizi-consolari-e-visti\/servizi-per-il-cittadino-straniero\/cittadinanza\/acquisto-della-cittadinanza-per-beneficio-di-legge-figli-minori-nati-allestero\/\">v\u00e1 para a p\u00e1gina dedicada \u2013 Aquisi\u00e7\u00e3o da cidadania por benef\u00edcio de lei<\/a>)<\/p>\n<hr data-start=\"1019\" data-end=\"1022\" \/>\n<p style=\"text-align: justify;\" data-start=\"1024\" data-end=\"1044\"><strong data-start=\"1024\" data-end=\"1044\">AVISO IMPORTANTE<\/strong><\/p>\n<p style=\"text-align: justify;\" data-start=\"1046\" data-end=\"1289\">Recorda-se que a paternidade\/maternidade socioafetiva N\u00c3O \u00e9 atualmente reconhecida na It\u00e1lia: os documentos e certificados que atestam tal status n\u00e3o s\u00e3o transmitidos e o sobrenome do menor n\u00e3o pode incluir o sobrenome do genitor socioafetivo.<\/p>\n<p style=\"text-align: justify;\" data-start=\"1291\" data-end=\"1332\"><strong data-start=\"1291\" data-end=\"1332\">PARA CASOS PARTICULARES N\u00c3O PREVISTOS<\/strong><\/p>\n<p style=\"text-align: justify;\" data-start=\"1334\" data-end=\"1502\">Para situa\u00e7\u00f5es n\u00e3o contempladas nestas instru\u00e7\u00f5es, solicita-se entrar em contato diretamente com o Setor de Estado Civil no endere\u00e7o:<br data-start=\"1467\" data-end=\"1470\" \/><strong data-start=\"1470\" data-end=\"1502\"><a class=\"decorated-link cursor-pointer\" rel=\"noopener\" data-start=\"1472\" data-end=\"1500\">anagrafe.recife@esteri.it<\/a><\/strong><\/p>\n","protected":false},"excerpt":{"rendered":"Com base na Lei n.\u00ba 91 de 1992, conforme modificada pela Lei n.\u00ba 74 de 2025, a transmiss\u00e3o da cidadania italiana a filhos menores nascidos no exterior s\u00f3 \u00e9 poss\u00edvel nos casos indicados a seguir. Para facilitar a consulta, selecione a situa\u00e7\u00e3o que melhor corresponde ao seu caso para acessar a p\u00e1gina dedicada e a [&hellip;]","protected":false},"author":4,"featured_media":0,"parent":214,"menu_order":0,"comment_status":"closed","ping_status":"closed","template":"","meta":{"footnotes":""},"class_list":["post-1278","page","type-page","status-publish","hentry"],"_links":{"self":[{"href":"https:\/\/consrecife.esteri.it\/pt\/wp-json\/wp\/v2\/pages\/1278","targetHints":{"allow":["GET"]}}],"collection":[{"href":"https:\/\/consrecife.esteri.it\/pt\/wp-json\/wp\/v2\/pages"}],"about":[{"href":"https:\/\/consrecife.esteri.it\/pt\/wp-json\/wp\/v2\/types\/page"}],"author":[{"embeddable":true,"href":"https:\/\/consrecife.esteri.it\/pt\/wp-json\/wp\/v2\/users\/4"}],"replies":[{"embeddable":true,"href":"https:\/\/consrecife.esteri.it\/pt\/wp-json\/wp\/v2\/comments?post=1278"}],"version-history":[{"count":6,"href":"https:\/\/consrecife.esteri.it\/pt\/wp-json\/wp\/v2\/pages\/1278\/revisions"}],"predecessor-version":[{"id":5435,"href":"https:\/\/consrecife.esteri.it\/pt\/wp-json\/wp\/v2\/pages\/1278\/revisions\/5435"}],"up":[{"embeddable":true,"href":"https:\/\/consrecife.esteri.it\/pt\/wp-json\/wp\/v2\/pages\/214"}],"wp:attachment":[{"href":"https:\/\/consrecife.esteri.it\/pt\/wp-json\/wp\/v2\/media?parent=1278"}],"curies":[{"name":"wp","href":"https:\/\/api.w.org\/{rel}","templated":true}]}}