{"id":141,"date":"2022-12-14T13:53:02","date_gmt":"2022-12-14T16:53:02","guid":{"rendered":"https:\/\/consrecife.esteri.it\/servizi-consolari-e-visti\/servizi-per-il-cittadino-straniero\/visti\/"},"modified":"2024-05-20T12:49:02","modified_gmt":"2024-05-20T15:49:02","slug":"visti","status":"publish","type":"page","link":"https:\/\/consrecife.esteri.it\/pt\/servizi-consolari-e-visti\/servizi-per-il-cittadino-straniero\/visti\/","title":{"rendered":"Vistos"},"content":{"rendered":"<p><strong>INFORMA\u00c7\u00d5ES GERAIS<\/strong><\/p>\n<p><span lang=\"PT-BR\">Cidad\u00e3os brasileiros que viajam para a It\u00e1lia por per\u00edodos inferiores a 90 dias N\u00c3O PRECISAM DE VISTO DE ENTRADA.<\/span><\/p>\n<p><span lang=\"PT-BR\">Para per\u00edodos\u00a0<\/span><strong><span lang=\"PT-BR\">superiores a 90 dias<\/span><\/strong><span lang=\"PT-BR\">: os pedidos de visto s\u00f3 podem ser apresentados de forma presencial pelos requerentes.<\/span><\/p>\n<p><strong><span lang=\"PT-BR\">Os agendamentos de entrevista pessoal para emiss\u00e3o de visto, a serem agendados a partir de 06\/05\/2024, devem ser agendados atrav\u00e9s do portal online\u00a0<\/span><a href=\"https:\/\/prenotami.esteri.it\/\" target=\"_blank\" rel=\"noopener noreferrer\"><span lang=\"PT-BR\">prenot@mi<\/span><\/a><\/strong><\/p>\n<p><span lang=\"PT-BR\">Para a documenta\u00e7\u00e3o a ser apresentada de apoio ao pedido de visto, por favor, siga rigorosamente as instru\u00e7\u00f5es fornecidas na p\u00e1gina dedicada a cada tipo de visto:\u00a0<\/span><a href=\"https:\/\/consrecife.esteri.it\/pt\/servizi-consolari-e-visti\/servizi-per-il-cittadino-straniero\/visti\/tipos-de-vistos\/\" target=\"_blank\" rel=\"noopener noreferrer\"><span lang=\"PT-BR\">Tipos de Vistos<\/span><\/a><\/p>\n","protected":false},"excerpt":{"rendered":"INFORMA\u00c7\u00d5ES GERAIS Cidad\u00e3os brasileiros que viajam para a It\u00e1lia por per\u00edodos inferiores a 90 dias N\u00c3O PRECISAM DE VISTO DE ENTRADA. Para per\u00edodos\u00a0superiores a 90 dias: os pedidos de visto s\u00f3 podem ser apresentados de forma presencial pelos requerentes. Os agendamentos de entrevista pessoal para emiss\u00e3o de visto, a serem agendados a partir de 06\/05\/2024, [&hellip;]","protected":false},"author":3,"featured_media":0,"parent":95,"menu_order":0,"comment_status":"closed","ping_status":"closed","template":"","meta":{"footnotes":""},"class_list":["post-141","page","type-page","status-publish","hentry"],"_links":{"self":[{"href":"https:\/\/consrecife.esteri.it\/pt\/wp-json\/wp\/v2\/pages\/141","targetHints":{"allow":["GET"]}}],"collection":[{"href":"https:\/\/consrecife.esteri.it\/pt\/wp-json\/wp\/v2\/pages"}],"about":[{"href":"https:\/\/consrecife.esteri.it\/pt\/wp-json\/wp\/v2\/types\/page"}],"author":[{"embeddable":true,"href":"https:\/\/consrecife.esteri.it\/pt\/wp-json\/wp\/v2\/users\/3"}],"replies":[{"embeddable":true,"href":"https:\/\/consrecife.esteri.it\/pt\/wp-json\/wp\/v2\/comments?post=141"}],"version-history":[{"count":3,"href":"https:\/\/consrecife.esteri.it\/pt\/wp-json\/wp\/v2\/pages\/141\/revisions"}],"predecessor-version":[{"id":3420,"href":"https:\/\/consrecife.esteri.it\/pt\/wp-json\/wp\/v2\/pages\/141\/revisions\/3420"}],"up":[{"embeddable":true,"href":"https:\/\/consrecife.esteri.it\/pt\/wp-json\/wp\/v2\/pages\/95"}],"wp:attachment":[{"href":"https:\/\/consrecife.esteri.it\/pt\/wp-json\/wp\/v2\/media?parent=141"}],"curies":[{"name":"wp","href":"https:\/\/api.w.org\/{rel}","templated":true}]}}