{"id":152,"date":"2022-12-14T14:18:54","date_gmt":"2022-12-14T17:18:54","guid":{"rendered":"https:\/\/consrecife.esteri.it\/servizi-consolari-e-visti\/servizi-per-il-cittadino-italiano\/altri-servizi\/albo-consolare\/"},"modified":"2023-05-03T19:53:10","modified_gmt":"2023-05-03T17:53:10","slug":"albo-consolare","status":"publish","type":"page","link":"https:\/\/consrecife.esteri.it\/pt\/servizi-consolari-e-visti\/servizi-per-il-cittadino-italiano\/altri-servizi\/albo-consolare\/","title":{"rendered":"Registro consular"},"content":{"rendered":"<ul>\n<li class=\"entry-title h3\"><a href=\"https:\/\/consrecife.esteri.it\/pt\/servizi-consolari-e-visti\/servizi-per-il-cittadino-italiano\/altri-servizi\/albo-consolare\/albo-enti-gestori-registro-dos-entes-gestores-associados-para-o-desenvolvimento-de-cursos-de-lingua-e-cultura-italiana\/\">Albo Enti Gestori (Registro dos entes gestores associados) para o desenvolvimento de cursos de l\u00edngua e cultura italiana<\/a><\/li>\n<li><a href=\"https:\/\/consrecife.esteri.it\/pt\/servizi-consolari-e-visti\/servizi-per-il-cittadino-italiano\/altri-servizi\/albo-consolare\/decretos-consulares\/\">Decretos consulares<\/a><\/li>\n<li class=\"breadcrumb-item active\" aria-current=\"page\"><a href=\"https:\/\/consrecife.esteri.it\/pt\/servizi-consolari-e-visti\/servizi-per-il-cittadino-italiano\/altri-servizi\/albo-consolare\/regulamento-sobre-proteccao-de-dados\/\">Regulamento sobre protec\u00e7\u00e3o de dados<\/a><\/li>\n<\/ul>\n","protected":false},"excerpt":{"rendered":"Albo Enti Gestori (Registro dos entes gestores associados) para o desenvolvimento de cursos de l\u00edngua e cultura italiana Decretos consulares Regulamento sobre protec\u00e7\u00e3o de dados","protected":false},"author":3,"featured_media":0,"parent":148,"menu_order":0,"comment_status":"closed","ping_status":"closed","template":"","meta":{"footnotes":""},"class_list":["post-152","page","type-page","status-publish","hentry"],"_links":{"self":[{"href":"https:\/\/consrecife.esteri.it\/pt\/wp-json\/wp\/v2\/pages\/152","targetHints":{"allow":["GET"]}}],"collection":[{"href":"https:\/\/consrecife.esteri.it\/pt\/wp-json\/wp\/v2\/pages"}],"about":[{"href":"https:\/\/consrecife.esteri.it\/pt\/wp-json\/wp\/v2\/types\/page"}],"author":[{"embeddable":true,"href":"https:\/\/consrecife.esteri.it\/pt\/wp-json\/wp\/v2\/users\/3"}],"replies":[{"embeddable":true,"href":"https:\/\/consrecife.esteri.it\/pt\/wp-json\/wp\/v2\/comments?post=152"}],"version-history":[{"count":0,"href":"https:\/\/consrecife.esteri.it\/pt\/wp-json\/wp\/v2\/pages\/152\/revisions"}],"up":[{"embeddable":true,"href":"https:\/\/consrecife.esteri.it\/pt\/wp-json\/wp\/v2\/pages\/148"}],"wp:attachment":[{"href":"https:\/\/consrecife.esteri.it\/pt\/wp-json\/wp\/v2\/media?parent=152"}],"curies":[{"name":"wp","href":"https:\/\/api.w.org\/{rel}","templated":true}]}}