{"id":1968,"date":"2023-01-16T16:56:53","date_gmt":"2023-01-16T19:56:53","guid":{"rendered":"https:\/\/consrecife.esteri.it\/?page_id=1968"},"modified":"2023-08-02T13:03:43","modified_gmt":"2023-08-02T16:03:43","slug":"eleicao-de-cidadania-2","status":"publish","type":"page","link":"https:\/\/consrecife.esteri.it\/pt\/servizi-consolari-e-visti\/servizi-per-il-cittadino-straniero\/cittadinanza\/eleicao-de-cidadania-2\/","title":{"rendered":"Elei\u00e7\u00e3o de cidadania"},"content":{"rendered":"<p dir=\"ltr\">Para a lei Italiana, quando os genitores n\u00e3o s\u00e3o casados, mesmo que seus nomes constem na certid\u00e3o de nascimento, \u00e9 necess\u00e1rio que ambos declarem ser genitores.<br \/>\nSe o declarante da certid\u00e3o de nascimento n\u00e3o \u00e9 aquele que transmite a cidadania italiana e a declara\u00e7\u00e3o de paternidade\/maternidade por parte do outro genitor for feita ap\u00f3s a maior idade do filho(a), esse filho precisar\u00e1 declarar junto \u00e0 autoridade italiana competente o interesse em adquirir a cidadania italiana.<\/p>\n<p dir=\"ltr\">O prazo legal para assinar um termo espec\u00edfico para a <strong>elei\u00e7\u00e3o da cidadania italiana<\/strong>, nos termos da Lei n. 91 de 05\/02\/1992 da cidadania italiana \u00e9 de at\u00e9 um <strong>(1) ano (improrrog\u00e1vel)<\/strong>, ap\u00f3s a data do ato p\u00fablico de reconhecimento(escritura p\u00fablica declarat\u00f3ria de maternidade\/paternidade), ou ap\u00f3s a confirma\u00e7\u00e3o de efic\u00e1cia na It\u00e1lia do ato jur\u00eddico de reconhecimento. Caso contr\u00e1rio, o filho\/a reconhecido perde o direito \u00e0 aquisi\u00e7\u00e3o da cidadania italiana.<\/p>\n<p dir=\"ltr\">Nesses casos se faz necess\u00e1rio o agendamento junto a este Consulado para a assinatura do termo de elei\u00e7\u00e3o e a apresenta\u00e7\u00e3o da documenta\u00e7\u00e3o abaixo:<\/p>\n<ol>\n<li dir=\"ltr\">Comprovante de cidadania Italiana do genitor;<\/li>\n<li dir=\"ltr\"><a href=\"https:\/\/consrecife.esteri.it\/wp-content\/uploads\/2023\/05\/dichiarazione_sostitutiva_di_certificazione_2023-1.docx\" target=\"_blank\" rel=\"noopener\">Formul\u00e1rio de solicita\u00e7\u00e3o<\/a> devidamente preenchido e assinado pelo requerente;<\/li>\n<li dir=\"ltr\">Segunda via ORIGINAL e recente de INTEIRO TEOR (Verbo ad Verbum) da CERTID\u00c3O DE NASCIMENTO emitida por cart\u00f3rio competente, com APOSTILA (documento de autentica\u00e7\u00e3o emitido em cart\u00f3rio. <a href=\"https:\/\/consrecife.esteri.it\/pt\/servizi-consolari-e-visti\/servizi-per-il-cittadino-italiano\/traduzione-e-legalizzazione-dei-documenti\/\">Leia mais aqui<\/a>);<\/li>\n<li dir=\"ltr\">TRADU\u00c7\u00c3O da certid\u00e3o de nascimento em italiano, feita por TRADUTOR JURAMENTADO (inscritos nas respectivas Juntas Comerciais), com APOSTILA;<\/li>\n<li dir=\"ltr\">Escritura p\u00fablica declarat\u00f3ria de paternidade\/maternidade, com APOSTILA;<\/li>\n<li dir=\"ltr\">TRADU\u00c7\u00c3O da Escritura p\u00fablica declarat\u00f3ria de paternidade\/maternidade, em italiano, feita por TRADUTOR JURAMENTADO, com APOSTILA;<\/li>\n<li dir=\"ltr\">Comprovante do pagamento da taxa de 250 euros ao Minist\u00e9rio do Interior italiano;Transa\u00e7\u00e3o banc\u00e1ria para pagamento de \u20ac 250,00\u00a0(duzentos e cinquenta Euros)\u00a0efetuado atrav\u00e9s de dep\u00f3sito na conta CORRENTE POSTAL \u201cMINISTERO DELL\u2019INTERNO\u00a0 D.L.C.I.\u201djunto ao Banco \u201cPoste Italiane SpA\u201d, situado em \u201cViale Europa, 00175-Roma-RM\u201d;C\/C 3200000000809020 \u2013 Codice IBAN IT 54 D 07601 03200\u00a0 000000809020;Codice SWIFT: BPPIITRRXXX;Informando como causa da transa\u00e7\u00e3o: \u201cIstanza di concessione della cittadinanza italiana \u2013 nome e sobrenome\u201d \u2013 Elezione Cittadinanza (Legge n. 91\/92 \u2013 Art. 2, c. 2)<\/li>\n<li dir=\"ltr\">C\u00f3pia simples de documento oficial de identifica\u00e7\u00e3o com foto, do requerente e dos familiares que residirem com ele;<\/li>\n<li dir=\"ltr\">Comprovante de resid\u00eancia pessoal do requerente\u00a0(de at\u00e9 90 dias). Poder\u00e3o ser apresentados como comprovante de resid\u00eancia:<br \/>\nCertid\u00e3o de t\u00edtulo de eleitor emitido pela Justi\u00e7a eleitoral incluindo o domic\u00edlio do eleitor (<a href=\"https:\/\/www.tse.jus.br\/servicos-eleitorais\/servicos\">www.tse.jus.br\/eleitor\/servicos<\/a>);<br \/>\nTitulo de eleitor original e copia; c\u00f3pia da primeira folha da declara\u00e7\u00e3o de IR do \u00faltimo ano de base de c\u00e1lculo; comprovante de pagamento da mensalidade da faculdade em que seja indicado o endere\u00e7o do aluno; aviso de pagamento da aposentadoria.<\/li>\n<\/ol>\n","protected":false},"excerpt":{"rendered":"Para a lei Italiana, quando os genitores n\u00e3o s\u00e3o casados, mesmo que seus nomes constem na certid\u00e3o de nascimento, \u00e9 necess\u00e1rio que ambos declarem ser genitores. Se o declarante da certid\u00e3o de nascimento n\u00e3o \u00e9 aquele que transmite a cidadania italiana e a declara\u00e7\u00e3o de paternidade\/maternidade por parte do outro genitor for feita ap\u00f3s a [&hellip;]","protected":false},"author":4,"featured_media":0,"parent":222,"menu_order":0,"comment_status":"closed","ping_status":"closed","template":"","meta":{"footnotes":""},"class_list":["post-1968","page","type-page","status-publish","hentry"],"_links":{"self":[{"href":"https:\/\/consrecife.esteri.it\/pt\/wp-json\/wp\/v2\/pages\/1968","targetHints":{"allow":["GET"]}}],"collection":[{"href":"https:\/\/consrecife.esteri.it\/pt\/wp-json\/wp\/v2\/pages"}],"about":[{"href":"https:\/\/consrecife.esteri.it\/pt\/wp-json\/wp\/v2\/types\/page"}],"author":[{"embeddable":true,"href":"https:\/\/consrecife.esteri.it\/pt\/wp-json\/wp\/v2\/users\/4"}],"replies":[{"embeddable":true,"href":"https:\/\/consrecife.esteri.it\/pt\/wp-json\/wp\/v2\/comments?post=1968"}],"version-history":[{"count":0,"href":"https:\/\/consrecife.esteri.it\/pt\/wp-json\/wp\/v2\/pages\/1968\/revisions"}],"up":[{"embeddable":true,"href":"https:\/\/consrecife.esteri.it\/pt\/wp-json\/wp\/v2\/pages\/222"}],"wp:attachment":[{"href":"https:\/\/consrecife.esteri.it\/pt\/wp-json\/wp\/v2\/media?parent=1968"}],"curies":[{"name":"wp","href":"https:\/\/api.w.org\/{rel}","templated":true}]}}