{"id":1997,"date":"2023-01-27T13:54:04","date_gmt":"2023-01-27T16:54:04","guid":{"rendered":"https:\/\/consrecife.esteri.it\/chi-siamo\/la-rete-consolare\/corrispondenti-consolari\/"},"modified":"2026-03-20T15:50:47","modified_gmt":"2026-03-20T18:50:47","slug":"corrispondenti-consolari","status":"publish","type":"page","link":"https:\/\/consrecife.esteri.it\/pt\/chi-siamo\/la-rete-consolare\/corrispondenti-consolari\/","title":{"rendered":"Correspondentes Consulares"},"content":{"rendered":"<p><strong>JO\u00c3O PESSOA<\/strong><\/p>\n<div class=\"row\">\n<div class=\"col-lg-8\">\n<article id=\"post-944\" class=\"post-944 page type-page status-publish hentry\">\n<div class=\"entry-content\">\n<p><strong>Correspondente Consular:<\/strong> Giuliana MAZZANTI<\/p>\n<p><strong>Endere\u00e7o:<\/strong> Av. Epit\u00e1cio Pessoa, 3280, sala 211 \u2013 Jo\u00e3o Pessoa, PB<\/p>\n<p><strong>Endere\u00e7o para correspond\u00eancia em papel<\/strong>: Caixa Postal 182 \u2013 Intermeres \u2013 CEP 58310-971 \u2013 Cabedelo (PB).<\/p>\n<p><strong>Cell.<\/strong>: +55 (83)9 9909-5566<\/p>\n<p><strong>E-mail<\/strong>: consolare.giulianamazzanti@gmail.com<\/p>\n<p><strong>Atendimento ao publico<\/strong>: quartas-feiras das 15:00 \u00e0s 18:00.<\/p>\n<p><strong>Jurisdi\u00e7\u00e3o territorial<\/strong>: Para\u00edba<\/p>\n<p>&nbsp;<\/p>\n<p><strong>MACEI\u00d3<\/strong><\/p>\n<p><strong>Correspondente consular<\/strong>: Eliza ROGATO<\/p>\n<p><strong>Endere\u00e7o<\/strong>: Rua Engenheiro Gon\u00e7alves Menezes, Empresarial Office Plaza, n\u00famero 53, Sala 112, Centro \u2013 57020-680 \u2013 Macei\u00f3, AL.<\/p>\n<p><strong>Cell.:<\/strong> +55 (82) 9 9624-5767<\/p>\n<p><strong>E-mail:<\/strong> consmaceio@hotmail.com<\/p>\n<p><strong>Atendimento ao publico<\/strong>: de segunda a sexta-feira das 8h \u00e0s 13h e das 14h \u00e0s 17h. Recomenda-se uma nomea\u00e7\u00e3o.<\/p>\n<p><strong>Compet\u00eancia territorial<\/strong>: Alagoas<\/p>\n<p>&nbsp;<\/p>\n<p><strong>NATAL<\/strong><\/p>\n<p><strong>Correspondente Consular:<\/strong> Rino Eugenio BORDOGNA<\/p>\n<p><strong>Endere\u00e7o<\/strong>: Rua Auta de Sousa, 275 \u2013 Cidade Alta \u2013 CEP 59025-060 \u2013 Natal, RN.<\/p>\n<p><strong>Cell.<\/strong>: +55 (84) 9417-2912<\/p>\n<p><strong>E-mail<\/strong>: consolatoitalianatal@hotmail.com<\/p>\n<p><strong>Atendimento ao publico<\/strong>: Segunda a sexta-feira das 09:00 \u00e0s 12:00.<\/p>\n<p><strong>Jurisdi\u00e7\u00e3o territorial<\/strong>: Rio Grande do Norte<\/p>\n<\/div>\n<\/article>\n<\/div>\n<\/div>\n<p>&nbsp;<\/p>\n<p><strong>PORTO SEGURO<\/strong><\/p>\n<p><strong>Correspondente Consular:<\/strong> Laura BRIZI<\/p>\n<p><strong>Endere\u00e7o<\/strong>: Caixa Postal 464 &#8211; CEP 45810-000 \u2013 Porto Seguro, BA.<\/p>\n<p><strong>Cell.<\/strong>: +55 (73) 9 88463089<\/p>\n<p><strong>E-mail<\/strong>: consolatoportoseguro@gmail.com<\/p>\n<p><strong>Atendimento ao publico<\/strong>: Quarta e quinta-feira das 08:00 \u00e0s 12:00. Recomenda-se uma nomea\u00e7\u00e3o.<\/p>\n<p><strong>Jurisdi\u00e7\u00e3o territorial<\/strong>: Bahia<\/p>\n","protected":false},"excerpt":{"rendered":"JO\u00c3O PESSOA Correspondente Consular: Giuliana MAZZANTI Endere\u00e7o: Av. Epit\u00e1cio Pessoa, 3280, sala 211 \u2013 Jo\u00e3o Pessoa, PB Endere\u00e7o para correspond\u00eancia em papel: Caixa Postal 182 \u2013 Intermeres \u2013 CEP 58310-971 \u2013 Cabedelo (PB). Cell.: +55 (83)9 9909-5566 E-mail: consolare.giulianamazzanti@gmail.com Atendimento ao publico: quartas-feiras das 15:00 \u00e0s 18:00. Jurisdi\u00e7\u00e3o territorial: Para\u00edba &nbsp; MACEI\u00d3 Correspondente consular: Eliza [&hellip;]","protected":false},"author":4,"featured_media":0,"parent":89,"menu_order":0,"comment_status":"closed","ping_status":"closed","template":"","meta":{"footnotes":""},"class_list":["post-1997","page","type-page","status-publish","hentry"],"_links":{"self":[{"href":"https:\/\/consrecife.esteri.it\/pt\/wp-json\/wp\/v2\/pages\/1997","targetHints":{"allow":["GET"]}}],"collection":[{"href":"https:\/\/consrecife.esteri.it\/pt\/wp-json\/wp\/v2\/pages"}],"about":[{"href":"https:\/\/consrecife.esteri.it\/pt\/wp-json\/wp\/v2\/types\/page"}],"author":[{"embeddable":true,"href":"https:\/\/consrecife.esteri.it\/pt\/wp-json\/wp\/v2\/users\/4"}],"replies":[{"embeddable":true,"href":"https:\/\/consrecife.esteri.it\/pt\/wp-json\/wp\/v2\/comments?post=1997"}],"version-history":[{"count":4,"href":"https:\/\/consrecife.esteri.it\/pt\/wp-json\/wp\/v2\/pages\/1997\/revisions"}],"predecessor-version":[{"id":5633,"href":"https:\/\/consrecife.esteri.it\/pt\/wp-json\/wp\/v2\/pages\/1997\/revisions\/5633"}],"up":[{"embeddable":true,"href":"https:\/\/consrecife.esteri.it\/pt\/wp-json\/wp\/v2\/pages\/89"}],"wp:attachment":[{"href":"https:\/\/consrecife.esteri.it\/pt\/wp-json\/wp\/v2\/media?parent=1997"}],"curies":[{"name":"wp","href":"https:\/\/api.w.org\/{rel}","templated":true}]}}