{"id":2000,"date":"2023-01-26T21:34:50","date_gmt":"2023-01-27T00:34:50","guid":{"rendered":"https:\/\/consrecife.esteri.it\/chi-siamo\/gli-uffici\/festivita-osservate-dal-consolato\/"},"modified":"2026-01-05T09:26:07","modified_gmt":"2026-01-05T12:26:07","slug":"festivita-osservate-dal-consolato","status":"publish","type":"page","link":"https:\/\/consrecife.esteri.it\/pt\/servizi-consolari-e-visti\/servizi-per-il-cittadino-italiano\/altri-servizi\/festivita-osservate-dal-consolato\/","title":{"rendered":"Feriados observados por este Consulado"},"content":{"rendered":"<p><strong>FERIADOS OBSERVADOS POR ESTE CONSULADO EM 2026<\/strong><\/p>\n<p>O Consulado da It\u00e1lia em Recife permanecer\u00e1 fechado nos dias:<\/p>\n<p>01 DE JANEIRO \u2013 ANO NOVO<\/p>\n<p>16 DE FEVEREIRO\u00a0 \u2013 SEGUNDA-FEIRA DE CARNAVAL<\/p>\n<p>17 DE FEVEREIRO \u2013 TER\u00c7A-FEIRA DE CARNAVAL<\/p>\n<p>03 DE ABRIL \u2013 SEXTA-FEIRA SANTA<\/p>\n<p>25 DE ABRIL \u2013 DIA DA LIBERTA\u00c7\u00c3O<\/p>\n<p>01 DE MAIO \u2013 DIA DO TRABALHO<\/p>\n<p>02 DE JUNHO \u2013 PROCLAMA\u00c7\u00c3O DA REP\u00daBLICA ITALIANA<\/p>\n<p>07 DE SETEMBRO \u2013 DIA DA INDEPEND\u00caNCIA DO BRASIL<\/p>\n<p>15 DE NOVEMBRO \u2013 PROCLAMA\u00c7\u00c3O DA REP\u00daBLICA DO BRASIL<\/p>\n<p>25 DE DEZEMBRO \u2013 NATAL<\/p>\n<p>26 DE DEZEMBRO \u2013 SANTO STEFANO<\/p>\n","protected":false},"excerpt":{"rendered":"FERIADOS OBSERVADOS POR ESTE CONSULADO EM 2026 O Consulado da It\u00e1lia em Recife permanecer\u00e1 fechado nos dias: 01 DE JANEIRO \u2013 ANO NOVO 16 DE FEVEREIRO\u00a0 \u2013 SEGUNDA-FEIRA DE CARNAVAL 17 DE FEVEREIRO \u2013 TER\u00c7A-FEIRA DE CARNAVAL 03 DE ABRIL \u2013 SEXTA-FEIRA SANTA 25 DE ABRIL \u2013 DIA DA LIBERTA\u00c7\u00c3O 01 DE MAIO \u2013 DIA [&hellip;]","protected":false},"author":4,"featured_media":0,"parent":148,"menu_order":0,"comment_status":"closed","ping_status":"closed","template":"","meta":{"footnotes":""},"class_list":["post-2000","page","type-page","status-publish","hentry"],"_links":{"self":[{"href":"https:\/\/consrecife.esteri.it\/pt\/wp-json\/wp\/v2\/pages\/2000","targetHints":{"allow":["GET"]}}],"collection":[{"href":"https:\/\/consrecife.esteri.it\/pt\/wp-json\/wp\/v2\/pages"}],"about":[{"href":"https:\/\/consrecife.esteri.it\/pt\/wp-json\/wp\/v2\/types\/page"}],"author":[{"embeddable":true,"href":"https:\/\/consrecife.esteri.it\/pt\/wp-json\/wp\/v2\/users\/4"}],"replies":[{"embeddable":true,"href":"https:\/\/consrecife.esteri.it\/pt\/wp-json\/wp\/v2\/comments?post=2000"}],"version-history":[{"count":4,"href":"https:\/\/consrecife.esteri.it\/pt\/wp-json\/wp\/v2\/pages\/2000\/revisions"}],"predecessor-version":[{"id":5147,"href":"https:\/\/consrecife.esteri.it\/pt\/wp-json\/wp\/v2\/pages\/2000\/revisions\/5147"}],"up":[{"embeddable":true,"href":"https:\/\/consrecife.esteri.it\/pt\/wp-json\/wp\/v2\/pages\/148"}],"wp:attachment":[{"href":"https:\/\/consrecife.esteri.it\/pt\/wp-json\/wp\/v2\/media?parent=2000"}],"curies":[{"name":"wp","href":"https:\/\/api.w.org\/{rel}","templated":true}]}}