{"id":2002,"date":"2023-01-26T21:32:14","date_gmt":"2023-01-27T00:32:14","guid":{"rendered":"https:\/\/consrecife.esteri.it\/?page_id=2002"},"modified":"2024-12-17T09:20:19","modified_gmt":"2024-12-17T12:20:19","slug":"horario-de-atendimento-ao-publico","status":"publish","type":"page","link":"https:\/\/consrecife.esteri.it\/pt\/chi-siamo\/gli-uffici\/horario-de-atendimento-ao-publico\/","title":{"rendered":"Hor\u00e1rio de atendimento ao p\u00fablico"},"content":{"rendered":"<div class=\"entry-content\">\n<p>Informamos que o Consulado recebe apenas por agendamento. Acesse as diferentes p\u00e1ginas do site para obter informa\u00e7\u00f5es sobre os servi\u00e7os consulares e escreva para o endere\u00e7o eletr\u00f4nico da \u00e1rea de interesse para solicitar um agendamento.<\/p>\n<p>Para consultar o hor\u00e1rio de abertura dos escrit\u00f3rios da Rede Consular Honor\u00e1ria presentes nas capitais dos estados da nossa circunscri\u00e7\u00e3o, consulte a se\u00e7\u00e3o <a href=\"https:\/\/consrecife.esteri.it\/pt\/chi-siamo\/la-rete-consolare\/\">Rede Consular<\/a>.<\/p>\n<p><strong>INFORMA\u00c7\u00c3O TELEF\u00d4NICA<\/strong><\/p>\n<p>O hor\u00e1rio de atendimento telef\u00f4nico do Consulado \u00e9 das 14:00 \u00e0s 15:30, de segunda a sexta-feira, ligando para o seguinte n\u00famero: (81) 3035-4700.<\/p>\n<\/div>\n","protected":false},"excerpt":{"rendered":"Informamos que o Consulado recebe apenas por agendamento. Acesse as diferentes p\u00e1ginas do site para obter informa\u00e7\u00f5es sobre os servi\u00e7os consulares e escreva para o endere\u00e7o eletr\u00f4nico da \u00e1rea de interesse para solicitar um agendamento. Para consultar o hor\u00e1rio de abertura dos escrit\u00f3rios da Rede Consular Honor\u00e1ria presentes nas capitais dos estados da nossa circunscri\u00e7\u00e3o, [&hellip;]","protected":false},"author":4,"featured_media":0,"parent":86,"menu_order":0,"comment_status":"closed","ping_status":"closed","template":"","meta":{"footnotes":""},"class_list":["post-2002","page","type-page","status-publish","hentry"],"_links":{"self":[{"href":"https:\/\/consrecife.esteri.it\/pt\/wp-json\/wp\/v2\/pages\/2002","targetHints":{"allow":["GET"]}}],"collection":[{"href":"https:\/\/consrecife.esteri.it\/pt\/wp-json\/wp\/v2\/pages"}],"about":[{"href":"https:\/\/consrecife.esteri.it\/pt\/wp-json\/wp\/v2\/types\/page"}],"author":[{"embeddable":true,"href":"https:\/\/consrecife.esteri.it\/pt\/wp-json\/wp\/v2\/users\/4"}],"replies":[{"embeddable":true,"href":"https:\/\/consrecife.esteri.it\/pt\/wp-json\/wp\/v2\/comments?post=2002"}],"version-history":[{"count":3,"href":"https:\/\/consrecife.esteri.it\/pt\/wp-json\/wp\/v2\/pages\/2002\/revisions"}],"predecessor-version":[{"id":3851,"href":"https:\/\/consrecife.esteri.it\/pt\/wp-json\/wp\/v2\/pages\/2002\/revisions\/3851"}],"up":[{"embeddable":true,"href":"https:\/\/consrecife.esteri.it\/pt\/wp-json\/wp\/v2\/pages\/86"}],"wp:attachment":[{"href":"https:\/\/consrecife.esteri.it\/pt\/wp-json\/wp\/v2\/media?parent=2002"}],"curies":[{"name":"wp","href":"https:\/\/api.w.org\/{rel}","templated":true}]}}