{"id":212,"date":"2022-12-14T19:10:19","date_gmt":"2022-12-14T22:10:19","guid":{"rendered":"https:\/\/consrecife.esteri.it\/servizi-consolari-e-visti\/servizi-per-il-cittadino-italiano\/emergency-travel-documents-etd\/"},"modified":"2026-02-13T16:13:11","modified_gmt":"2026-02-13T19:13:11","slug":"emergency-travel-documents-etd","status":"publish","type":"page","link":"https:\/\/consrecife.esteri.it\/pt\/servizi-consolari-e-visti\/servizi-per-il-cittadino-italiano\/emergency-travel-documents-etd\/","title":{"rendered":"Emergency Travel Documents (ETD)"},"content":{"rendered":"<p style=\"text-align: justify;\">Em caso de furto ou extravio do passaporte, ao cidad\u00e3o N\u00c3O RESIDENTE NO BRASIL com imin\u00eancia de viagem, ser\u00e1 emitido um \u201cDocumento de Viagem de Emerg\u00eancia\u201d \u2013 ETD, v\u00e1lido apenas para o retorno na It\u00e1lia, ou no pa\u00eds de resid\u00eancia. O cidad\u00e3o deve apresentar-se no Consulado munido de:<\/p>\n<p style=\"text-align: justify;\"><strong>\u00a0 \u00a0 \u00a0a. <a href=\"https:\/\/consrecife.esteri.it\/wp-content\/uploads\/2026\/02\/Formulario-ETD-UE_IT.docx\">Formul\u00e1rio<\/a><\/strong>\u00a0de emiss\u00e3o de passaporte que poder\u00e1 ser preenchida pelo solicitante diretamente no Consulado ou impresso e preenchido segundo o link aqui dispon\u00edvel.\u00a0<strong>A assinatura dever\u00e1 ser posta na presen\u00e7a do funcion\u00e1rio encarregado<\/strong>;<\/p>\n<p style=\"text-align: justify;\"><strong>\u00a0 \u00a0b. <\/strong>Den\u00fancia emitida junto a uma Autoridade de Pol\u00edcia local (B.O);<\/p>\n<p style=\"text-align: justify;\"><strong>\u00a0 \u00a0c. <\/strong>N.02 (duas) fotos 3,5 x 4,5 (fundo branco) coloridas, recentes, sem data, com o rosto em primeiro plano;<\/p>\n<p style=\"text-align: justify;\"><strong>\u00a0 \u00a0d. <\/strong>Passagem a\u00e9rea \u2013 original e c\u00f3pia (ou reserva);<\/p>\n<p style=\"text-align: justify;\"><strong>\u00a0 \u00a0e. <\/strong>Taxa para os custos da emiss\u00e3o do ETD (ver <a href=\"https:\/\/consrecife.esteri.it\/pt\/servizi-consolari-e-visti\/servizi-per-il-cittadino-italiano\/altri-servizi\/taxas-consulares\/\">Taxas Consulares<\/a>);<\/p>\n<p style=\"text-align: justify;\"><strong>\u00a0 f. <\/strong>C\u00f3pia de eventual outro documento italiano de identidade;<\/p>\n<p style=\"text-align: justify;\"><strong>\u00a0 g. <\/strong>C\u00f3pia da p\u00e1gina identificativa do passaporte ou, ao menos, o n\u00famero do documento, local e data da emiss\u00e3o;<\/p>\n<p>&nbsp;<\/p>\n<p style=\"text-align: justify;\">OBS.: Para a den\u00fancia, dirigir-se \u00e0 \u201cDelegacia Especial de Atendimento ao Turista\u201d ou equivalente, da cidade desta Circunscri\u00e7\u00e3o onde tenha ocorrido o furto ou o extravio.<\/p>\n","protected":false},"excerpt":{"rendered":"Em caso de furto ou extravio do passaporte, ao cidad\u00e3o N\u00c3O RESIDENTE NO BRASIL com imin\u00eancia de viagem, ser\u00e1 emitido um \u201cDocumento de Viagem de Emerg\u00eancia\u201d \u2013 ETD, v\u00e1lido apenas para o retorno na It\u00e1lia, ou no pa\u00eds de resid\u00eancia. O cidad\u00e3o deve apresentar-se no Consulado munido de: \u00a0 \u00a0 \u00a0a. Formul\u00e1rio\u00a0de emiss\u00e3o de passaporte [&hellip;]","protected":false},"author":3,"featured_media":0,"parent":94,"menu_order":2,"comment_status":"closed","ping_status":"closed","template":"","meta":{"footnotes":""},"class_list":["post-212","page","type-page","status-publish","hentry"],"_links":{"self":[{"href":"https:\/\/consrecife.esteri.it\/pt\/wp-json\/wp\/v2\/pages\/212","targetHints":{"allow":["GET"]}}],"collection":[{"href":"https:\/\/consrecife.esteri.it\/pt\/wp-json\/wp\/v2\/pages"}],"about":[{"href":"https:\/\/consrecife.esteri.it\/pt\/wp-json\/wp\/v2\/types\/page"}],"author":[{"embeddable":true,"href":"https:\/\/consrecife.esteri.it\/pt\/wp-json\/wp\/v2\/users\/3"}],"replies":[{"embeddable":true,"href":"https:\/\/consrecife.esteri.it\/pt\/wp-json\/wp\/v2\/comments?post=212"}],"version-history":[{"count":2,"href":"https:\/\/consrecife.esteri.it\/pt\/wp-json\/wp\/v2\/pages\/212\/revisions"}],"predecessor-version":[{"id":5468,"href":"https:\/\/consrecife.esteri.it\/pt\/wp-json\/wp\/v2\/pages\/212\/revisions\/5468"}],"up":[{"embeddable":true,"href":"https:\/\/consrecife.esteri.it\/pt\/wp-json\/wp\/v2\/pages\/94"}],"wp:attachment":[{"href":"https:\/\/consrecife.esteri.it\/pt\/wp-json\/wp\/v2\/media?parent=212"}],"curies":[{"name":"wp","href":"https:\/\/api.w.org\/{rel}","templated":true}]}}