{"id":219,"date":"2022-12-14T19:14:18","date_gmt":"2022-12-14T22:14:18","guid":{"rendered":"https:\/\/consrecife.esteri.it\/servizi-consolari-e-visti\/servizi-per-il-cittadino-italiano\/autoveicoli-e-patenti-di-guida\/"},"modified":"2026-02-19T13:17:50","modified_gmt":"2026-02-19T16:17:50","slug":"autoveicoli-e-patenti-di-guida","status":"publish","type":"page","link":"https:\/\/consrecife.esteri.it\/pt\/servizi-consolari-e-visti\/servizi-per-il-cittadino-italiano\/autoveicoli-e-patenti-di-guida\/","title":{"rendered":"Ve\u00edculos e cartas de condu\u00e7\u00e3o"},"content":{"rendered":"<p><strong>Carteira de Habilita\u00e7\u00e3o<\/strong><\/p>\n<p>Os titulares da carteira de habilita\u00e7\u00e3o italiana que moram ou residem por um per\u00edodo superior a 6 meses nos estados de Alagoas, Bahia, Cear\u00e1, Maranh\u00e3o, Para\u00edba, Pernambuco, Piau\u00ed, Rio Grande do Norte e Sergipe e s\u00e3o regularmente inscritos no A.I.R.E., poder\u00e3o obter, junto ao Consulado da It\u00e1lia em Recife, a renova\u00e7\u00e3o da carteira de habilita\u00e7\u00e3o italiana, que expirou h\u00e1 menos de cinco anos e que n\u00e3o se encaixe com as hip\u00f3teses previstas no art. 119, par\u00e1grafos 2-bis e 4 do c\u00f3digo de tr\u00e2nsito italiano (carteira de habilita\u00e7\u00e3o de diab\u00e9ticos ou de pessoas cuja aptid\u00e3o psicof\u00edsica deve ser certificada por comiss\u00f5es m\u00e9dicas espec\u00edficas).<\/p>\n<p>Para renovar a carteira de habilita\u00e7\u00e3o italiana o interessado deve:<\/p>\n<ul>\n<li>Obter o atestado m\u00e9dico espec\u00edfico de habilita\u00e7\u00e3o acompanhado de fotos e elaborado apenas por meio do <a href=\"https:\/\/consrecife.esteri.it\/wp-content\/uploads\/2024\/03\/modello-certificato-medico.doc\">formul\u00e1rio<\/a> estabelecido. O requerente poder\u00e1 marcar uma consulta m\u00e9dica, com as despesas por conta pr\u00f3pria, com um dos <a href=\"https:\/\/consrecife.esteri.it\/wp-content\/uploads\/2026\/02\/MEDICO-DI-FIDUCIA-E-MEDICI-DI-RIFERIMENTO.pdf\">m\u00e9dicos habilitados<\/a>, solicitando a libera\u00e7\u00e3o do atestado m\u00e9dico necess\u00e1rio para a renova\u00e7\u00e3o da carteira. Nessa ocasi\u00e3o, dever\u00e3o ser entregues ao m\u00e9dico os exames de sangue que comprovem que o requerente n\u00e3o sofre de diabetes (glicose) e o laudo do exame oftalmol\u00f3gico realizado. Na certid\u00e3o dever\u00e1 constar o <u>reconhecimento de firma do m\u00e9dico por autenticidade<\/u>, efetuada por meio do Cart\u00f3rio brasileiro de compet\u00eancia.<\/li>\n<\/ul>\n<p>Em qualquer caso e independentemente da Unidade Federativa de resid\u00eancia \u00a0(desde que \u00a0esteja inclu\u00edda entre aquelas sob jurisdi\u00e7\u00e3o deste Consulado Italiano em Recife), o usu\u00e1rio poder\u00e1 marcar uma consulta m\u00e9dica, com as despesas por conta pr\u00f3pria, com o m\u00e9dico de confia\u00e7a deste Consulado, Dr. Jos\u00e9 Angelo Rizzo &#8211; Rua Fernando Sim\u00f5es Barbosa 266, Edf. Wecon 6, Sala 804, Tel. (81) 3201 7603 &#8211; 3034 2555 \u2014 8673 3693, Recife \u2014 nomeado por meio de um Decreto Consular espec\u00edfico, a quem ser\u00e3o entregues os exames de sangue que comprovem que o requerente n\u00e3o sofre de diabetes (glicose) e o laudo do exame oftalmol\u00f3gico realizado. Somente neste caso n\u00e3o h\u00e1 necessidade do reconhecimento de firma no Cart\u00f3rio. O Doutor Rizzo \u2013 se solicitado explicitamente e nas condi\u00e7\u00f5es que ele mesmo indicar no momento em que vai ser realizado o pedido \u2013 poder\u00e1 emitir o atestado m\u00e9dico tamb\u00e9m para os compatriotas que n\u00e3o residem na cidade do Recife;<\/p>\n<p>Enviar ao Consulado da It\u00e1lia em Recife:<\/p>\n<ul>\n<li>o <a href=\"https:\/\/consrecife.esteri.it\/wp-content\/uploads\/2024\/04\/modulo-richiesta-rinnovo-patente-di-guida.doc\">pedido de renova\u00e7\u00e3o<\/a>, preenchido e assinado,<\/li>\n<li>a carteira de habilia\u00e7\u00e3o (original) expirada h\u00e1 menos de cinco anos,<\/li>\n<li>o atestado m\u00e9dico (com foto), obtido em conformidade com as disposi\u00e7\u00f5es acima mencionadas<\/li>\n<li>c\u00f3pia do passaporte italiano,<\/li>\n<li>comprovante de pagamento dos impostos devidos para a taxa de renova\u00e7\u00e3o (<a href=\"https:\/\/consrecife.esteri.it\/pt\/servizi-consolari-e-visti\/servizi-per-il-cittadino-italiano\/altri-servizi\/taxas-consulares\/\">Taxas consulares &#8211; Consulado da It\u00e1lia Recife<\/a>),<\/li>\n<li><a href=\"https:\/\/consrecife.esteri.it\/pt\/servizi-consolari-e-visti\/servizi-per-il-cittadino-italiano\/altri-servizi\/comprovanti-dindirizzo\/\">comprovante de resid\u00eancia<\/a> na Circunscri\u00e7\u00e3o Consular h\u00e1 pelo menos 6 meses,<\/li>\n<li>um envelope pr\u00e9-pago e completo de endere\u00e7o para devolu\u00e7\u00e3o ao requerente, caso deseje que seja devolvida diretamente para sua resid\u00eancia. Para ambas as encomendas (envio e devolu\u00e7\u00e3o) recomendamos a utiliza\u00e7\u00e3o de um m\u00e9todo de envio com rastreamento (USPS, Fedex, DHL, Sedex).<\/li>\n<\/ul>\n<p>A carteira de habilita\u00e7\u00e3o renovada pode ser devolvida diretamente para a resid\u00eancia do interessado (pelo correio, veja acima), atrav\u00e9s dos Consulados Honor\u00e1rios de Salvador e Fortaleza, da Ag\u00eancia Consular de S\u00e3o Luis (neste caso deve ser indicado no ato da solicita\u00e7\u00e3o), os Correspondentes Consulares, ou pode ser retirada pessoalmente no Consulado (Rua Padre Carapuceiro 706, 13\u00ba andar, Boa Viagem, Recife) todas as sextas-feiras, das 9h30 \u00e0s 12h30, sem necessidade de agendamento, se isso for indicado no momento da solicita\u00e7\u00e3o.<\/p>\n<p>&nbsp;<\/p>\n<p>A renova\u00e7\u00e3o da carteira de habilita\u00e7\u00e3o realizada junto a uma representa\u00e7\u00e3o diplom\u00e1tica \u00e9 v\u00e1lida para a condu\u00e7\u00e3o de ve\u00edculos tanto na It\u00e1lia quanto no exterior, mas uma vez readquirida a resid\u00eancia na It\u00e1lia, a carteira de habilita\u00e7\u00e3o dever\u00e1 ser validada pela Se\u00e7\u00e3o Central do Departamento de Transportes, Navega\u00e7\u00e3o e Sistemas de Informa\u00e7\u00e3o e Estat\u00edstica.<\/p>\n<p>Para conduzir no exterior, os cidad\u00e3os italianos est\u00e3o sujeitos a regras diferentes de acordo com o pa\u00eds onde eles se encotram: Patente di guida \u2013 Ministero degli Affari Esteri e della Cooperazione Internazionale<\/p>\n","protected":false},"excerpt":{"rendered":"Carteira de Habilita\u00e7\u00e3o Os titulares da carteira de habilita\u00e7\u00e3o italiana que moram ou residem por um per\u00edodo superior a 6 meses nos estados de Alagoas, Bahia, Cear\u00e1, Maranh\u00e3o, Para\u00edba, Pernambuco, Piau\u00ed, Rio Grande do Norte e Sergipe e s\u00e3o regularmente inscritos no A.I.R.E., poder\u00e3o obter, junto ao Consulado da It\u00e1lia em Recife, a renova\u00e7\u00e3o da [&hellip;]","protected":false},"author":3,"featured_media":0,"parent":94,"menu_order":18,"comment_status":"closed","ping_status":"closed","template":"","meta":{"footnotes":""},"class_list":["post-219","page","type-page","status-publish","hentry"],"_links":{"self":[{"href":"https:\/\/consrecife.esteri.it\/pt\/wp-json\/wp\/v2\/pages\/219","targetHints":{"allow":["GET"]}}],"collection":[{"href":"https:\/\/consrecife.esteri.it\/pt\/wp-json\/wp\/v2\/pages"}],"about":[{"href":"https:\/\/consrecife.esteri.it\/pt\/wp-json\/wp\/v2\/types\/page"}],"author":[{"embeddable":true,"href":"https:\/\/consrecife.esteri.it\/pt\/wp-json\/wp\/v2\/users\/3"}],"replies":[{"embeddable":true,"href":"https:\/\/consrecife.esteri.it\/pt\/wp-json\/wp\/v2\/comments?post=219"}],"version-history":[{"count":7,"href":"https:\/\/consrecife.esteri.it\/pt\/wp-json\/wp\/v2\/pages\/219\/revisions"}],"predecessor-version":[{"id":5479,"href":"https:\/\/consrecife.esteri.it\/pt\/wp-json\/wp\/v2\/pages\/219\/revisions\/5479"}],"up":[{"embeddable":true,"href":"https:\/\/consrecife.esteri.it\/pt\/wp-json\/wp\/v2\/pages\/94"}],"wp:attachment":[{"href":"https:\/\/consrecife.esteri.it\/pt\/wp-json\/wp\/v2\/media?parent=219"}],"curies":[{"name":"wp","href":"https:\/\/api.w.org\/{rel}","templated":true}]}}