{"id":221,"date":"2022-12-14T19:15:13","date_gmt":"2022-12-14T18:15:13","guid":{"rendered":"https:\/\/consrecife.esteri.it\/servizi-consolari-e-visti\/servizi-per-il-cittadino-italiano\/pensioni-e-sicurezza-sociale\/"},"modified":"2023-05-03T23:18:36","modified_gmt":"2023-05-03T21:18:36","slug":"pensioni-e-sicurezza-sociale","status":"publish","type":"page","link":"https:\/\/consrecife.esteri.it\/pt\/servizi-consolari-e-visti\/servizi-per-il-cittadino-italiano\/pensioni-e-sicurezza-sociale\/","title":{"rendered":"Pens\u00e3o e seguran\u00e7a social"},"content":{"rendered":"<p><span style=\"text-decoration: underline;\"><strong>SEGURAN\u00c7A SOCIAL<\/strong><\/span><\/p>\n<div>\n<p>O termo &#8220;seguran\u00e7a social&#8221; refere-se ao conjunto de interven\u00e7\u00f5es destinadas a proporcionar benef\u00edcios aos cidad\u00e3os necessitados; estas interven\u00e7\u00f5es v\u00e3o desde o atendimento gratuito aos necessitados, at\u00e9 a cria\u00e7\u00e3o e integra\u00e7\u00e3o de \u00f3rg\u00e3os e institui\u00e7\u00f5es que assegurem que os cidad\u00e3os incapazes de trabalhar e sem meios para viver recebam manuten\u00e7\u00e3o e assist\u00eancia social, e que os trabalhadores recebam os meios adequados para viver em caso de acidente, doen\u00e7a, defici\u00eancia, velhice e desemprego involunt\u00e1rio.<\/p>\n<p>A seguran\u00e7a social compreende:<\/p>\n<p>&#8211; assist\u00eancia social, que cumpre uma fun\u00e7\u00e3o gen\u00e9rica de prote\u00e7\u00e3o aos necessitados, estendida a todos os cidad\u00e3os em caso de necessidade;<\/p>\n<p>&#8211; seguran\u00e7a social, que cumpre a fun\u00e7\u00e3o espec\u00edfica de proteger os trabalhadores.<\/p>\n<p>Para detalhes e para conhecer as exig\u00eancias dos benef\u00edcios previstos por lei, consulte o\u00a0<a href=\"https:\/\/www.inps.it\/\">site do INPS<\/a>.<\/p>\n<p>&nbsp;<\/p>\n<p><span style=\"text-decoration: underline;\"><strong>SEGURAN\u00c7A SOCIAL INTERNACIONAL<\/strong><\/span><\/p>\n<p>O termo &#8220;seguran\u00e7a social internacional&#8221; refere-se \u00e0 prote\u00e7\u00e3o social dos cidad\u00e3os de um pa\u00eds habitualmente residente em outro pa\u00eds, garantida atrav\u00e9s de regulamenta\u00e7\u00e3o internacional. Na Uni\u00e3o Europ\u00e9ia, a prote\u00e7\u00e3o social \u00e9 alcan\u00e7ada atrav\u00e9s da aplica\u00e7\u00e3o dos Regulamentos de Seguridade Social da UE, que s\u00e3o imediata e diretamente aplic\u00e1veis nos 27 pa\u00edses que atualmente fazem parte da Uni\u00e3o.<\/p>\n<p>Desde 1 de junho de 2002, esta regulamenta\u00e7\u00e3o tamb\u00e9m foi estendida \u00e0 Confedera\u00e7\u00e3o Su\u00ed\u00e7a atrav\u00e9s de um acordo especial.<\/p>\n<p>Na \u00e1rea fora da UE, a prote\u00e7\u00e3o social \u00e9 normalmente implementada atrav\u00e9s de acordos bilaterais.<\/p>\n<p>Para obter detalhes, consulte o <a href=\"https:\/\/www.inps.it\/\">site do INPS<\/a>.<\/p>\n<p>&nbsp;<\/p>\n<p><span style=\"text-decoration: underline;\"><strong>PAGAMENTO NO EXTERIOR DE PENS\u00d5ES INPS<\/strong><\/span><\/p>\n<p>Para o pagamento de pens\u00f5es (mais de 411.000) \u00e0s pessoas eleg\u00edveis residentes no exterior (em 131 pa\u00edses), o INPS utiliza uma institui\u00e7\u00e3o de cr\u00e9dito que recebe uma proposta que \u00e9 renovada a cada tr\u00eas anos. O banco encarregado do servi\u00e7o, por sua vez, opera atrav\u00e9s de institui\u00e7\u00f5es de cr\u00e9dito correspondentes nas diferentes \u00e1reas.<\/p>\n<p>As pens\u00f5es s\u00e3o pagas aos residentes no exterior todo m\u00eas. As pens\u00f5es abaixo de um limite legalmente estabelecido s\u00e3o pagas a cada seis meses, como \u00e9 o caso dos aposentados na It\u00e1lia. As pens\u00f5es geralmente s\u00e3o pagas creditando a conta corrente do pensionista.<\/p>\n<p>O banco encarregado dos pagamentos \u00e9 respons\u00e1vel pela verifica\u00e7\u00e3o anual da exist\u00eancia, endere\u00e7o e resid\u00eancia do pensionista.<\/p>\n<p><strong>A partir de fevereiro de 2012, o pagamento de pens\u00f5es no exterior \u00e9 confiado ao Citibank.<\/strong><\/p>\n<p>Os procedimentos acordados entre o INPS e o Citibank para comprova\u00e7\u00e3o de vida esperam que o pensionista preencha um &#8220;Formul\u00e1rio de comprova\u00e7\u00e3o de vida&#8221; (que ele ter\u00e1 recebido do banco em seu endere\u00e7o domiciliar), assine o formul\u00e1rio e o fa\u00e7a notar pelo escrit\u00f3rio consular ou por um funcion\u00e1rio p\u00fablico reconhecido pela legisla\u00e7\u00e3o de seu pa\u00eds de resid\u00eancia e o envie ao banco. Em\u00a0<a href=\"http:\/\/www.inps.citi.com\/\">www.inps.citi.com<\/a>\u00a0voc\u00ea encontrar\u00e1 todas as informa\u00e7\u00f5es necess\u00e1rias, incluindo uma lista de Funcion\u00e1rios P\u00fablicos autorizados a autenticar o Certificado de Exist\u00eancia em Vida em cada pa\u00eds ou \u00e1rea geogr\u00e1fica, assim como refer\u00eancias telef\u00f4nicas e de e-mail dedicadas \u00e0 assist\u00eancia ao usu\u00e1rio, que os interessados tamb\u00e9m podem contatar diretamente.<\/p>\n<p>Para mais informa\u00e7\u00f5es pedimos aos usu\u00e1rios que consultem a p\u00e1gina do minist\u00e9rio no link a seguir: <a href=\"https:\/\/www.esteri.it\/it\/servizi-consolari-e-visti\/italiani-all-estero\/sicurezzasociale\/\">https:\/\/www.esteri.it\/it\/servizi-consolari-e-visti\/italiani-all-estero\/sicurezzasociale\/<\/a><\/p>\n<\/div>\n","protected":false},"excerpt":{"rendered":"SEGURAN\u00c7A SOCIAL O termo &#8220;seguran\u00e7a social&#8221; refere-se ao conjunto de interven\u00e7\u00f5es destinadas a proporcionar benef\u00edcios aos cidad\u00e3os necessitados; estas interven\u00e7\u00f5es v\u00e3o desde o atendimento gratuito aos necessitados, at\u00e9 a cria\u00e7\u00e3o e integra\u00e7\u00e3o de \u00f3rg\u00e3os e institui\u00e7\u00f5es que assegurem que os cidad\u00e3os incapazes de trabalhar e sem meios para viver recebam manuten\u00e7\u00e3o e assist\u00eancia social, e [&hellip;]","protected":false},"author":3,"featured_media":0,"parent":94,"menu_order":20,"comment_status":"closed","ping_status":"closed","template":"","meta":{"footnotes":""},"class_list":["post-221","page","type-page","status-publish","hentry"],"_links":{"self":[{"href":"https:\/\/consrecife.esteri.it\/pt\/wp-json\/wp\/v2\/pages\/221","targetHints":{"allow":["GET"]}}],"collection":[{"href":"https:\/\/consrecife.esteri.it\/pt\/wp-json\/wp\/v2\/pages"}],"about":[{"href":"https:\/\/consrecife.esteri.it\/pt\/wp-json\/wp\/v2\/types\/page"}],"author":[{"embeddable":true,"href":"https:\/\/consrecife.esteri.it\/pt\/wp-json\/wp\/v2\/users\/3"}],"replies":[{"embeddable":true,"href":"https:\/\/consrecife.esteri.it\/pt\/wp-json\/wp\/v2\/comments?post=221"}],"version-history":[{"count":0,"href":"https:\/\/consrecife.esteri.it\/pt\/wp-json\/wp\/v2\/pages\/221\/revisions"}],"up":[{"embeddable":true,"href":"https:\/\/consrecife.esteri.it\/pt\/wp-json\/wp\/v2\/pages\/94"}],"wp:attachment":[{"href":"https:\/\/consrecife.esteri.it\/pt\/wp-json\/wp\/v2\/media?parent=221"}],"curies":[{"name":"wp","href":"https:\/\/api.w.org\/{rel}","templated":true}]}}