{"id":222,"date":"2022-12-14T19:15:50","date_gmt":"2022-12-14T22:15:50","guid":{"rendered":"https:\/\/consrecife.esteri.it\/servizi-consolari-e-visti\/servizi-per-il-cittadino-straniero\/cittadinanza\/"},"modified":"2025-07-14T12:46:02","modified_gmt":"2025-07-14T15:46:02","slug":"cittadinanza","status":"publish","type":"page","link":"https:\/\/consrecife.esteri.it\/pt\/servizi-consolari-e-visti\/servizi-per-il-cittadino-straniero\/cittadinanza\/","title":{"rendered":"Cittadinanza e Adozione"},"content":{"rendered":"<p style=\"text-align: center;\"><span style=\"color: #ff0000;\"><strong>Pagina aggiornata il 10\/07\/2025<\/strong><\/span><\/p>\n<p>Il decreto-legge 28 marzo 2025, n. 36, \u00e8 stato convertito con modificazioni nella\u00a0<strong>legge<\/strong>\u00a0<strong>23 maggio 2025, n. 74<\/strong>, con vigenza dal 24 maggio 2025.<\/p>\n<p>La legge di conversione riforma la\u00a0<strong>legge 5 febbraio 1992, n. 91<\/strong>, il cui nuovo testo integrale \u00e8 disponibile al seguente\u00a0<a href=\"https:\/\/www.normattiva.it\/uri-res\/N2Ls?urn:nir:stato:legge:1992-02-05;91!vig=\">link<\/a><\/p>\n<p>Si attira, in particolare, l\u2019attenzione sul\u00a0<strong>nuovo art. 3-bis:<\/strong><\/p>\n<p><em>In deroga agli articoli 1, 2, 3, 14 e 20 della presente legge, all\u2019articolo 5 della legge 21 aprile 1983, n. 123, agli articoli 1, 2, 7, 10, 12 e 19 della legge 13 giugno 1912, n. 555, nonch\u00e9 agli articoli 4, 5, 7, 8 e 9 del codice civile approvato con regio decreto 25 giugno 1865, n. 2358, \u00e8 considerato non avere mai acquistato la cittadinanza italiana <strong>chi \u00e8 nato all\u2019estero<\/strong> anche prima della data di entrata in vigore del presente articolo ed \u00e8 <strong>in possesso di altra cittadinanza,<\/strong> salvo che ricorra una delle seguenti condizioni:<\/em><\/p>\n<p><em>a) lo stato di cittadino dell\u2019interessato \u00e8 riconosciuto, nel rispetto della normativa applicabile al 27 marzo 2025, a seguito di domanda, corredata della necessaria documentazione, presentata all\u2019ufficio consolare o al sindaco competenti n<strong>on oltre le 23:59, ora di Roma, della medesima data;<\/strong><\/em><\/p>\n<p><em>a-bis) lo stato di cittadino dell\u2019interessato \u00e8 riconosciuto, nel rispetto della normativa applicabile al 27 marzo 2025, a seguito di domanda, corredata della necessaria documentazione, presentata all\u2019ufficio consolare o al sindaco competenti nel giorno indicato da <strong>appuntamento comunicato all\u2019interessato dall\u2019ufficio competente<\/strong> entro le 23:59, ora di Roma, della medesima data del 27 marzo 2025;<\/em><\/p>\n<p><em>b) lo stato di cittadino dell\u2019interessato \u00e8 accertato giudizialmente, nel rispetto della normativa applicabile al 27 marzo 2025, a seguito di <strong>domanda giudiziale presentata<\/strong> non oltre le 23:59, ora di Roma, della medesima data;<\/em><\/p>\n<p><em>c) un ascendente di primo o di secondo grado possiede, o possedeva al momento della morte, <strong>esclusivamente la cittadinanza italiana;<\/strong><\/em><\/p>\n<p><em>d) un genitore o adottante \u00e8 stato <strong>residente in Italia per almeno due anni continuativi<\/strong> successivamente all\u2019acquisto della cittadinanza italiana e <strong>prima della data di nascita o di adozione del figlio.<\/strong><\/em><\/p>\n<p>\u2014 \u2014 \u2014<\/p>\n<p>Pertanto, in base alla nuova legge n.91 del 1992 \u00e8 riconosciuto cittadino italiano\u00a0<em>iure sanguinis<\/em>\u00a0(dalla nascita):<\/p>\n<ul>\n<li>il richiedente\u00a0<strong>nato in Italia<\/strong>\u00a0in qualsiasi data;<\/li>\n<li>il richiedente che ha esclusivamente la cittadinanza italiana<strong>, ossia che<\/strong>\u00a0<strong>non ha n\u00e9 pu\u00f2 avere nessun\u2019altra cittadinanza;<\/strong><\/li>\n<li>il richiedente che rientra in\u00a0<strong>uno dei casi<\/strong>\u00a0elencati nelle\u00a0<strong>lettere a), a-bis), b), c) e d) dell\u2019articolo 3-bis<\/strong><\/li>\n<\/ul>\n<p>\u2014 \u2014 \u2014<\/p>\n<p>Alla luce della nuova legge si precisa che:<\/p>\n<p><strong>1) Solo le domande presentate prima del 27 marzo 2025 alle ore 23.59 ora italiana, corredate della necessaria documentazione, seguono la\u00a0normativa precedente<\/strong><\/p>\n<p>Per domande\u00a0<em>\u201cpresentate\u201d<\/em>\u00a0si intende:<\/p>\n<ul>\n<li>Consegnate allo sportello dell\u2019Ufficio consolare prima della data ed ora sopra indicate;<\/li>\n<li>Spedite per posta con tracciamento di data ed ora antecedenti al termine sopra indicato;<\/li>\n<li>Spedite per posta senza tracciamento di data ed ora, e ricevute dell\u2019Ufficio consolare prima del termine sopra indicato.<\/li>\n<\/ul>\n<p><strong>2) Solo le domande, corredate della necessaria documentazione, presentate all\u2019Ufficio consolare nel giorno indicato da appuntamento fissato e comunicato all\u2019interessato dall\u2019ufficio competente entro le 23:59, ora di Roma del 27 marzo 2025 seguono la\u00a0normativa precedente<\/strong><\/p>\n<p>Per\u00a0<em>\u201cappuntamento comunicato all\u2019interessato dall\u2019Ufficio competente\u201d<\/em>\u00a0si intende la conferma a mezzo posta elettronica ricevuta dall\u2019interessato dal portale Prenot@mi o dall\u2019indirizzo e-mail istituzionale della Sezione dell\u2019Ufficio consolare competente per l\u2019istanza.<\/p>\n<p><strong>3) In ogni altra circostanza, alle domande si applica la nuova normativa.<\/strong><\/p>\n<p>Le tariffe consolari applicabili sono disponibili a questa\u00a0<a href=\"https:\/\/www.esteri.it\/it\/servizi-consolari-e-visti\/normativa_consolare\/tariffa-consolare\/\">pagina<\/a>.<\/p>\n<p>\u2014 \u2014 \u2014<\/p>\n<p>Attraverso i link a destra, \u00e8 possibile accedere alle informazioni relative alle modalit\u00e0 specifiche di acquisizione della Cittadinanza italiana:<\/p>\n<ul>\n<li><a href=\"https:\/\/consrecife.esteri.it\/it\/servizi-consolari-e-visti\/servizi-per-il-cittadino-straniero\/cittadinanza\/cittadinanza-per-discendenza-iure-sanguinis\/\">Cittadinanza<\/a><a href=\"https:\/\/consrecife.esteri.it\/it\/servizi-consolari-e-visti\/servizi-per-il-cittadino-straniero\/cittadinanza\/cittadinanza-per-discendenza-iure-sanguinis\/\"> per discendenza (Iure sanguinis)<\/a><\/li>\n<li><a href=\"https:\/\/consrecife.esteri.it\/it\/servizi-consolari-e-visti\/servizi-per-il-cittadino-italiano\/stato-civile\/nascita\/acquisto-della-cittadinanza-per-beneficio-di-legge-figli-minori-nati-allestero\/\">Acquisto della Cittadinanza per \u201cbeneficio di legge\u201d (figli minori nati all&#8217;estero)<\/a><\/li>\n<li><a href=\"https:\/\/consrecife.esteri.it\/it\/servizi-consolari-e-visti\/servizi-per-il-cittadino-straniero\/cittadinanza\/acquisto-della-cittadinanza-di-figli-minori-conviventi-con-genitore-non-cittadino-dalla-nascita\/\">Acquisto della Cittadinanza di figli minori conviventi con genitore non cittadino dalla nascita<\/a><\/li>\n<li><a href=\"https:\/\/consrecife.esteri.it\/it\/servizi-consolari-e-visti\/servizi-per-il-cittadino-straniero\/cittadinanza\/riacquisto-della-cittadinanza\/\">Riacquisto della cittadinanza<\/a><\/li>\n<li><a href=\"https:\/\/consrecife.esteri.it\/it\/servizi-consolari-e-visti\/servizi-per-il-cittadino-straniero\/cittadinanza\/naturalizzazione-cittadinanza-per-matrimonio-dopo-27-04-1983\/\">Naturalizzazione per matrimonio<\/a><\/li>\n<li><a href=\"https:\/\/consrecife.esteri.it\/it\/servizi-consolari-e-visti\/servizi-per-il-cittadino-straniero\/cittadinanza\/elezione-di-cittadinanza\/\">Elezione di cittadinanza<\/a><\/li>\n<li><a href=\"https:\/\/consrecife.esteri.it\/it\/servizi-consolari-e-visti\/servizi-per-il-cittadino-straniero\/cittadinanza\/acquisto-della-cittadinanza-di-figli-minori-conviventi-con-genitore-non-cittadino-dalla-nascita\/riconoscimento-in-base-a-leggi-speciali\/\">Riconoscimento in base a leggi speciali<\/a><\/li>\n<li><a href=\"https:\/\/consrecife.esteri.it\/it\/servizi-consolari-e-visti\/servizi-per-il-cittadino-straniero\/cittadinanza\/certificato-di-non-rinuncia\/\">Certificato di \u201cnon rinuncia\u201d<\/a><\/li>\n<\/ul>\n<p>&#8212;&#8212;&#8212;&#8212;&#8212;&#8212;&#8212;&#8212;&#8212;&#8212;&#8211;<\/p>\n<p><span style=\"text-decoration: underline;\"><strong>OSSERVAZIONE:<\/strong><\/span><\/p>\n<p style=\"text-align: justify;\">Per i <strong>figli nati fuori da matrimonio<\/strong>, si consiglia che <strong>entrambi i genitori<\/strong> si presentino in \u201cCart\u00f3rio\u201d e risultino come dichiaranti della nascita del loro figlio; in caso contrario, <strong>il genitore che non era presente<\/strong> e, di conseguenza, non ha dichiarato la nascita del proprio figlio, dovr\u00e0 provvedere ad una <strong>Scrittura Pubblica di riconoscimento di maternit\u00e0\/paternit\u00e0<\/strong> con l\u2019assenso del genitore che per primo ha dichiarato la nascita.<\/p>\n<p style=\"text-align: justify;\">Nei casi di figli di <strong>et\u00e0 a partire dai 14 anni,<\/strong> \u00e8 obbligatorio che risulti in tale atto il suo assenso.<\/p>\n<p style=\"text-align: justify;\">Nei casi di figli di et\u00e0 <strong><u>a partire dai 18 anni, si consiglia la lettura della pagina riguardo <\/u><a href=\"https:\/\/consrecife.esteri.it\/it\/servizi-consolari-e-visti\/servizi-per-il-cittadino-straniero\/cittadinanza\/elezione-di-cittadinanza\/\">l\u2019elezione di cittadinanza<\/a>.<\/strong><\/p>\n<p style=\"text-align: justify;\"><span style=\"text-decoration: underline;\"><strong>OSSERVAZIONE 2:<\/strong><\/span><\/p>\n<p style=\"text-align: justify;\">Le richieste di <strong>certificazione di mancata rinuncia<\/strong> per riconoscimento della cittadinanza italiana a persone non residenti presso questa circoscrizione consolare devono essere trasmesse esclusivamente via <strong>PEC all\u2019indirizzo: <a href=\"mailto:con.recife.anagrafe@cert.esteri.it\">con.recife.anagrafe@cert.esteri.it<\/a>.<\/strong><\/p>\n<p><strong>La risposta di questo Consolato avviene, sempre e solo via PEC, entro 30 giorni dall\u2019arrivo della richiesta, se quest&#8217;ultima \u00e8 stata correttamente formulata.<\/strong><\/p>\n<p>&nbsp;<\/p>\n<p style=\"text-align: justify;\">Per ulteriori informazioni in materia di cittadinanza si consiglia di visitare <a href=\"https:\/\/www.esteri.it\/it\/servizi-consolari-e-visti\/italiani-all-estero\/cittadinanza\/\">le pagine del Ministero degli Esteri e Cooperazione Internazionale<\/a>.<\/p>\n","protected":false},"excerpt":{"rendered":"Pagina aggiornata il 10\/07\/2025 Il decreto-legge 28 marzo 2025, n. 36, \u00e8 stato convertito con modificazioni nella\u00a0legge\u00a023 maggio 2025, n. 74, con vigenza dal 24 maggio 2025. La legge di conversione riforma la\u00a0legge 5 febbraio 1992, n. 91, il cui nuovo testo integrale \u00e8 disponibile al seguente\u00a0link Si attira, in particolare, l\u2019attenzione sul\u00a0nuovo art. 3-bis: [&hellip;]","protected":false},"author":3,"featured_media":0,"parent":95,"menu_order":0,"comment_status":"closed","ping_status":"closed","template":"","meta":{"footnotes":""},"class_list":["post-222","page","type-page","status-publish","hentry"],"_links":{"self":[{"href":"https:\/\/consrecife.esteri.it\/pt\/wp-json\/wp\/v2\/pages\/222","targetHints":{"allow":["GET"]}}],"collection":[{"href":"https:\/\/consrecife.esteri.it\/pt\/wp-json\/wp\/v2\/pages"}],"about":[{"href":"https:\/\/consrecife.esteri.it\/pt\/wp-json\/wp\/v2\/types\/page"}],"author":[{"embeddable":true,"href":"https:\/\/consrecife.esteri.it\/pt\/wp-json\/wp\/v2\/users\/3"}],"replies":[{"embeddable":true,"href":"https:\/\/consrecife.esteri.it\/pt\/wp-json\/wp\/v2\/comments?post=222"}],"version-history":[{"count":5,"href":"https:\/\/consrecife.esteri.it\/pt\/wp-json\/wp\/v2\/pages\/222\/revisions"}],"predecessor-version":[{"id":4488,"href":"https:\/\/consrecife.esteri.it\/pt\/wp-json\/wp\/v2\/pages\/222\/revisions\/4488"}],"up":[{"embeddable":true,"href":"https:\/\/consrecife.esteri.it\/pt\/wp-json\/wp\/v2\/pages\/95"}],"wp:attachment":[{"href":"https:\/\/consrecife.esteri.it\/pt\/wp-json\/wp\/v2\/media?parent=222"}],"curies":[{"name":"wp","href":"https:\/\/api.w.org\/{rel}","templated":true}]}}