{"id":2314,"date":"2023-01-25T17:47:40","date_gmt":"2023-01-25T20:47:40","guid":{"rendered":"https:\/\/consrecife.esteri.it\/?page_id=2314"},"modified":"2023-07-21T13:46:52","modified_gmt":"2023-07-21T16:46:52","slug":"certificados-cadastrais-emitidos-on-line-pelos-municipios-italianos","status":"publish","type":"page","link":"https:\/\/consrecife.esteri.it\/pt\/servizi-consolari-e-visti\/servizi-per-il-cittadino-italiano\/stato-civile\/certificados-cadastrais-emitidos-on-line-pelos-municipios-italianos\/","title":{"rendered":"Certificados Cadastrais emitidos on-line pelos Munic\u00edpios Italianos"},"content":{"rendered":"<p style=\"text-align: justify;\">Informamos que a partir de 15 de novembro de 2021 os cidad\u00e3os italianos inscritos nos Cadastros Italianos (&#8220;anagrafe&#8221;\/ tanto na APR &#8211; Cadastro da Popula\u00e7\u00e3o residente na It\u00e1lia, como no AIRE &#8211; Cadastro dos Italianos residentes no exterior) ter\u00e3o a possibilidade de solicitar diretamente onlie uma s\u00e9rie de certificados cadastrais, acessando ao portal:\u00a0<a href=\"https:\/\/www.anagrafenazionale.interno.it\/\">https:\/\/www.anagrafenazionale.interno.it\/<\/a><\/p>\n<p style=\"text-align: justify;\">A emiss\u00e3o dos Certificados \u00e9 gratuita, no entanto poss\u00edvel somente para \u00e0queles que possuam uma identidade digital (SPID, CIE o CNS), uma vez que tal modalidade j\u00e1 \u00e9 a \u00fanica na It\u00e1lia para acessar aos servi\u00e7os onlines prestados pela P\u00fablica Administra\u00e7\u00e3o.<\/p>\n<p style=\"text-align: justify;\">Para maiores informa\u00e7\u00f5es sobre o SPID\u00a0<a href=\"https:\/\/www.spid.gov.it\/\">clique aqui<\/a>.<\/p>\n<p style=\"text-align: justify;\">Os Certificados, que podem ser baixados para si ou para familiares conviventes, na p\u00e1g.:<br \/>\n<a href=\"https:\/\/www.anagrafenazionale.interno.it\/servizi-al-cittadino\/\">https:\/\/www.anagrafenazionale.interno.it\/servizi-al-cittadino\/<\/a>, s\u00e3o:<\/p>\n<ul>\n<li style=\"text-align: justify;\">Anagrafico di nascita<\/li>\n<li style=\"text-align: justify;\">Anagrafico di matrimonio<\/li>\n<li style=\"text-align: justify;\">di Cittadinanza<\/li>\n<li style=\"text-align: justify;\">di Esistenza in vita<\/li>\n<li style=\"text-align: justify;\">di Residenza<\/li>\n<li style=\"text-align: justify;\">di Residenza AIRE<\/li>\n<li style=\"text-align: justify;\">di Stato civile<\/li>\n<li style=\"text-align: justify;\">di Stato di famiglia<\/li>\n<li style=\"text-align: justify;\">di Stato di famiglia e di stato civile<\/li>\n<li style=\"text-align: justify;\">di Residenza in convivenza<\/li>\n<li style=\"text-align: justify;\">di Stato di famiglia AIRE<\/li>\n<li style=\"text-align: justify;\">di Stato di famiglia con rapporti di parentela<\/li>\n<li style=\"text-align: justify;\">di Stato Libero<\/li>\n<li style=\"text-align: justify;\">Anagrafico di Unione Civile<\/li>\n<li style=\"text-align: justify;\">di Contratto di Convivenza<\/li>\n<\/ul>\n","protected":false},"excerpt":{"rendered":"Informamos que a partir de 15 de novembro de 2021 os cidad\u00e3os italianos inscritos nos Cadastros Italianos (&#8220;anagrafe&#8221;\/ tanto na APR &#8211; Cadastro da Popula\u00e7\u00e3o residente na It\u00e1lia, como no AIRE &#8211; Cadastro dos Italianos residentes no exterior) ter\u00e3o a possibilidade de solicitar diretamente onlie uma s\u00e9rie de certificados cadastrais, acessando ao portal:\u00a0https:\/\/www.anagrafenazionale.interno.it\/ A emiss\u00e3o [&hellip;]","protected":false},"author":4,"featured_media":0,"parent":214,"menu_order":0,"comment_status":"closed","ping_status":"closed","template":"","meta":{"footnotes":""},"class_list":["post-2314","page","type-page","status-publish","hentry"],"_links":{"self":[{"href":"https:\/\/consrecife.esteri.it\/pt\/wp-json\/wp\/v2\/pages\/2314","targetHints":{"allow":["GET"]}}],"collection":[{"href":"https:\/\/consrecife.esteri.it\/pt\/wp-json\/wp\/v2\/pages"}],"about":[{"href":"https:\/\/consrecife.esteri.it\/pt\/wp-json\/wp\/v2\/types\/page"}],"author":[{"embeddable":true,"href":"https:\/\/consrecife.esteri.it\/pt\/wp-json\/wp\/v2\/users\/4"}],"replies":[{"embeddable":true,"href":"https:\/\/consrecife.esteri.it\/pt\/wp-json\/wp\/v2\/comments?post=2314"}],"version-history":[{"count":0,"href":"https:\/\/consrecife.esteri.it\/pt\/wp-json\/wp\/v2\/pages\/2314\/revisions"}],"up":[{"embeddable":true,"href":"https:\/\/consrecife.esteri.it\/pt\/wp-json\/wp\/v2\/pages\/214"}],"wp:attachment":[{"href":"https:\/\/consrecife.esteri.it\/pt\/wp-json\/wp\/v2\/media?parent=2314"}],"curies":[{"name":"wp","href":"https:\/\/api.w.org\/{rel}","templated":true}]}}