{"id":32,"date":"2022-12-13T15:47:56","date_gmt":"2022-12-13T18:47:56","guid":{"rendered":"https:\/\/consrecife.esteri.it\/servizi-consolari-e-visti\/"},"modified":"2025-08-13T10:06:30","modified_gmt":"2025-08-13T13:06:30","slug":"servizi-consolari-e-visti","status":"publish","type":"page","link":"https:\/\/consrecife.esteri.it\/pt\/servizi-consolari-e-visti\/","title":{"rendered":"Servi\u00e7os Consulares e Vistos"},"content":{"rendered":"<p style=\"text-align: justify;\">Bem-vindo \u00e0 se\u00e7\u00e3o dedicada aos servi\u00e7os consulares.<\/p>\n<p style=\"text-align: justify;\">Para facilitar a navega\u00e7\u00e3o dividimos os v\u00e1rios servi\u00e7os prestados em duas se\u00e7\u00f5es, os destinados a <a href=\"https:\/\/consrecife.esteri.it\/pt\/servizi-consolari-e-visti\/servizi-per-il-cittadino-italiano\/\">cidad\u00e3os italianos<\/a> e os destinados a <a href=\"https:\/\/consrecife.esteri.it\/pt\/servizi-consolari-e-visti\/servizi-per-il-cittadino-straniero\/\">cidad\u00e3os estrangeiros<\/a>.<\/p>\n<p style=\"text-align: justify;\">Cada item da lista cont\u00e9m informa\u00e7\u00f5es \u00fateis para solicitar servi\u00e7os espec\u00edficos.<\/p>\n<p style=\"text-align: justify;\">Um item espec\u00edfico diz respeito \u00e0s publica\u00e7\u00f5es no Registro Consular.<\/p>\n<p style=\"text-align: justify;\">Desfrute da sua consulta!<\/p>\n","protected":false},"excerpt":{"rendered":"Bem-vindo \u00e0 se\u00e7\u00e3o dedicada aos servi\u00e7os consulares. Para facilitar a navega\u00e7\u00e3o dividimos os v\u00e1rios servi\u00e7os prestados em duas se\u00e7\u00f5es, os destinados a cidad\u00e3os italianos e os destinados a cidad\u00e3os estrangeiros. Cada item da lista cont\u00e9m informa\u00e7\u00f5es \u00fateis para solicitar servi\u00e7os espec\u00edficos. Um item espec\u00edfico diz respeito \u00e0s publica\u00e7\u00f5es no Registro Consular. Desfrute da sua consulta!","protected":false},"author":2,"featured_media":0,"parent":0,"menu_order":6,"comment_status":"closed","ping_status":"closed","template":"","meta":{"footnotes":""},"class_list":["post-32","page","type-page","status-publish","hentry"],"_links":{"self":[{"href":"https:\/\/consrecife.esteri.it\/pt\/wp-json\/wp\/v2\/pages\/32","targetHints":{"allow":["GET"]}}],"collection":[{"href":"https:\/\/consrecife.esteri.it\/pt\/wp-json\/wp\/v2\/pages"}],"about":[{"href":"https:\/\/consrecife.esteri.it\/pt\/wp-json\/wp\/v2\/types\/page"}],"author":[{"embeddable":true,"href":"https:\/\/consrecife.esteri.it\/pt\/wp-json\/wp\/v2\/users\/2"}],"replies":[{"embeddable":true,"href":"https:\/\/consrecife.esteri.it\/pt\/wp-json\/wp\/v2\/comments?post=32"}],"version-history":[{"count":1,"href":"https:\/\/consrecife.esteri.it\/pt\/wp-json\/wp\/v2\/pages\/32\/revisions"}],"predecessor-version":[{"id":4635,"href":"https:\/\/consrecife.esteri.it\/pt\/wp-json\/wp\/v2\/pages\/32\/revisions\/4635"}],"wp:attachment":[{"href":"https:\/\/consrecife.esteri.it\/pt\/wp-json\/wp\/v2\/media?parent=32"}],"curies":[{"name":"wp","href":"https:\/\/api.w.org\/{rel}","templated":true}]}}