{"id":33,"date":"2022-12-13T15:47:35","date_gmt":"2022-12-13T18:47:35","guid":{"rendered":"https:\/\/consrecife.esteri.it\/chi-siamo\/"},"modified":"2023-04-21T17:15:32","modified_gmt":"2023-04-21T15:15:32","slug":"chi-siamo","status":"publish","type":"page","link":"https:\/\/consrecife.esteri.it\/pt\/chi-siamo\/","title":{"rendered":"Quem somos"},"content":{"rendered":"<p style=\"text-align: justify;\">Bem-vindo ao site do Consulado de It\u00e1lia em Recife.<\/p>\n<p style=\"text-align: justify;\">O Consulado da It\u00e1lia em Recife \u00e9 respons\u00e1vel pelos Estados da Regi\u00e3o Nordeste do Brasil: Alagoas, Bahia, Cear\u00e1, Maranh\u00e3o, Para\u00edba, Pernambuco, Piau\u00ed, Rio Grande do Norte e Sergipe.<\/p>\n<p style=\"text-align: justify;\">Descubra mais sobre n\u00f3s navegando nas p\u00e1ginas deste canal.<\/p>\n<p style=\"text-align: justify;\">Para qualquer informa\u00e7\u00e3o, pode contactar-nos diretamente atrav\u00e9s dos n\u00fameros e e-mails indicados na p\u00e1gina de <a href=\"https:\/\/consrecife.esteri.it\/pt\/chi-siamo\/gli-uffici\/\">contato<\/a>.<\/p>\n<p><img loading=\"lazy\" decoding=\"async\" class=\"alignnone wp-image-29 img-fluid\" src=\"https:\/\/consrecife.esteri.it\/wp-content\/uploads\/2022\/12\/img-20201126-wa0015-225x300.jpeg\" alt=\"facciata cons\" width=\"333\" height=\"444\" srcset=\"https:\/\/consrecife.esteri.it\/wp-content\/uploads\/2022\/12\/img-20201126-wa0015-225x300.jpeg 225w, https:\/\/consrecife.esteri.it\/wp-content\/uploads\/2022\/12\/img-20201126-wa0015.jpeg 480w\" sizes=\"auto, (max-width: 333px) 100vw, 333px\" \/><\/p>\n<p>&nbsp;<\/p>\n","protected":false},"excerpt":{"rendered":"Bem-vindo ao site do Consulado de It\u00e1lia em Recife. O Consulado da It\u00e1lia em Recife \u00e9 respons\u00e1vel pelos Estados da Regi\u00e3o Nordeste do Brasil: Alagoas, Bahia, Cear\u00e1, Maranh\u00e3o, Para\u00edba, Pernambuco, Piau\u00ed, Rio Grande do Norte e Sergipe. Descubra mais sobre n\u00f3s navegando nas p\u00e1ginas deste canal. Para qualquer informa\u00e7\u00e3o, pode contactar-nos diretamente atrav\u00e9s dos n\u00fameros [&hellip;]","protected":false},"author":2,"featured_media":0,"parent":0,"menu_order":2,"comment_status":"closed","ping_status":"closed","template":"","meta":{"footnotes":""},"class_list":["post-33","page","type-page","status-publish","hentry"],"_links":{"self":[{"href":"https:\/\/consrecife.esteri.it\/pt\/wp-json\/wp\/v2\/pages\/33","targetHints":{"allow":["GET"]}}],"collection":[{"href":"https:\/\/consrecife.esteri.it\/pt\/wp-json\/wp\/v2\/pages"}],"about":[{"href":"https:\/\/consrecife.esteri.it\/pt\/wp-json\/wp\/v2\/types\/page"}],"author":[{"embeddable":true,"href":"https:\/\/consrecife.esteri.it\/pt\/wp-json\/wp\/v2\/users\/2"}],"replies":[{"embeddable":true,"href":"https:\/\/consrecife.esteri.it\/pt\/wp-json\/wp\/v2\/comments?post=33"}],"version-history":[{"count":0,"href":"https:\/\/consrecife.esteri.it\/pt\/wp-json\/wp\/v2\/pages\/33\/revisions"}],"wp:attachment":[{"href":"https:\/\/consrecife.esteri.it\/pt\/wp-json\/wp\/v2\/media?parent=33"}],"curies":[{"name":"wp","href":"https:\/\/api.w.org\/{rel}","templated":true}]}}