{"id":4115,"date":"2025-04-03T15:13:46","date_gmt":"2025-04-03T18:13:46","guid":{"rendered":"https:\/\/consrecife.esteri.it\/?page_id=4115"},"modified":"2025-04-03T15:14:00","modified_gmt":"2025-04-03T18:14:00","slug":"referendos-abrogativos-2025","status":"publish","type":"page","link":"https:\/\/consrecife.esteri.it\/pt\/servizi-consolari-e-visti\/servizi-per-il-cittadino-italiano\/servizi-elettorali\/eleicoes-politicas-e-referendum\/referendos-abrogativos-2025\/","title":{"rendered":"Referendos abrogativos 2025"},"content":{"rendered":"<ul>\n<li><a href=\"https:\/\/consrecife.esteri.it\/pt\/news\/dal_consolato\/2025\/04\/referendos-abrogativos-2025\/\">Informa\u00e7\u00f5es sobre os referendos abrogativos de 8 e 9 de junho de 2025<\/a><\/li>\n<li><a href=\"https:\/\/consrecife.esteri.it\/pt\/news\/dal_consolato\/2025\/04\/referendos-abrogativos-de-08-e-09-de-junho-de-2025\/\">Informa\u00e7\u00f5es para os inscritos no AIRE que optam por votar na It\u00e1lia<\/a><\/li>\n<\/ul>\n","protected":false},"excerpt":{"rendered":"Informa\u00e7\u00f5es sobre os referendos abrogativos de 8 e 9 de junho de 2025 Informa\u00e7\u00f5es para os inscritos no AIRE que optam por votar na It\u00e1lia","protected":false},"author":4,"featured_media":0,"parent":600,"menu_order":0,"comment_status":"closed","ping_status":"closed","template":"","meta":{"footnotes":""},"class_list":["post-4115","page","type-page","status-publish","hentry"],"_links":{"self":[{"href":"https:\/\/consrecife.esteri.it\/pt\/wp-json\/wp\/v2\/pages\/4115","targetHints":{"allow":["GET"]}}],"collection":[{"href":"https:\/\/consrecife.esteri.it\/pt\/wp-json\/wp\/v2\/pages"}],"about":[{"href":"https:\/\/consrecife.esteri.it\/pt\/wp-json\/wp\/v2\/types\/page"}],"author":[{"embeddable":true,"href":"https:\/\/consrecife.esteri.it\/pt\/wp-json\/wp\/v2\/users\/4"}],"replies":[{"embeddable":true,"href":"https:\/\/consrecife.esteri.it\/pt\/wp-json\/wp\/v2\/comments?post=4115"}],"version-history":[{"count":2,"href":"https:\/\/consrecife.esteri.it\/pt\/wp-json\/wp\/v2\/pages\/4115\/revisions"}],"predecessor-version":[{"id":4121,"href":"https:\/\/consrecife.esteri.it\/pt\/wp-json\/wp\/v2\/pages\/4115\/revisions\/4121"}],"up":[{"embeddable":true,"href":"https:\/\/consrecife.esteri.it\/pt\/wp-json\/wp\/v2\/pages\/600"}],"wp:attachment":[{"href":"https:\/\/consrecife.esteri.it\/pt\/wp-json\/wp\/v2\/media?parent=4115"}],"curies":[{"name":"wp","href":"https:\/\/api.w.org\/{rel}","templated":true}]}}