{"id":4457,"date":"2025-07-10T15:28:30","date_gmt":"2025-07-10T18:28:30","guid":{"rendered":"https:\/\/consrecife.esteri.it\/servizi-consolari-e-visti\/servizi-per-il-cittadino-italiano\/stato-civile\/nascita\/acquisto-della-cittadinanza-per-beneficio-di-legge-figli-minori-nati-allestero\/"},"modified":"2026-01-08T13:11:15","modified_gmt":"2026-01-08T16:11:15","slug":"acquisto-della-cittadinanza-per-beneficio-di-legge-figli-minori-nati-allestero","status":"publish","type":"page","link":"https:\/\/consrecife.esteri.it\/pt\/servizi-consolari-e-visti\/servizi-per-il-cittadino-straniero\/cittadinanza\/acquisto-della-cittadinanza-per-beneficio-di-legge-figli-minori-nati-allestero\/","title":{"rendered":"Aquisi\u00e7\u00e3o da Cidadania por \u201cbenef\u00edcio de lei\u201d (filhos menores nascidos no exterior)"},"content":{"rendered":"<p data-start=\"47\" data-end=\"318\">Nos casos previstos no par\u00e1grafo 1-bis do artigo 4 da Lei n\u00ba 91\/1992 e no artigo 1\u00ba, par\u00e1grafo 1-ter, do Decreto-Lei n\u00ba 36\/2025, os filhos menores nascidos no exterior de genitor cidad\u00e3o que n\u00e3o transmite <strong>automaticamente<\/strong> a cidadania podem <strong>adquirir<\/strong> a cidadania italiana.<\/p>\n<p data-start=\"325\" data-end=\"411\">O menor que dela se beneficia <strong data-start=\"355\" data-end=\"408\">n\u00e3o ser\u00e1 cidad\u00e3o por nascimento ou iure sanguinis<\/strong>.<\/p>\n<p data-start=\"418\" data-end=\"611\">Com base no artigo 15 da Lei n\u00ba 91\/1992, o menor n\u00e3o adquire a cidadania desde o dia do nascimento, mas <strong data-start=\"522\" data-end=\"608\">a partir do dia seguinte \u00e0quele em que se verifiquem as condi\u00e7\u00f5es previstas em lei<\/strong>.<\/p>\n<p data-start=\"618\" data-end=\"704\">Para ver as instru\u00e7\u00f5es completas, clique na op\u00e7\u00e3o que melhor corresponde \u00e0 situa\u00e7\u00e3o:<\/p>\n<p data-start=\"711\" data-end=\"894\">\u2022 <a href=\"https:\/\/consrecife.esteri.it\/pt\/servizi-consolari-e-visti\/servizi-per-il-cittadino-straniero\/cittadinanza\/acquisto-della-cittadinanza-per-beneficio-di-legge-figli-minori-nati-allestero\/uno-dei-genitori-e-cittadino-per-nascita-e-il-figlio-minore-e-nato-dopo-il-24-05-2025-e-ha-meno-di-3-anni-di-eta\/\">Um dos genitores \u00e9 cidad\u00e3o por nascimento e o filho menor nasceu <strong data-start=\"778\" data-end=\"797\">AP\u00d3S 24\/05\/2025<\/strong><\/a>;<br data-start=\"798\" data-end=\"801\" \/>\u2022 <a href=\"https:\/\/consrecife.esteri.it\/pt\/servizi-consolari-e-visti\/servizi-per-il-cittadino-straniero\/cittadinanza\/acquisto-della-cittadinanza-per-beneficio-di-legge-figli-minori-nati-allestero\/figli-minorenni-al-24-05-2025-di-cittadini-per-nascita-con-piu-di-un-anno-di-eta\/\">Um dos genitores \u00e9 cidad\u00e3o por nascimento e o filho menor nasceu <strong data-start=\"870\" data-end=\"893\">ANTES de 24\/05\/2025<\/strong><\/a>.<\/p>\n","protected":false},"excerpt":{"rendered":"Nos casos previstos no par\u00e1grafo 1-bis do artigo 4 da Lei n\u00ba 91\/1992 e no artigo 1\u00ba, par\u00e1grafo 1-ter, do Decreto-Lei n\u00ba 36\/2025, os filhos menores nascidos no exterior de genitor cidad\u00e3o que n\u00e3o transmite automaticamente a cidadania podem adquirir a cidadania italiana. O menor que dela se beneficia n\u00e3o ser\u00e1 cidad\u00e3o por nascimento ou [&hellip;]","protected":false},"author":12,"featured_media":0,"parent":222,"menu_order":0,"comment_status":"closed","ping_status":"closed","template":"","meta":{"footnotes":""},"class_list":["post-4457","page","type-page","status-publish","hentry"],"_links":{"self":[{"href":"https:\/\/consrecife.esteri.it\/pt\/wp-json\/wp\/v2\/pages\/4457","targetHints":{"allow":["GET"]}}],"collection":[{"href":"https:\/\/consrecife.esteri.it\/pt\/wp-json\/wp\/v2\/pages"}],"about":[{"href":"https:\/\/consrecife.esteri.it\/pt\/wp-json\/wp\/v2\/types\/page"}],"author":[{"embeddable":true,"href":"https:\/\/consrecife.esteri.it\/pt\/wp-json\/wp\/v2\/users\/12"}],"replies":[{"embeddable":true,"href":"https:\/\/consrecife.esteri.it\/pt\/wp-json\/wp\/v2\/comments?post=4457"}],"version-history":[{"count":7,"href":"https:\/\/consrecife.esteri.it\/pt\/wp-json\/wp\/v2\/pages\/4457\/revisions"}],"predecessor-version":[{"id":5208,"href":"https:\/\/consrecife.esteri.it\/pt\/wp-json\/wp\/v2\/pages\/4457\/revisions\/5208"}],"up":[{"embeddable":true,"href":"https:\/\/consrecife.esteri.it\/pt\/wp-json\/wp\/v2\/pages\/222"}],"wp:attachment":[{"href":"https:\/\/consrecife.esteri.it\/pt\/wp-json\/wp\/v2\/media?parent=4457"}],"curies":[{"name":"wp","href":"https:\/\/api.w.org\/{rel}","templated":true}]}}