{"id":483,"date":"2023-01-18T20:41:30","date_gmt":"2023-01-18T23:41:30","guid":{"rendered":"https:\/\/consrecife.esteri.it\/?page_id=483"},"modified":"2026-03-04T10:07:23","modified_gmt":"2026-03-04T13:07:23","slug":"formularios","status":"publish","type":"page","link":"https:\/\/consrecife.esteri.it\/pt\/servizi-consolari-e-visti\/servizi-per-il-cittadino-italiano\/altri-servizi\/formularios\/","title":{"rendered":"Formul\u00e1rios"},"content":{"rendered":"<p><strong>Assist\u00eancia<\/strong><\/p>\n<ol>\n<li><a href=\"https:\/\/consrecife.esteri.it\/consolato_recife\/resource\/doc\/2022\/03\/cir_mod_richiesta_aiuto_economico_cittadini_italiani_residenti_in_brasile.pdf\"><strong>Pedido de subs\u00eddio consular<\/strong><\/a> (cidad\u00e3os italianos residentes no Brasil)<\/li>\n<li><a href=\"https:\/\/consrecife.esteri.it\/consolato_recife\/resource\/doc\/2022\/03\/cir_mod_richiesta_aiuto_economico_cittadini_italiani_residenti_in_italia.pdf\"><strong>Pedido de empr\u00e9stimo com promessa de reembolso<\/strong><\/a> (cidad\u00e3os italianos residentes em It\u00e1lia)<\/li>\n<li><strong><a href=\"https:\/\/consrecife.esteri.it\/consolato_recife\/resource\/doc\/2022\/03\/cir_richiesta_traslazione_salma_da_parente.pdf\">Pedido de tradu\u00e7\u00e3o de cad\u00e1ver<\/a><\/strong><\/li>\n<li><strong><a href=\"https:\/\/consrecife.esteri.it\/consolato_recife\/resource\/doc\/2022\/03\/cir_richiesta_traslazione_ceneri_da_parente.pdf\">Pedido de tradu\u00e7\u00e3o de cinzas<\/a><\/strong><\/li>\n<\/ol>\n<p>&nbsp;<\/p>\n<p><strong>Auto-certifica\u00e7\u00f5es<\/strong><\/p>\n<ol>\n<li><strong><a href=\"https:\/\/consrecife.esteri.it\/wp-content\/uploads\/2026\/03\/dichiarazione_sostitutiva_di_certificazione_2026.pdf\">Declara\u00e7\u00e3o Substitutiva de Certifica\u00e7\u00e3o com Pedido de Servi\u00e7os Consulares <\/a><\/strong><\/li>\n<\/ol>\n<p>&nbsp;<\/p>\n<p><strong>Passaportes<\/strong><\/p>\n<ol>\n<li><a href=\"https:\/\/consrecife.esteri.it\/consolato_recife\/resource\/resource\/2018\/08\/domanda_passaporto_adulti.doc\" target=\"_blank\" rel=\"noopener\"><strong>Pedido de passaporte de adulto<\/strong><\/a><\/li>\n<li><a href=\"https:\/\/consrecife.esteri.it\/consolato_recife\/resource\/resource\/2018\/08\/domanda_passaporto_minori.doc\" target=\"_blank\" rel=\"noopener\"><strong>Pedido de passaporte de menores<\/strong><\/a><\/li>\n<li><a href=\"https:\/\/consrecife.esteri.it\/resource\/2012\/05\/11318_f_cons97Standardicaoperfotodocumenti.pdf\" target=\"_blank\" rel=\"noopener\"><strong>Requisitos de fotos de passaporte<\/strong><\/a><\/li>\n<li><a href=\"https:\/\/consrecife.esteri.it\/consolato_recife\/resource\/doc\/2018\/12\/assenso_passaporto_a_figlio_minore_pe.docx\" target=\"_blank\" rel=\"noopener\"><strong>Ato de consentimento em favor de um filho menor<\/strong><\/a><\/li>\n<li><a href=\"https:\/\/consrecife.esteri.it\/consolato_recife\/resource\/resource\/2018\/08\/atto_di_assenso_tra_genitori_pe.docx\" target=\"_blank\" rel=\"noopener\"><strong>Ato de consentimento em favor de um adulto com filho menor<\/strong><\/a><\/li>\n<li><a href=\"https:\/\/consrecife.esteri.it\/consolato_recife\/resource\/resource\/2018\/08\/denuncia_smarrimento_furto.doc\" target=\"_blank\" rel=\"noopener\"><strong>Perda\/roubo de passaporte<\/strong><\/a><\/li>\n<\/ol>\n<p><strong>Vistos<\/strong><\/p>\n<ol>\n<li><strong><a href=\"https:\/\/consrecife.esteri.it\/resource\/2016\/05\/40104_f_cons97Nazionalebilingue3.pdf\">Pedido de visto longa perman\u00eancia (mais de 90 dias)<\/a><\/strong><\/li>\n<li><a href=\"https:\/\/consrecife.esteri.it\/resource\/2016\/05\/40105_f_cons97Schengenbilingue2.pdf\"><strong>Pedido de visto curta perman\u00eancia (m\u00e1ximo 90 dias)<\/strong><\/a><\/li>\n<li><strong><a href=\"https:\/\/consrecife.esteri.it\/resource\/2014\/09\/28560_f_cons97Nuovadichiarazionediinvitoufficiale1.pdf\">Carta-convite<\/a><\/strong><\/li>\n<\/ol>\n","protected":false},"excerpt":{"rendered":"Assist\u00eancia Pedido de subs\u00eddio consular (cidad\u00e3os italianos residentes no Brasil) Pedido de empr\u00e9stimo com promessa de reembolso (cidad\u00e3os italianos residentes em It\u00e1lia) Pedido de tradu\u00e7\u00e3o de cad\u00e1ver Pedido de tradu\u00e7\u00e3o de cinzas &nbsp; Auto-certifica\u00e7\u00f5es Declara\u00e7\u00e3o Substitutiva de Certifica\u00e7\u00e3o com Pedido de Servi\u00e7os Consulares &nbsp; Passaportes Pedido de passaporte de adulto Pedido de passaporte de menores [&hellip;]","protected":false},"author":4,"featured_media":0,"parent":148,"menu_order":0,"comment_status":"closed","ping_status":"closed","template":"","meta":{"footnotes":""},"class_list":["post-483","page","type-page","status-publish","hentry"],"_links":{"self":[{"href":"https:\/\/consrecife.esteri.it\/pt\/wp-json\/wp\/v2\/pages\/483","targetHints":{"allow":["GET"]}}],"collection":[{"href":"https:\/\/consrecife.esteri.it\/pt\/wp-json\/wp\/v2\/pages"}],"about":[{"href":"https:\/\/consrecife.esteri.it\/pt\/wp-json\/wp\/v2\/types\/page"}],"author":[{"embeddable":true,"href":"https:\/\/consrecife.esteri.it\/pt\/wp-json\/wp\/v2\/users\/4"}],"replies":[{"embeddable":true,"href":"https:\/\/consrecife.esteri.it\/pt\/wp-json\/wp\/v2\/comments?post=483"}],"version-history":[{"count":6,"href":"https:\/\/consrecife.esteri.it\/pt\/wp-json\/wp\/v2\/pages\/483\/revisions"}],"predecessor-version":[{"id":5569,"href":"https:\/\/consrecife.esteri.it\/pt\/wp-json\/wp\/v2\/pages\/483\/revisions\/5569"}],"up":[{"embeddable":true,"href":"https:\/\/consrecife.esteri.it\/pt\/wp-json\/wp\/v2\/pages\/148"}],"wp:attachment":[{"href":"https:\/\/consrecife.esteri.it\/pt\/wp-json\/wp\/v2\/media?parent=483"}],"curies":[{"name":"wp","href":"https:\/\/api.w.org\/{rel}","templated":true}]}}