{"id":487,"date":"2023-01-19T19:10:48","date_gmt":"2023-01-19T18:10:48","guid":{"rendered":"https:\/\/consrecife.esteri.it\/?page_id=487"},"modified":"2025-05-20T10:38:57","modified_gmt":"2025-05-20T13:38:57","slug":"tipos-de-vistos","status":"publish","type":"page","link":"https:\/\/consrecife.esteri.it\/pt\/servizi-consolari-e-visti\/servizi-per-il-cittadino-straniero\/visti\/tipos-de-vistos\/","title":{"rendered":"Tipos de Vistos"},"content":{"rendered":"<p style=\"text-align: justify;\">Para facilitar a disponibiliza\u00e7\u00e3o das informa\u00e7\u00f5es sobre a documenta\u00e7\u00e3o e o tipo de visto a ser solicitado, podem consultar o site \u201cIl visto per l\u2019Italia\u201d no link:\u00a0 <a href=\"http:\/\/vistoperitalia.esteri.it\">http:\/\/vistoperitalia.esteri.it<br \/>\n<\/a><br \/>\nA plataforma cont\u00e9m informa\u00e7\u00f5es sobre requisitos para obter o visto de entrada no nosso pa\u00eds e permite ao requerente obter, em tempo real, as informa\u00e7\u00f5es personalizadas sobre a condi\u00e7\u00e3o para emiss\u00e3o de visto, onde requer\u00ea-lo e o seu custo.<\/p>\n<p style=\"text-align: justify;\">Por meio de um procedimento guiado, com base na nacionalidade, no pa\u00eds de resid\u00eancia, nos motivos da visita e da dura\u00e7\u00e3o da mesma, o requerente ser\u00e1 informado se \u00e9 necess\u00e1rio solicitar um visto de entrada para It\u00e1lia.<\/p>\n<h5 style=\"text-align: justify;\">Para mais informa\u00e7\u00f5es sobre vistos, somente se n\u00e3o estiverem presentes nas p\u00e1ginas publicadas neste site, escreva para <span style=\"text-decoration: underline; color: #3366ff;\">visti.recife@esteri.it<\/span> fornecendo um n\u00famero de telefone para contato.<\/h5>\n<h4 style=\"text-align: justify;\"><span style=\"text-decoration: underline;\">Os agendamentos s\u00e3o realizados exclusivamente atrav\u00e9s do portal de reservas online<\/span> <strong><a href=\"https:\/\/prenotami.esteri.it\/\">prenot@mi<\/a><\/strong><\/h4>\n<h4 style=\"text-align: center;\"><strong>INFORMA\u00c7\u00d5ES GERAIS<\/strong><\/h4>\n<p style=\"text-align: justify;\"><strong>ATEN\u00c7\u00c3O: a apresenta\u00e7\u00e3o da documenta\u00e7\u00e3o necess\u00e1ria N\u00c3O implica necessariamente a concess\u00e3o do visto.\u00a0<\/strong><\/p>\n<p><strong>Durante a an\u00e1lise do pedido, por raz\u00f5es justificadas, podem ser solicitados documentos adicionais n\u00e3o mencionados na lista de documentos abaixo reportada:<\/strong><\/p>\n<h2><strong><u>Documenta\u00e7\u00e3o necess\u00e1ria para qualquer tipo de visto:<\/u><\/strong><\/h2>\n<p style=\"text-align: justify;\">&#8211;\u00a0 \u00a02 fotos 3&#215;4 coloridas;<\/p>\n<p style=\"text-align: justify;\">&#8211;\u00a0 \u00a0C\u00f3pia do RG (ou outro documento com foto v\u00e1lido);<\/p>\n<p style=\"text-align: justify;\">&#8211;\u00a0 \u00a0C\u00f3pia autenticada do t\u00edtulo de eleitor (pode ser tamb\u00e9m o documento baixado pelo site: <a href=\"https:\/\/www.tse.jus.br\/servicos-eleitorais\/titulo-eleitoral\">https:\/\/www.tse.jus.br\/servicos-eleitorais\/titulo-eleitoral<\/a>), c\u00f3pia do comprovante de resid\u00eancia ou certificado de resid\u00eancia;<\/p>\n<p style=\"text-align: justify;\">&#8211;\u00a0 \u00a0Passaporte com validade m\u00ednima de 1 ano a partir da data de partida;<\/p>\n<p style=\"text-align: justify;\">&#8211;\u00a0 \u00a0Reserva do voo<strong>. Lembramos que ao adquirir a passagem ser\u00e1 preciso manter o mesmo itiner\u00e1rio, ou seja, o voo deve ser comprado passando pelas mesmas cidades e aeroportos da reserva apresentada a este Consulado. <\/strong>(A reserva \u00e9 suficiente, mas tamb\u00e9m aceitamos a passagem j\u00e1 comprada)<strong>;<\/strong><\/p>\n<p style=\"text-align: justify;\"><strong>&#8211; Pagamento da taxa consular<\/strong> (duas vias impressas do comprovante) do valor espec\u00edfico para o tipo de visto. As taxas consulares para qualquer tipo de visto, devido a altera\u00e7\u00f5es de c\u00e2mbio, s\u00e3o atualizadas trimestralmente e publicadas na p\u00e1gina correspondente dedicada aos \u201c<a href=\"https:\/\/consrecife.esteri.it\/pt\/servizi-consolari-e-visti\/servizi-per-il-cittadino-italiano\/altri-servizi\/taxas-consulares\/\">Valores taxas consulares<\/a>\u201d. Verifique os valores devidos com base no tipo de visto, no artigo 29 da tabela (visto tipo C, visto de estudo tipo D, visto tipo D de trabalho ou outros motivos) referente ao per\u00edodo (trimestral) em que o visto ser\u00e1 emitido.<\/p>\n<p style=\"text-align: justify;\">A taxa consular poder\u00e1 ser paga tamb\u00e9m <strong><span style=\"text-decoration: underline;\">no consulado<\/span><\/strong> com cart\u00e3o de d\u00e9bito, ou via PIX <strong>apenas em casos de extrema necessidade<\/strong>.<\/p>\n<p style=\"text-align: justify;\">\u00c9 fortemente recomendado efetuar o pagamento via PIX ou transfer\u00eancia para a conta banc\u00e1ria deste Consulado em tempo \u00fatil para verifica cont\u00e1bil (pelo menos quatro dias antes), apresentando duas vias impressas do comprovante no dia da entrevista pessoal.<\/p>\n<p style=\"text-align: justify;\"><strong>POR FAVOR, USE SOMENTE MEIOS ELETR\u00d4NICOS DE PAGAMENTO.<\/strong><\/p>\n<p style=\"text-align: justify;\"><strong>Ap\u00f3s se apresentar no Consulado para a entrevista pessoal para um visto, <u>n\u00e3o ser\u00e1 mais poss\u00edvel obter o reembolso da taxa<\/u>, nem mesmo em caso de recusa do visto. Recomendamos fortemente ler cuidadosamente todas as instru\u00e7\u00f5es contidas nas p\u00e1ginas deste site dedicadas \u00e0 demonstra\u00e7\u00e3o das condi\u00e7\u00f5es para obter o visto.<br \/>\n<\/strong><\/p>\n<p style=\"text-align: justify;\"><strong>Aten\u00e7\u00e3o:<\/strong><\/p>\n<p style=\"text-align: justify;\"><strong>TODA A DOCUMENTA\u00c7\u00c3O NECESS\u00c1RIA PARA EMISS\u00c3O DO VISTO DEVER\u00c1 SER APRESENTADA DEVIDAMENTE IMPRESSA. ESTE CONSULADO N\u00c3O IMPRIME DOCUMENTA\u00c7\u00c3O DE USU\u00c1RIOS.<\/strong><\/p>\n<p style=\"text-align: justify;\"><strong>CARTAS OFICIAIS<\/strong>. A documenta\u00e7\u00e3o espec\u00edfica do visto (carta de aceite da universidade ou convites requerimentos feitos por col\u00e9gios, faculdades, empresas ou outras entidades, com sede na It\u00e1lia <strong>devem ser SEMPRE ESCRITAS EM ITALIANO <\/strong>e em papel oficial (papel timbrado) da institui\u00e7\u00e3o que convida, assinada pelo respons\u00e1vel, com contato telef\u00f4nico, e-mail e endere\u00e7o completo, para confer\u00eancia e verifica\u00e7\u00e3o deste setor de VISTOS. Tamb\u00e9m deve constar na carta o nome e sobrenome da pessoa convidada, o motivo do convite, a data de in\u00edcio e o fim da perman\u00eancia na It\u00e1lia e qualquer informa\u00e7\u00e3o adicional que seja \u00fatil para concess\u00e3o do visto <strong>(as cartas que n\u00e3o apresentarem essas caracter\u00edsticas n\u00e3o ser\u00e3o aceitas).<\/strong><\/p>\n<p style=\"text-align: justify;\"><strong>Formul\u00e1rios para ser apresentados J\u00c1 PREENCHIDOS<\/strong><\/p>\n<p><a href=\"https:\/\/consrecife.esteri.it\/wp-content\/uploads\/2023\/05\/Modulo-Visto-C.pdf\"><strong>Formul\u00e1rio C<\/strong><\/a>: para vistos inferiores a 90 dias;<\/p>\n<p><a href=\"https:\/\/consrecife.esteri.it\/wp-content\/uploads\/2025\/05\/Modulo-Visto-D-new.pdf\"><strong>Formul\u00e1rio D<\/strong><\/a>: para vistos superiores a 90 dias (que \u00e9 a maioria dos casos para brasileiros);<\/p>\n<p><strong><a href=\"https:\/\/consrecife.esteri.it\/wp-content\/uploads\/2023\/05\/FORMULARIO-RESUMIDO.doc\">Formul\u00e1rio resumido<\/a><\/strong>: deve ser preenchido digitalmente, e para todos os tipos de vistos;<\/p>\n<p><strong><a href=\"https:\/\/consrecife.esteri.it\/wp-content\/uploads\/2023\/05\/lettera-invito-ufficiale.pdf\">Modelo de carta convite:<\/a><\/strong> SE NECESS\u00c1RIA, a carta convite deve ser sempre acompanhada de uma c\u00f3pia da carteira de identidade ou de algum outro documento valido da pessoa que convida, onde esteja VIS\u00cdVEL a assinatura do mesmo.<\/p>\n","protected":false},"excerpt":{"rendered":"Para facilitar a disponibiliza\u00e7\u00e3o das informa\u00e7\u00f5es sobre a documenta\u00e7\u00e3o e o tipo de visto a ser solicitado, podem consultar o site \u201cIl visto per l\u2019Italia\u201d no link:\u00a0 http:\/\/vistoperitalia.esteri.it A plataforma cont\u00e9m informa\u00e7\u00f5es sobre requisitos para obter o visto de entrada no nosso pa\u00eds e permite ao requerente obter, em tempo real, as informa\u00e7\u00f5es personalizadas sobre [&hellip;]","protected":false},"author":4,"featured_media":0,"parent":141,"menu_order":0,"comment_status":"closed","ping_status":"closed","template":"","meta":{"footnotes":""},"class_list":["post-487","page","type-page","status-publish","hentry"],"_links":{"self":[{"href":"https:\/\/consrecife.esteri.it\/pt\/wp-json\/wp\/v2\/pages\/487","targetHints":{"allow":["GET"]}}],"collection":[{"href":"https:\/\/consrecife.esteri.it\/pt\/wp-json\/wp\/v2\/pages"}],"about":[{"href":"https:\/\/consrecife.esteri.it\/pt\/wp-json\/wp\/v2\/types\/page"}],"author":[{"embeddable":true,"href":"https:\/\/consrecife.esteri.it\/pt\/wp-json\/wp\/v2\/users\/4"}],"replies":[{"embeddable":true,"href":"https:\/\/consrecife.esteri.it\/pt\/wp-json\/wp\/v2\/comments?post=487"}],"version-history":[{"count":6,"href":"https:\/\/consrecife.esteri.it\/pt\/wp-json\/wp\/v2\/pages\/487\/revisions"}],"predecessor-version":[{"id":4236,"href":"https:\/\/consrecife.esteri.it\/pt\/wp-json\/wp\/v2\/pages\/487\/revisions\/4236"}],"up":[{"embeddable":true,"href":"https:\/\/consrecife.esteri.it\/pt\/wp-json\/wp\/v2\/pages\/141"}],"wp:attachment":[{"href":"https:\/\/consrecife.esteri.it\/pt\/wp-json\/wp\/v2\/media?parent=487"}],"curies":[{"name":"wp","href":"https:\/\/api.w.org\/{rel}","templated":true}]}}