{"id":490,"date":"2023-01-19T15:37:30","date_gmt":"2023-01-19T18:37:30","guid":{"rendered":"https:\/\/consrecife.esteri.it\/?page_id=490"},"modified":"2026-03-30T13:48:58","modified_gmt":"2026-03-30T16:48:58","slug":"taxas-consulares","status":"publish","type":"page","link":"https:\/\/consrecife.esteri.it\/pt\/servizi-consolari-e-visti\/servizi-per-il-cittadino-italiano\/altri-servizi\/taxas-consulares\/","title":{"rendered":"Taxas Consulares"},"content":{"rendered":"<p><strong>Taxas Consulares<\/strong><\/p>\n<p>Informamos que o pagamento de taxas e tarifas consulares pode ser efetuado:<\/p>\n<ol>\n<li>por transfer\u00eancia banc\u00e1ria, dep\u00f3sito banc\u00e1rio (n\u00e3o utilizar o caixa autom\u00e1tico) em tempo para permitir a verifica\u00e7\u00e3o cont\u00e1bil no dia do agendamento (pelo menos quatro dias antes) ou PIX;<\/li>\n<li>diretamente no Consulado, <strong>s\u00f2 em casos excepcionais<\/strong>, por meio de cart\u00e3o de d\u00e9bito ou em dinheiro (somente moeda local &#8211; R$).<\/li>\n<\/ol>\n<p><strong>A partir dos agendamentos marcados em 06\/05\/2024 a taxa consular para emiss\u00e3o de Vistos s\u00f3 poder\u00e1 ter sido paga no ato da reserva e, para obter o agendamento, o comprovante dever\u00e1 ser carregado no portal <\/strong><strong><a href=\"https:\/\/prenotami.esteri.it\/\">prenot@mi<\/a><\/strong><\/p>\n<p>1 \u2013 Os pagamentos por transfer\u00eancia (TED ou DOC) e os dep\u00f3sitos em conta corrente dever\u00e3o ser efetuados em favor da seguinte conta banc\u00e1ria:<\/p>\n<table>\n<tbody>\n<tr>\n<td width=\"123\"><strong>BANCO<\/strong><\/td>\n<td width=\"113\"><strong>AG\u00caNCIA<\/strong><\/td>\n<td width=\"123\"><strong>C\/C<\/strong><\/td>\n<td width=\"123\"><strong>Benefici\u00e1rio<\/strong><\/td>\n<td width=\"170\"><strong>CNPJ<\/strong><\/td>\n<\/tr>\n<tr>\n<td width=\"123\">BANCO SANTANDER (033)<\/td>\n<td width=\"113\">4500<\/td>\n<td width=\"123\">13-000026-7<\/td>\n<td width=\"123\">CONSOLATO D ITALIA RECIFE<\/td>\n<td width=\"170\">04.038.965\/0001-24<\/td>\n<\/tr>\n<\/tbody>\n<\/table>\n<p>Os servi\u00e7os consulares ser\u00e3o fornecidos apenas ap\u00f3s a apresenta\u00e7\u00e3o do comprovante banc\u00e1rio de pagamento (duas vias impressas) e ap\u00f3s a verifica\u00e7\u00e3o de que o mesmo tenha sido bem sucedido (para para permitir a verifica\u00e7\u00e3o da transa\u00e7\u00e3o e a consequente r\u00e1pida realiza\u00e7\u00e3o do servi\u00e7o solicitado, aconselhamos efetuar Doc ou TED com no minimo 4 dias uteis de anteced\u00eancia com respeito a data do agendamento.<\/p>\n<p>2 \u2013 Para PIX utilize como chave o CNPJ do Consulado: <strong>04.038.965\/0001-24 <\/strong>(lembre-se de trazer duas vias impressas do comprovante).<\/p>\n<p>3 \u2013 Os pagamentos no guich\u00ea de atendimento poder\u00e3o ser efetuados <strong><u>em casos totalmente excepcionais <\/u><\/strong>em esp\u00e9cie ou por cart\u00e3o, na modalidade d\u00e9bito, de bandeiras VISA e MASTERCARD. Ser\u00e1 cobrado do requerente a tarifa banc\u00e1ria correspondente a essa transa\u00e7\u00e3o (para vistos s\u00f2 para agendamentos at\u00e8 o dia 03\/05\/2024).<\/p>\n<h1><strong>RECOMENDAMOS FORTEMENTE A REALIZA\u00c7\u00c3O DE PAGAMENTOS POR MEIO ELETRONICO.<\/strong><\/h1>\n<p>&nbsp;<\/p>\n<p><strong>TAXAS SERVI\u00c7OS CONSULARES<\/strong><\/p>\n<p>Os valores das principais tarifas consulares em vigor est\u00e3o dispon\u00edveis na tabela das TAXAS CONSULARES I TRIMESTRE 2026 (01\/01\/2026 at\u00e9 31\/03\/2026)<\/p>\n<p><a href=\"https:\/\/consrecife.esteri.it\/wp-content\/uploads\/2026\/03\/TabPercezioni_II_Trim_2026-v2.pdf\">Taxas Consulares II Trim_2026<\/a><\/p>\n<p>&nbsp;<\/p>\n<p>&nbsp;<\/p>\n","protected":false},"excerpt":{"rendered":"Taxas Consulares Informamos que o pagamento de taxas e tarifas consulares pode ser efetuado: por transfer\u00eancia banc\u00e1ria, dep\u00f3sito banc\u00e1rio (n\u00e3o utilizar o caixa autom\u00e1tico) em tempo para permitir a verifica\u00e7\u00e3o cont\u00e1bil no dia do agendamento (pelo menos quatro dias antes) ou PIX; diretamente no Consulado, s\u00f2 em casos excepcionais, por meio de cart\u00e3o de d\u00e9bito [&hellip;]","protected":false},"author":4,"featured_media":0,"parent":148,"menu_order":0,"comment_status":"closed","ping_status":"closed","template":"","meta":{"footnotes":""},"class_list":["post-490","page","type-page","status-publish","hentry"],"_links":{"self":[{"href":"https:\/\/consrecife.esteri.it\/pt\/wp-json\/wp\/v2\/pages\/490","targetHints":{"allow":["GET"]}}],"collection":[{"href":"https:\/\/consrecife.esteri.it\/pt\/wp-json\/wp\/v2\/pages"}],"about":[{"href":"https:\/\/consrecife.esteri.it\/pt\/wp-json\/wp\/v2\/types\/page"}],"author":[{"embeddable":true,"href":"https:\/\/consrecife.esteri.it\/pt\/wp-json\/wp\/v2\/users\/4"}],"replies":[{"embeddable":true,"href":"https:\/\/consrecife.esteri.it\/pt\/wp-json\/wp\/v2\/comments?post=490"}],"version-history":[{"count":7,"href":"https:\/\/consrecife.esteri.it\/pt\/wp-json\/wp\/v2\/pages\/490\/revisions"}],"predecessor-version":[{"id":5648,"href":"https:\/\/consrecife.esteri.it\/pt\/wp-json\/wp\/v2\/pages\/490\/revisions\/5648"}],"up":[{"embeddable":true,"href":"https:\/\/consrecife.esteri.it\/pt\/wp-json\/wp\/v2\/pages\/148"}],"wp:attachment":[{"href":"https:\/\/consrecife.esteri.it\/pt\/wp-json\/wp\/v2\/media?parent=490"}],"curies":[{"name":"wp","href":"https:\/\/api.w.org\/{rel}","templated":true}]}}