{"id":493,"date":"2023-01-19T19:21:50","date_gmt":"2023-01-19T18:21:50","guid":{"rendered":"https:\/\/consrecife.esteri.it\/?page_id=493"},"modified":"2024-05-13T16:51:21","modified_gmt":"2024-05-13T19:51:21","slug":"visto-turistico","status":"publish","type":"page","link":"https:\/\/consrecife.esteri.it\/pt\/servizi-consolari-e-visti\/servizi-per-il-cittadino-straniero\/visti\/tipos-de-vistos\/visto-turistico\/","title":{"rendered":"Visto tur\u00edstico"},"content":{"rendered":"<p>O visto tur\u00edstico deve ser requerido apenas para cidad\u00e3os de algumas nacionalidades espec\u00edficas (para saber quais s\u00e3o as nacionalidades que necessitam de visto tur\u00edstico, escrever para <a href=\"mailto:visti.recife@esteri.it\">visti.recife@esteri.it<\/a>).<\/p>\n<p>Para requerer o visto tur\u00edstico \u00e9 necess\u00e1rio:<\/p>\n<p>&#8211;\u00a0 \u00a0C\u00f3pia autenticada do RNE, para estrangeiros regulares no Brasil;<\/p>\n<p>&#8211;\u00a0 \u00a0O\u00a0<strong><a href=\"https:\/\/consrecife.esteri.it\/consolato_recife\/resource\/doc\/2022\/07\/formulario_c.pdf\" target=\"_blank\" rel=\"noopener\">Formul\u00e1rio C<\/a><\/strong>\u00a0preenchido;<\/p>\n<p>&#8211;\u00a0 \u00a0O\u00a0<a href=\"https:\/\/consrecife.esteri.it\/consolato_recife\/resource\/doc\/2022\/07\/modulo_di_riassunto.doc\" target=\"_blank\" rel=\"noopener\"><strong>Formul\u00e1rio resumido<\/strong><\/a> preenchido digitalmente;<\/p>\n<p>&#8211;\u00a0 Dispor de meios econ\u00f3micos adequados, relativamente ao per\u00edodo de perman\u00eancia solicitado, que n\u00e3o sejam inferiores aos valores previstos na \u201cTabela A\u201d da Diretiva do Minist\u00e9rio do Interior de 1.3.2000;<\/p>\n<p>&#8211;\u00a0 \u00a0Reserva de hotel ou <a href=\"https:\/\/consrecife.esteri.it\/consolato_recife\/resource\/doc\/2022\/07\/modulo_di_richiesta_visto.pdf\" target=\"_blank\" rel=\"noopener\"><strong>carta convite<\/strong><\/a>;<\/p>\n<p>&#8211;\u00a0 \u00a0Seguro viagem com cobertura m\u00ednima de 30.000 euros;<\/p>\n<p>&#8211;\u00a0 \u00a0Passagem de ida e volta entre os 90 dias, que \u00e9 o per\u00edodo m\u00e1ximo permitido para viagens \u00e0 turismo;<\/p>\n<p>&#8211;\u00a0 \u00a0Toda a documenta\u00e7\u00e3o elencada na parte \u201cINFORMA\u00c7\u00d5ES GERAIS PARA TODOS OS TIPOS DE VISTO\/1. <a href=\"https:\/\/consrecife.esteri.it\/pt\/servizi-consolari-e-visti\/servizi-per-il-cittadino-straniero\/visti\/tipos-de-vistos\/\"><strong>Documenta\u00e7\u00e3o<\/strong><\/a>.<\/p>\n<p><strong>Lembramos que os brasileiros n\u00e3o precisam de visto tur\u00edstico.<\/strong><\/p>\n","protected":false},"excerpt":{"rendered":"O visto tur\u00edstico deve ser requerido apenas para cidad\u00e3os de algumas nacionalidades espec\u00edficas (para saber quais s\u00e3o as nacionalidades que necessitam de visto tur\u00edstico, escrever para visti.recife@esteri.it). Para requerer o visto tur\u00edstico \u00e9 necess\u00e1rio: &#8211;\u00a0 \u00a0C\u00f3pia autenticada do RNE, para estrangeiros regulares no Brasil; &#8211;\u00a0 \u00a0O\u00a0Formul\u00e1rio C\u00a0preenchido; &#8211;\u00a0 \u00a0O\u00a0Formul\u00e1rio resumido preenchido digitalmente; &#8211;\u00a0 Dispor de [&hellip;]","protected":false},"author":4,"featured_media":0,"parent":487,"menu_order":0,"comment_status":"closed","ping_status":"closed","template":"","meta":{"footnotes":""},"class_list":["post-493","page","type-page","status-publish","hentry"],"_links":{"self":[{"href":"https:\/\/consrecife.esteri.it\/pt\/wp-json\/wp\/v2\/pages\/493","targetHints":{"allow":["GET"]}}],"collection":[{"href":"https:\/\/consrecife.esteri.it\/pt\/wp-json\/wp\/v2\/pages"}],"about":[{"href":"https:\/\/consrecife.esteri.it\/pt\/wp-json\/wp\/v2\/types\/page"}],"author":[{"embeddable":true,"href":"https:\/\/consrecife.esteri.it\/pt\/wp-json\/wp\/v2\/users\/4"}],"replies":[{"embeddable":true,"href":"https:\/\/consrecife.esteri.it\/pt\/wp-json\/wp\/v2\/comments?post=493"}],"version-history":[{"count":1,"href":"https:\/\/consrecife.esteri.it\/pt\/wp-json\/wp\/v2\/pages\/493\/revisions"}],"predecessor-version":[{"id":3405,"href":"https:\/\/consrecife.esteri.it\/pt\/wp-json\/wp\/v2\/pages\/493\/revisions\/3405"}],"up":[{"embeddable":true,"href":"https:\/\/consrecife.esteri.it\/pt\/wp-json\/wp\/v2\/pages\/487"}],"wp:attachment":[{"href":"https:\/\/consrecife.esteri.it\/pt\/wp-json\/wp\/v2\/media?parent=493"}],"curies":[{"name":"wp","href":"https:\/\/api.w.org\/{rel}","templated":true}]}}