{"id":495,"date":"2023-01-19T19:23:58","date_gmt":"2023-01-19T18:23:58","guid":{"rendered":"https:\/\/consrecife.esteri.it\/?page_id=495"},"modified":"2023-04-06T20:00:18","modified_gmt":"2023-04-06T18:00:18","slug":"visto-religioso-ou-estudo-religioso","status":"publish","type":"page","link":"https:\/\/consrecife.esteri.it\/pt\/servizi-consolari-e-visti\/servizi-per-il-cittadino-straniero\/visti\/tipos-de-vistos\/visto-religioso-ou-estudo-religioso\/","title":{"rendered":"Visto religioso (ou estudo religioso)"},"content":{"rendered":"<p>&#8211;\u00a0 \u00a0Carta original da Congrega\u00e7\u00e3o italiana (onde declara ser respons\u00e1vel por toda despesa com alojamento e assist\u00eancia m\u00e9dica);<\/p>\n<p>&#8211;\u00a0 \u00a0Carta original da Congrega\u00e7\u00e3o brasileira (que ateste o pertencimento \u00e0 mesma Congrega\u00e7\u00e3o e o local de resid\u00eancia);<\/p>\n<p>&#8211;\u00a0 \u00a0Carta original da Nunciatura Apostolica (ou de um \u00f3rg\u00e3o superior e equivalente, caso n\u00e3o cat\u00f3lico);<\/p>\n<p>&#8211;\u00a0 \u00a0As cartas em quest\u00e3o devem ser assinadas pelas pessoas respons\u00e1veis e devem indicar a data de in\u00edcio e fim do per\u00edodo de perman\u00eancia na It\u00e1lia (dia, m\u00eas e ano);<\/p>\n<p>&#8211;\u00a0 \u00a0Reserva do voo, sempre lembrando que ao comprar a passagem ser\u00e1 necess\u00e1rio manter o itiner\u00e1rio, inclu\u00edndo as cidades e os aeroportos que forem informados a este Consulado;<\/p>\n<p>&#8211;\u00a0 \u00a0<a href=\"https:\/\/consrecife.esteri.it\/consolato_recife\/resource\/doc\/2022\/07\/formulario_d.pdf\" target=\"_blank\" rel=\"noopener\"><strong>Formul\u00e1rio D<\/strong><\/a>;<\/p>\n<p>&#8211;\u00a0 \u00a0<a href=\"https:\/\/consrecife.esteri.it\/consolato_recife\/resource\/doc\/2022\/07\/modulo_di_riassunto.doc\" target=\"_blank\" rel=\"noopener\"><strong>Formul\u00e1rio resumido<\/strong><\/a>, preenchido digitalmente;<\/p>\n<p>&#8211;\u00a0 \u00a0Pagamento da taxa consular indicado em nosso site na p\u00e1gina \u201c<a href=\"https:\/\/consrecife.esteri.it\/pt\/chi-siamo\/la-rete-consolare\/taxas-consulares\/\"><strong>taxas consulares<\/strong><\/a>\u201d;<\/p>\n<p>&#8211;\u00a0 \u00a0Toda a documenta\u00e7\u00e3o elencada na se\u00e7\u00e3o \u201cINFORMA\u00c7\u00d5ES GERAIS PARA TODOS OS TIPOS DE VISTO\/1. <a href=\"https:\/\/consrecife.esteri.it\/pt\/servizi-consolari-e-visti\/servizi-per-il-cittadino-straniero\/visti\/tipos-de-vistos\/\"><strong>Documenta\u00e7\u00e3o<\/strong><\/a>.<\/p>\n","protected":false},"excerpt":{"rendered":"&#8211;\u00a0 \u00a0Carta original da Congrega\u00e7\u00e3o italiana (onde declara ser respons\u00e1vel por toda despesa com alojamento e assist\u00eancia m\u00e9dica); &#8211;\u00a0 \u00a0Carta original da Congrega\u00e7\u00e3o brasileira (que ateste o pertencimento \u00e0 mesma Congrega\u00e7\u00e3o e o local de resid\u00eancia); &#8211;\u00a0 \u00a0Carta original da Nunciatura Apostolica (ou de um \u00f3rg\u00e3o superior e equivalente, caso n\u00e3o cat\u00f3lico); &#8211;\u00a0 \u00a0As cartas [&hellip;]","protected":false},"author":4,"featured_media":0,"parent":487,"menu_order":0,"comment_status":"closed","ping_status":"closed","template":"","meta":{"footnotes":""},"class_list":["post-495","page","type-page","status-publish","hentry"],"_links":{"self":[{"href":"https:\/\/consrecife.esteri.it\/pt\/wp-json\/wp\/v2\/pages\/495","targetHints":{"allow":["GET"]}}],"collection":[{"href":"https:\/\/consrecife.esteri.it\/pt\/wp-json\/wp\/v2\/pages"}],"about":[{"href":"https:\/\/consrecife.esteri.it\/pt\/wp-json\/wp\/v2\/types\/page"}],"author":[{"embeddable":true,"href":"https:\/\/consrecife.esteri.it\/pt\/wp-json\/wp\/v2\/users\/4"}],"replies":[{"embeddable":true,"href":"https:\/\/consrecife.esteri.it\/pt\/wp-json\/wp\/v2\/comments?post=495"}],"version-history":[{"count":0,"href":"https:\/\/consrecife.esteri.it\/pt\/wp-json\/wp\/v2\/pages\/495\/revisions"}],"up":[{"embeddable":true,"href":"https:\/\/consrecife.esteri.it\/pt\/wp-json\/wp\/v2\/pages\/487"}],"wp:attachment":[{"href":"https:\/\/consrecife.esteri.it\/pt\/wp-json\/wp\/v2\/media?parent=495"}],"curies":[{"name":"wp","href":"https:\/\/api.w.org\/{rel}","templated":true}]}}