{"id":497,"date":"2023-01-19T19:26:04","date_gmt":"2023-01-19T18:26:04","guid":{"rendered":"https:\/\/consrecife.esteri.it\/?page_id=497"},"modified":"2024-03-04T16:33:27","modified_gmt":"2024-03-04T19:33:27","slug":"visto-para-trabalho-subordinado","status":"publish","type":"page","link":"https:\/\/consrecife.esteri.it\/pt\/servizi-consolari-e-visti\/servizi-per-il-cittadino-straniero\/visti\/tipos-de-vistos\/visto-para-trabalho-subordinado\/","title":{"rendered":"Visto para trabalho subordinado"},"content":{"rendered":"<p>&#8211;\u00a0 \u00a0Para este tipo de visto, todo o procedimento deve ser feiro exclusivamente na It\u00e1lia pelo contratante. O Consulado s\u00f3 pode emitir o visto ao t\u00e9rmino deste procedimento e depois de receber o \u201cNulla Osta\u201d da Questura.<\/p>\n<p>Para requerer o visto para trabalho subordinado \u00e9 necess\u00e1rio:<\/p>\n<p>&#8211;\u00a0 \u00a0NULLA OSTA emitido pela \u201cQUESTURA, SPORTELLO UNICO\u201d que deve ser enviado exclusivamente por via digital ao nosso sistema;<\/p>\n<p>&#8211; As exce\u00e7\u00f5es \u00e0 transmiss\u00e3o eletr\u00f4nica, apenas com autoriza\u00e7\u00e3o em papel, s\u00e3o atualmente as seguintes: autoriza\u00e7\u00f5es da Prov\u00edncia Aut\u00f4noma de Bolzano, limitadas a ingressos para casos particulares (art. 27) e Cart\u00e3o Azul (art. 27 quater); Autoriza\u00e7\u00f5es do CONI para trabalho\/esporte subordinado (declara\u00e7\u00e3o de consentimento nominativa), enviada por e-mail do endere\u00e7o visa@coni.it; as autoriza\u00e7\u00f5es para trabalho\/entretenimento\/ subordinado emitidas pela A.N.P.A.L. (Ag\u00eancia Nacional de Pol\u00edticas Ativas do Trabalho), que poder\u00e1 ser enviada \u00e0 Sede, via PEC, diretamente pela A.N.P.A.L. ou pelo empregador na It\u00e1lia.<\/p>\n<p>&#8211;\u00a0 \u00a0<a href=\"https:\/\/consrecife.esteri.it\/consolato_recife\/resource\/doc\/2022\/07\/modulo_di_richiesta_visto.pdf\" target=\"_blank\" rel=\"noopener\"><strong>Carta convite<\/strong><\/a> ou reserva de hotel;<\/p>\n<p>&#8211;\u00a0 \u00a0Seguro viagem;<\/p>\n<p>&#8211;\u00a0 \u00a0Reserva do voo, sempre lembrando que ao comprar a passagem ser\u00e1 necess\u00e1rio manter o itiner\u00e1rio, inclu\u00edndo as cidades e os aeroportos que forem informados a este Consulado;<\/p>\n<p>&#8211;\u00a0 \u00a0<a href=\"https:\/\/consrecife.esteri.it\/consolato_recife\/resource\/doc\/2022\/07\/formulario_d.pdf\" target=\"_blank\" rel=\"noopener\"><strong>Formul\u00e1rio D<\/strong><\/a>;<\/p>\n<p>&#8211;\u00a0 \u00a0<a href=\"https:\/\/consrecife.esteri.it\/consolato_recife\/resource\/doc\/2022\/07\/modulo_di_riassunto.doc\" target=\"_blank\" rel=\"noopener\"><strong>Formul\u00e1rio resumido<\/strong><\/a>, preenchido digitalmente;<\/p>\n<p>&#8211;\u00a0 \u00a0Pagamento da taxa consular indicado em nosso site na p\u00e1gina \u201c<a href=\"https:\/\/consrecife.esteri.it\/pt\/chi-siamo\/la-rete-consolare\/taxas-consulares\/\"><strong>tax<\/strong><strong>as consulares<\/strong><\/a>\u201d;<\/p>\n<p>&#8211;\u00a0 \u00a0Toda a documenta\u00e7\u00e3o elencada na se\u00e7\u00e3o \u201cINFORMA\u00c7\u00d5ES GERAIS PARA TODOS OS TIPOS DE VISTO\/1. <strong><a href=\"https:\/\/consrecife.esteri.it\/pt\/servizi-consolari-e-visti\/servizi-per-il-cittadino-straniero\/visti\/tipos-de-vistos\/\">Documenta\u00e7\u00e3o<\/a><\/strong>\u201d.<\/p>\n","protected":false},"excerpt":{"rendered":"&#8211;\u00a0 \u00a0Para este tipo de visto, todo o procedimento deve ser feiro exclusivamente na It\u00e1lia pelo contratante. O Consulado s\u00f3 pode emitir o visto ao t\u00e9rmino deste procedimento e depois de receber o \u201cNulla Osta\u201d da Questura. Para requerer o visto para trabalho subordinado \u00e9 necess\u00e1rio: &#8211;\u00a0 \u00a0NULLA OSTA emitido pela \u201cQUESTURA, SPORTELLO UNICO\u201d que [&hellip;]","protected":false},"author":4,"featured_media":0,"parent":487,"menu_order":0,"comment_status":"closed","ping_status":"closed","template":"","meta":{"footnotes":""},"class_list":["post-497","page","type-page","status-publish","hentry"],"_links":{"self":[{"href":"https:\/\/consrecife.esteri.it\/pt\/wp-json\/wp\/v2\/pages\/497","targetHints":{"allow":["GET"]}}],"collection":[{"href":"https:\/\/consrecife.esteri.it\/pt\/wp-json\/wp\/v2\/pages"}],"about":[{"href":"https:\/\/consrecife.esteri.it\/pt\/wp-json\/wp\/v2\/types\/page"}],"author":[{"embeddable":true,"href":"https:\/\/consrecife.esteri.it\/pt\/wp-json\/wp\/v2\/users\/4"}],"replies":[{"embeddable":true,"href":"https:\/\/consrecife.esteri.it\/pt\/wp-json\/wp\/v2\/comments?post=497"}],"version-history":[{"count":2,"href":"https:\/\/consrecife.esteri.it\/pt\/wp-json\/wp\/v2\/pages\/497\/revisions"}],"predecessor-version":[{"id":3018,"href":"https:\/\/consrecife.esteri.it\/pt\/wp-json\/wp\/v2\/pages\/497\/revisions\/3018"}],"up":[{"embeddable":true,"href":"https:\/\/consrecife.esteri.it\/pt\/wp-json\/wp\/v2\/pages\/487"}],"wp:attachment":[{"href":"https:\/\/consrecife.esteri.it\/pt\/wp-json\/wp\/v2\/media?parent=497"}],"curies":[{"name":"wp","href":"https:\/\/api.w.org\/{rel}","templated":true}]}}