{"id":4981,"date":"2025-12-05T11:56:15","date_gmt":"2025-12-05T14:56:15","guid":{"rendered":""},"modified":"2026-03-04T10:54:50","modified_gmt":"2026-03-04T13:54:50","slug":"nascita-il-minore-ha-un-ascendente-di-primo-o-secondo-grado-che-possiede-o-possedeva-al-momento-del-decesso-esclusivamente-la-cittadinanza-italiana","status":"publish","type":"page","link":"https:\/\/consrecife.esteri.it\/pt\/servizi-consolari-e-visti\/servizi-per-il-cittadino-italiano\/stato-civile\/nascita\/nascita-il-minore-ha-un-ascendente-di-primo-o-secondo-grado-che-possiede-o-possedeva-al-momento-del-decesso-esclusivamente-la-cittadinanza-italiana\/","title":{"rendered":"Nascimento \u2013 O menor possui ascendente de primeiro ou segundo grau que possui (ou possu\u00eda, \u00e0 \u00e9poca do falecimento) exclusivamente a cidadania italiana"},"content":{"rendered":"<p data-start=\"105\" data-end=\"499\"><strong data-start=\"105\" data-end=\"121\">Nesses casos<\/strong>, o genitor cidad\u00e3o italiano, residente nesta circunscri\u00e7\u00e3o consular e regularmente inscrito no AIRE, dever\u00e1 enviar, <strong data-start=\"238\" data-end=\"298\">por correio registrado com aviso de recebimento ou SEDEX<\/strong>, para o endere\u00e7o desta Sede<br data-start=\"326\" data-end=\"329\" \/>(<strong data-start=\"330\" data-end=\"462\">A\/C UFFICIO STATO CIVILE, Consolato d\u2019Italia in Recife, Rua Padre Carapuceiro 706, 13\u00ba andar, Boa Viagem, Recife \u2013 CEP 51020-280<\/strong>), a documenta\u00e7\u00e3o abaixo relacionada:<\/p>\n<ul data-start=\"501\" data-end=\"841\">\n<li data-start=\"501\" data-end=\"841\">\n<p data-start=\"503\" data-end=\"841\"><strong data-start=\"503\" data-end=\"574\">Certid\u00e3o de nascimento em inteiro teor (verbo ad verbum)<\/strong>, emitido pelo cart\u00f3rio de registro civil competente, <strong data-start=\"628\" data-end=\"653\">em original e recente<\/strong> (emitido h\u00e1 menos de seis meses), com <a href=\"https:\/\/consrecife.esteri.it\/pt\/servizi-consolari-e-visti\/servizi-per-il-cittadino-italiano\/traduzione-e-legalizzazione-dei-documenti\/\"><strong data-start=\"688\" data-end=\"702\">Apostille<\/strong><\/a>, acompanhado de <strong data-start=\"719\" data-end=\"813\">tradu\u00e7\u00e3o realizada por tradutor juramentado do idioma original diretamente para o italiano<\/strong>, tamb\u00e9m com <a href=\"https:\/\/consrecife.esteri.it\/pt\/servizi-consolari-e-visti\/servizi-per-il-cittadino-italiano\/traduzione-e-legalizzazione-dei-documenti\/\"><strong data-start=\"826\" data-end=\"840\">Apostille<\/strong><\/a>.<\/p>\n<\/li>\n<\/ul>\n<hr data-start=\"843\" data-end=\"846\" \/>\n<h3 style=\"padding-left: 80px;\" data-start=\"848\" data-end=\"863\"><strong data-start=\"852\" data-end=\"863\">ATEN\u00c7\u00c3O<\/strong><\/h3>\n<p style=\"padding-left: 80px;\" data-start=\"865\" data-end=\"1085\"><strong data-start=\"865\" data-end=\"903\">1. Filho nascido fora do casamento<\/strong><br data-start=\"903\" data-end=\"906\" \/>Caso o menor tenha nascido fora do casamento dos pais, al\u00e9m das informa\u00e7\u00f5es constantes nesta p\u00e1gina, \u00e9 necess\u00e1rio consultar a se\u00e7\u00e3o <a href=\"https:\/\/consrecife.esteri.it\/pt\/servizi-consolari-e-visti\/servizi-per-il-cittadino-italiano\/stato-civile\/nascita\/filho-nascido-fora-do-casamento-dos-pais\/\"><strong data-start=\"1038\" data-end=\"1084\">\u201cFilho nascido fora do casamento dos pais\u201d<\/strong><\/a>.<\/p>\n<p style=\"padding-left: 80px;\" data-start=\"1087\" data-end=\"1543\"><strong data-start=\"1087\" data-end=\"1149\">2. Filho nascido em pa\u00eds estrangeiro que n\u00e3o seja o Brasil<\/strong><br data-start=\"1149\" data-end=\"1152\" \/>Caso o filho menor de um cidad\u00e3o italiano residente nesta circunscri\u00e7\u00e3o consular tenha nascido em um pa\u00eds estrangeiro diferente do Brasil, al\u00e9m dos documentos indicados nesta p\u00e1gina, o genitor dever\u00e1 enviar a esta Sede <strong data-start=\"1371\" data-end=\"1430\">a documenta\u00e7\u00e3o exigida para a transcri\u00e7\u00e3o do nascimento<\/strong>, conforme indicado no site da representa\u00e7\u00e3o diplom\u00e1tico-consular italiana competente para o local de nascimento.<\/p>\n<p style=\"padding-left: 80px;\" data-start=\"1545\" data-end=\"1703\"><strong data-start=\"1545\" data-end=\"1561\">N\u00e3o \u00e9 aceito<\/strong> o certificado brasileiro de transcri\u00e7\u00e3o do registro de nascimento.<br data-start=\"1628\" data-end=\"1631\" \/>\u00c9 <strong data-start=\"1633\" data-end=\"1648\">obrigat\u00f3ria<\/strong> a apresenta\u00e7\u00e3o do <strong data-start=\"1667\" data-end=\"1702\">registro original de nascimento<\/strong>.<\/p>\n<hr data-start=\"1705\" data-end=\"1708\" \/>\n<ul data-start=\"1710\" data-end=\"3768\">\n<li data-start=\"1710\" data-end=\"2265\">\n<p data-start=\"1712\" data-end=\"1871\"><a href=\"https:\/\/consrecife.esteri.it\/wp-content\/uploads\/2026\/03\/dichiarazione_sostitutiva_di_certificazione_2026.pdf\"><strong>Formul\u00e1rio de declara\u00e7\u00e3o substitutiva de certifica\u00e7\u00e3o<\/strong><\/a>, devidamente preenchido pelo genitor cidad\u00e3o italiano e <strong data-start=\"1826\" data-end=\"1870\">assinado por ambos os genitores do menor<\/strong>.<\/p>\n<p data-start=\"1875\" data-end=\"2265\">Caso o outro genitor seja estrangeiro (n\u00e3o italiano), o formul\u00e1rio dever\u00e1 conter <strong data-start=\"1956\" data-end=\"1995\">firma reconhecida por autenticidade<\/strong>.<br data-start=\"1996\" data-end=\"1999\" \/>Na aus\u00eancia de assinatura de um dos genitores, o genitor requerente dever\u00e1 fornecer ao Consulado as <strong data-start=\"2101\" data-end=\"2135\">\u00faltimas informa\u00e7\u00f5es conhecidas<\/strong> sobre o outro genitor (n\u00famero de telefone, endere\u00e7o postal e\/ou e-mail), bem como as <strong data-start=\"2221\" data-end=\"2264\">motiva\u00e7\u00f5es da aus\u00eancia de consentimento<\/strong>.<\/p>\n<\/li>\n<li data-start=\"2267\" data-end=\"2499\">\n<p data-start=\"2269\" data-end=\"2499\"><strong data-start=\"2269\" data-end=\"2348\">C\u00f3pia simples de documento de identidade v\u00e1lido do genitor cidad\u00e3o italiano<\/strong><br data-start=\"2348\" data-end=\"2351\" \/>(carteira de identidade ou passaporte emitido h\u00e1 menos de 10 anos).<br data-start=\"2420\" data-end=\"2423\" \/><strong data-start=\"2425\" data-end=\"2444\">N\u00e3o s\u00e3o aceitas<\/strong> carteiras de habilita\u00e7\u00e3o nem documentos profissionais.<\/p>\n<\/li>\n<li data-start=\"2501\" data-end=\"2747\">\n<p data-start=\"2503\" data-end=\"2747\"><strong data-start=\"2503\" data-end=\"2571\">C\u00f3pia simples do documento de identidade v\u00e1lido do outro genitor<\/strong> (italiano ou estrangeiro):<br data-start=\"2598\" data-end=\"2601\" \/>carteira de identidade ou passaporte emitido h\u00e1 menos de 10 anos.<br data-start=\"2668\" data-end=\"2671\" \/><strong data-start=\"2673\" data-end=\"2692\">N\u00e3o s\u00e3o aceitas<\/strong> carteiras de habilita\u00e7\u00e3o nem documentos profissionais.<\/p>\n<\/li>\n<li data-start=\"2749\" data-end=\"2955\">\n<p data-start=\"2751\" data-end=\"2955\"><strong data-start=\"2751\" data-end=\"2780\">Certificado de resid\u00eancia<\/strong> em nome do genitor que reside com o menor, <strong data-start=\"2824\" data-end=\"2859\">emitido h\u00e1 no m\u00e1ximo tr\u00eas meses<\/strong>, contendo o <strong data-start=\"2872\" data-end=\"2893\">endere\u00e7o completo<\/strong><br data-start=\"2893\" data-end=\"2896\" \/>(ver <a href=\"https:\/\/consrecife.esteri.it\/pt\/servizi-consolari-e-visti\/servizi-per-il-cittadino-italiano\/altri-servizi\/comprovanti-dindirizzo\/\">lista de documentos de resid\u00eancia aceitos <strong data-start=\"2945\" data-end=\"2953\">AQUI<\/strong><\/a>).<\/p>\n<\/li>\n<li data-start=\"2957\" data-end=\"3195\">\n<p data-start=\"2959\" data-end=\"3195\"><strong data-start=\"2959\" data-end=\"3031\">Certificado de transcri\u00e7\u00e3o do registro de nascimento do genitor italiano<\/strong>, com anota\u00e7\u00f5es relativas \u00e0 posse\/manuten\u00e7\u00e3o da cidadania italiana, \u00e0 data de aquisi\u00e7\u00e3o\/reconhecimento e ao estado civil atualizado, emitido pelo Comune competente.<\/p>\n<\/li>\n<li data-start=\"3197\" data-end=\"3250\">\n<p data-start=\"3199\" data-end=\"3250\"><strong data-start=\"3199\" data-end=\"3249\">Registro Nacional de Estrangeiros (RNE ou RNM)<\/strong>.<\/p>\n<\/li>\n<li data-start=\"3252\" data-end=\"3616\">\n<p data-start=\"3254\" data-end=\"3616\"><strong data-start=\"3254\" data-end=\"3308\">Certid\u00e3o negativa de naturaliza\u00e7\u00e3o dos ascendentes<\/strong> (de primeiro e\/ou segundo grau) <strong data-start=\"3341\" data-end=\"3369\">exclusivamente italianos<\/strong> que transmitem a cidadania ao menor.<br data-start=\"3406\" data-end=\"3409\" \/>Caso um dos ascendentes tenha se naturalizado, ser\u00e1 necess\u00e1rio apresentar a <strong data-start=\"3487\" data-end=\"3516\">certid\u00e3o de naturaliza\u00e7\u00e3o<\/strong>, acompanhada de <strong data-start=\"3533\" data-end=\"3615\">declara\u00e7\u00e3o de ren\u00fancia \u00e0 cidadania estrangeira anterior ao nascimento do menor<\/strong>.<\/p>\n<\/li>\n<li data-start=\"3618\" data-end=\"3768\">\n<p data-start=\"3620\" data-end=\"3768\"><strong data-start=\"3620\" data-end=\"3676\">Autodeclara\u00e7\u00e3o hist\u00f3rica de resid\u00eancia do ascendente<\/strong> (de primeiro e\/ou segundo grau) exclusivamente italiano que transmite a cidadania ao menor.<\/p>\n<\/li>\n<\/ul>\n","protected":false},"excerpt":{"rendered":"Nesses casos, o genitor cidad\u00e3o italiano, residente nesta circunscri\u00e7\u00e3o consular e regularmente inscrito no AIRE, dever\u00e1 enviar, por correio registrado com aviso de recebimento ou SEDEX, para o endere\u00e7o desta Sede(A\/C UFFICIO STATO CIVILE, Consolato d\u2019Italia in Recife, Rua Padre Carapuceiro 706, 13\u00ba andar, Boa Viagem, Recife \u2013 CEP 51020-280), a documenta\u00e7\u00e3o abaixo relacionada: Certid\u00e3o [&hellip;]","protected":false},"author":4,"featured_media":0,"parent":1278,"menu_order":0,"comment_status":"closed","ping_status":"closed","template":"","meta":{"footnotes":""},"class_list":["post-4981","page","type-page","status-publish","hentry"],"_links":{"self":[{"href":"https:\/\/consrecife.esteri.it\/pt\/wp-json\/wp\/v2\/pages\/4981","targetHints":{"allow":["GET"]}}],"collection":[{"href":"https:\/\/consrecife.esteri.it\/pt\/wp-json\/wp\/v2\/pages"}],"about":[{"href":"https:\/\/consrecife.esteri.it\/pt\/wp-json\/wp\/v2\/types\/page"}],"author":[{"embeddable":true,"href":"https:\/\/consrecife.esteri.it\/pt\/wp-json\/wp\/v2\/users\/4"}],"replies":[{"embeddable":true,"href":"https:\/\/consrecife.esteri.it\/pt\/wp-json\/wp\/v2\/comments?post=4981"}],"version-history":[{"count":4,"href":"https:\/\/consrecife.esteri.it\/pt\/wp-json\/wp\/v2\/pages\/4981\/revisions"}],"predecessor-version":[{"id":5575,"href":"https:\/\/consrecife.esteri.it\/pt\/wp-json\/wp\/v2\/pages\/4981\/revisions\/5575"}],"up":[{"embeddable":true,"href":"https:\/\/consrecife.esteri.it\/pt\/wp-json\/wp\/v2\/pages\/1278"}],"wp:attachment":[{"href":"https:\/\/consrecife.esteri.it\/pt\/wp-json\/wp\/v2\/media?parent=4981"}],"curies":[{"name":"wp","href":"https:\/\/api.w.org\/{rel}","templated":true}]}}