{"id":499,"date":"2023-01-19T19:27:29","date_gmt":"2023-01-19T18:27:29","guid":{"rendered":"https:\/\/consrecife.esteri.it\/?page_id=499"},"modified":"2025-01-22T16:07:53","modified_gmt":"2025-01-22T19:07:53","slug":"visto-para-trabalho-maritimo","status":"publish","type":"page","link":"https:\/\/consrecife.esteri.it\/pt\/servizi-consolari-e-visti\/servizi-per-il-cittadino-straniero\/visti\/tipos-de-vistos\/visto-para-trabalho-maritimo\/","title":{"rendered":"Visto para trabalho mar\u00edtimo"},"content":{"rendered":"<p>&#8211;\u00a0 Solicita\u00e7\u00e3o formal da empresa de navega\u00e7\u00e3o;<\/p>\n<p>&#8211;\u00a0 Contrato individual de trabalho;<\/p>\n<p>&#8211;\u00a0 C\u00f3pia do contrato (Appalto dei servizi di bordo) com a lista das empresas que fornecer\u00e3o os servi\u00e7os auxiliares nos navios de cruzeiro;<\/p>\n<p>&#8211; Certificado de registro do navio no Registro Internacional.<\/p>\n<p>&#8211;\u00a0 \u00a0Reserva do voo, sempre lembrando que ao comprar a passagem ser\u00e1 necess\u00e1rio manter o itiner\u00e1rio, inclu\u00edndo as cidades e os aeroportos que forem informados a este Consulado;<\/p>\n<p>&#8211;\u00a0 \u00a0<a href=\"https:\/\/consrecife.esteri.it\/consolato_recife\/resource\/doc\/2022\/07\/formulario_d.pdf\" target=\"_blank\" rel=\"noopener\"><strong>Formul\u00e1rio D<\/strong><\/a>;<\/p>\n<p>&#8211;\u00a0 \u00a0<a href=\"https:\/\/consrecife.esteri.it\/consolato_recife\/resource\/doc\/2022\/07\/modulo_di_riassunto.doc\" target=\"_blank\" rel=\"noopener\"><strong>Formul\u00e1rio resumido<\/strong><\/a>, preenchido digitalmente;<\/p>\n<p>&#8211;\u00a0 \u00a0Pagamento da taxa consular indicado em nosso site na p\u00e1gina \u201c<a href=\"https:\/\/consrecife.esteri.it\/pt\/chi-siamo\/la-rete-consolare\/taxas-consulares\/\"><strong>taxas consulares<\/strong><\/a>\u201d;<\/p>\n<p>&#8211;\u00a0 \u00a0Toda a documenta\u00e7\u00e3o elencada na se\u00e7\u00e3o \u201cINFORMA\u00c7\u00d5ES GERAIS PARA TODOS OS TIPOS DE VISTO\/1. <a href=\"https:\/\/consrecife.esteri.it\/pt\/servizi-consolari-e-visti\/servizi-per-il-cittadino-straniero\/visti\/tipos-de-vistos\/\"><strong>Documenta\u00e7\u00e3o<\/strong><\/a>\u201d.<\/p>\n","protected":false},"excerpt":{"rendered":"&#8211;\u00a0 Solicita\u00e7\u00e3o formal da empresa de navega\u00e7\u00e3o; &#8211;\u00a0 Contrato individual de trabalho; &#8211;\u00a0 C\u00f3pia do contrato (Appalto dei servizi di bordo) com a lista das empresas que fornecer\u00e3o os servi\u00e7os auxiliares nos navios de cruzeiro; &#8211; Certificado de registro do navio no Registro Internacional. &#8211;\u00a0 \u00a0Reserva do voo, sempre lembrando que ao comprar a passagem [&hellip;]","protected":false},"author":4,"featured_media":0,"parent":487,"menu_order":0,"comment_status":"closed","ping_status":"closed","template":"","meta":{"footnotes":""},"class_list":["post-499","page","type-page","status-publish","hentry"],"_links":{"self":[{"href":"https:\/\/consrecife.esteri.it\/pt\/wp-json\/wp\/v2\/pages\/499","targetHints":{"allow":["GET"]}}],"collection":[{"href":"https:\/\/consrecife.esteri.it\/pt\/wp-json\/wp\/v2\/pages"}],"about":[{"href":"https:\/\/consrecife.esteri.it\/pt\/wp-json\/wp\/v2\/types\/page"}],"author":[{"embeddable":true,"href":"https:\/\/consrecife.esteri.it\/pt\/wp-json\/wp\/v2\/users\/4"}],"replies":[{"embeddable":true,"href":"https:\/\/consrecife.esteri.it\/pt\/wp-json\/wp\/v2\/comments?post=499"}],"version-history":[{"count":2,"href":"https:\/\/consrecife.esteri.it\/pt\/wp-json\/wp\/v2\/pages\/499\/revisions"}],"predecessor-version":[{"id":3902,"href":"https:\/\/consrecife.esteri.it\/pt\/wp-json\/wp\/v2\/pages\/499\/revisions\/3902"}],"up":[{"embeddable":true,"href":"https:\/\/consrecife.esteri.it\/pt\/wp-json\/wp\/v2\/pages\/487"}],"wp:attachment":[{"href":"https:\/\/consrecife.esteri.it\/pt\/wp-json\/wp\/v2\/media?parent=499"}],"curies":[{"name":"wp","href":"https:\/\/api.w.org\/{rel}","templated":true}]}}