{"id":502,"date":"2023-01-19T19:33:58","date_gmt":"2023-01-19T18:33:58","guid":{"rendered":"https:\/\/consrecife.esteri.it\/?page_id=502"},"modified":"2023-04-06T20:13:09","modified_gmt":"2023-04-06T18:13:09","slug":"visto-para-trabalho-autonomo","status":"publish","type":"page","link":"https:\/\/consrecife.esteri.it\/pt\/servizi-consolari-e-visti\/servizi-per-il-cittadino-straniero\/visti\/tipos-de-vistos\/visto-para-trabalho-autonomo\/","title":{"rendered":"Visto para trabalho aut\u00f4nomo"},"content":{"rendered":"<p>Para este tipo de visto, todo o procedimento se desenvolve exclusivamente na It\u00e1lia. O Consulado s\u00f3 pode emitir o visto ao t\u00e9rmino deste procedimento e depois de ter recebido o \u201cNulla Osta\u201d da Questura.<\/p>\n<p>Para requerer o visto de trabalho aut\u00f4nomo \u00e9 necess\u00e1rio:<\/p>\n<p>&#8211;\u00a0 \u00a0NULLA OSTA emitido pela \u201cQUESTURA, SPORTELLO UNICO\u201d que deve ser enviado exclusivamente por via digital ao nosso sistema;<\/p>\n<p>&#8211;\u00a0 \u00a0<a href=\"https:\/\/consrecife.esteri.it\/consolato_recife\/resource\/doc\/2022\/07\/modulo_di_richiesta_visto.pdf\" target=\"_blank\" rel=\"noopener\"><strong>Carta convite<\/strong><\/a>\u00a0ou reserva de hotel;<\/p>\n<p>&#8211;\u00a0 \u00a0Seguro viagem;<\/p>\n<p>&#8211;\u00a0 \u00a0Reserva do voo, sempre lembrando que ao comprar a passagem ser\u00e1 necess\u00e1rio manter o itiner\u00e1rio, inclu\u00edndo as cidades e os aeroportos que forem informados a este Consulado;<\/p>\n<p>&#8211;\u00a0 \u00a0<a href=\"https:\/\/consrecife.esteri.it\/consolato_recife\/resource\/doc\/2022\/07\/formulario_d.pdf\" target=\"_blank\" rel=\"noopener\"><strong>Formul\u00e1rio D<\/strong><\/a>;<\/p>\n<p>&#8211;\u00a0 \u00a0<a href=\"https:\/\/consrecife.esteri.it\/consolato_recife\/resource\/doc\/2022\/07\/modulo_di_riassunto.doc\" target=\"_blank\" rel=\"noopener\"><strong>Formul\u00e1rio resumido<\/strong><\/a>, preenchido digitalmente;<\/p>\n<p>&#8211;\u00a0 \u00a0Pagamento da taxa consular indicado em nosso site na p\u00e1gina \u201c<a href=\"https:\/\/consrecife.esteri.it\/pt\/chi-siamo\/la-rete-consolare\/taxas-consulares\/\"><strong>taxas consulares<\/strong><\/a>\u201d;<\/p>\n<p>&#8211;\u00a0 \u00a0Toda a documenta\u00e7\u00e3o elencada na se\u00e7\u00e3o \u201cINFORMA\u00c7\u00d5ES GERAIS PARA TODOS OS TIPOS DE VISTO\/1. <a href=\"https:\/\/consrecife.esteri.it\/pt\/servizi-consolari-e-visti\/servizi-per-il-cittadino-straniero\/visti\/tipos-de-vistos\/\"><strong>Documenta\u00e7\u00e3o<\/strong><\/a>\u201d.<\/p>\n","protected":false},"excerpt":{"rendered":"Para este tipo de visto, todo o procedimento se desenvolve exclusivamente na It\u00e1lia. O Consulado s\u00f3 pode emitir o visto ao t\u00e9rmino deste procedimento e depois de ter recebido o \u201cNulla Osta\u201d da Questura. Para requerer o visto de trabalho aut\u00f4nomo \u00e9 necess\u00e1rio: &#8211;\u00a0 \u00a0NULLA OSTA emitido pela \u201cQUESTURA, SPORTELLO UNICO\u201d que deve ser enviado [&hellip;]","protected":false},"author":4,"featured_media":0,"parent":487,"menu_order":0,"comment_status":"closed","ping_status":"closed","template":"","meta":{"footnotes":""},"class_list":["post-502","page","type-page","status-publish","hentry"],"_links":{"self":[{"href":"https:\/\/consrecife.esteri.it\/pt\/wp-json\/wp\/v2\/pages\/502","targetHints":{"allow":["GET"]}}],"collection":[{"href":"https:\/\/consrecife.esteri.it\/pt\/wp-json\/wp\/v2\/pages"}],"about":[{"href":"https:\/\/consrecife.esteri.it\/pt\/wp-json\/wp\/v2\/types\/page"}],"author":[{"embeddable":true,"href":"https:\/\/consrecife.esteri.it\/pt\/wp-json\/wp\/v2\/users\/4"}],"replies":[{"embeddable":true,"href":"https:\/\/consrecife.esteri.it\/pt\/wp-json\/wp\/v2\/comments?post=502"}],"version-history":[{"count":0,"href":"https:\/\/consrecife.esteri.it\/pt\/wp-json\/wp\/v2\/pages\/502\/revisions"}],"up":[{"embeddable":true,"href":"https:\/\/consrecife.esteri.it\/pt\/wp-json\/wp\/v2\/pages\/487"}],"wp:attachment":[{"href":"https:\/\/consrecife.esteri.it\/pt\/wp-json\/wp\/v2\/media?parent=502"}],"curies":[{"name":"wp","href":"https:\/\/api.w.org\/{rel}","templated":true}]}}