{"id":504,"date":"2023-01-19T19:35:55","date_gmt":"2023-01-19T18:35:55","guid":{"rendered":"https:\/\/consrecife.esteri.it\/?page_id=504"},"modified":"2023-04-06T20:18:09","modified_gmt":"2023-04-06T18:18:09","slug":"visto-para-reuniao-familiar","status":"publish","type":"page","link":"https:\/\/consrecife.esteri.it\/pt\/servizi-consolari-e-visti\/servizi-per-il-cittadino-straniero\/visti\/tipos-de-vistos\/visto-para-reuniao-familiar\/","title":{"rendered":"Visto para reuni\u00e3o familiar"},"content":{"rendered":"<p>Para este tipo de visto todo o procedimento \u00e9 feito na It\u00e1lia pelos familiares na Questura\/Sportello Unico.<\/p>\n<p>O Consulado s\u00f3 pode emitir o visto ap\u00f3s o t\u00e9rmino deste procedimento e s\u00f3 depois de receber o \u201cNulla Osta\u201d, que \u00e9 enviado digitalmente.<\/p>\n<p>Para requerer o visto de reuni\u00e3o familiar \u00e9 necess\u00e1rio:<\/p>\n<p>&#8211;\u00a0 \u00a0NULLA OSTA emitido pela \u201cQUESTURA, SPORTELLO UNICO\u201d que deve ser enviado digitalmente ao nosso sistema;<\/p>\n<p>&#8211;\u00a0 \u00a0C\u00f3pia autenticada do certificado que atesta a rela\u00e7\u00e3o de parentesco;<\/p>\n<p>&#8211;\u00a0 \u00a0<a href=\"https:\/\/consrecife.esteri.it\/consolato_recife\/resource\/doc\/2022\/07\/modulo_di_richiesta_visto.pdf\" target=\"_blank\" rel=\"noopener\"><strong>Carta convite<\/strong><\/a> feita por um familiar;<\/p>\n<p>&#8211;\u00a0 \u00a0Seguro viagem;<\/p>\n<p>&#8211;\u00a0 \u00a0Reserva do voo, sempre lembrando que ao comprar a passagem ser\u00e1 necess\u00e1rio manter o itiner\u00e1rio, inclu\u00edndo as cidades e os aeroportos que forem informados a este Consulado;<\/p>\n<p>&#8211;\u00a0 \u00a0<a href=\"https:\/\/consrecife.esteri.it\/consolato_recife\/resource\/doc\/2022\/07\/formulario_d.pdf\" target=\"_blank\" rel=\"noopener\"><strong>Formul\u00e1rio D<\/strong><\/a>;<\/p>\n<p>&#8211;\u00a0 \u00a0<a href=\"https:\/\/consrecife.esteri.it\/consolato_recife\/resource\/doc\/2022\/07\/modulo_di_riassunto.doc\" target=\"_blank\" rel=\"noopener\"><strong>Formul\u00e1rio resumido<\/strong><\/a>, preenchido digitalmente;<\/p>\n<p>&#8211;\u00a0 \u00a0Pagamento da taxa consular indicado em nosso site na p\u00e1gina \u201c<a href=\"https:\/\/consrecife.esteri.it\/pt\/chi-siamo\/la-rete-consolare\/taxas-consulares\/\"><strong>taxas consulares<\/strong><\/a>\u201d;<\/p>\n<p>&#8211;\u00a0 \u00a0Toda a documenta\u00e7\u00e3o elencada na se\u00e7\u00e3o \u201cINFORMA\u00c7\u00d5ES GERAIS PARA TODOS OS TIPOS DE VISTO\/1. <a href=\"https:\/\/consrecife.esteri.it\/pt\/servizi-consolari-e-visti\/servizi-per-il-cittadino-straniero\/visti\/tipos-de-vistos\/\"><strong>Documenta\u00e7\u00e3o<\/strong><\/a>\u201d.<\/p>\n<p><strong><br \/>\n<\/strong><strong>Nota 1: As pessoas maiores de idade convidadas para reuni\u00e3o familiar devem demonstrar motivos v\u00e1lidos de depend\u00eancia econ\u00f4mica ou de outra natureza para a \u201cQuestura\/Sportello Unico\u201d.<\/strong><\/p>\n<p><strong>Nota 2: Lembramos que quem est\u00e1 requerendo um visto de estudo ou trabalho e quer levar consigo pessoas do pr\u00f3prio n\u00facleo familiar, <\/strong>dever\u00e1 viajar s\u00f3, e apenas em um segundo momento, depois de obter o \u201cPermesso di Soggiorno\u201d, poder\u00e1 requerer a \u201creuni\u00e3o familiar\u201d indo \u00e0 Questura\/Sportello Unico, como mencionado acima.<\/p>\n","protected":false},"excerpt":{"rendered":"Para este tipo de visto todo o procedimento \u00e9 feito na It\u00e1lia pelos familiares na Questura\/Sportello Unico. O Consulado s\u00f3 pode emitir o visto ap\u00f3s o t\u00e9rmino deste procedimento e s\u00f3 depois de receber o \u201cNulla Osta\u201d, que \u00e9 enviado digitalmente. Para requerer o visto de reuni\u00e3o familiar \u00e9 necess\u00e1rio: &#8211;\u00a0 \u00a0NULLA OSTA emitido pela [&hellip;]","protected":false},"author":4,"featured_media":0,"parent":487,"menu_order":0,"comment_status":"closed","ping_status":"closed","template":"","meta":{"footnotes":""},"class_list":["post-504","page","type-page","status-publish","hentry"],"_links":{"self":[{"href":"https:\/\/consrecife.esteri.it\/pt\/wp-json\/wp\/v2\/pages\/504","targetHints":{"allow":["GET"]}}],"collection":[{"href":"https:\/\/consrecife.esteri.it\/pt\/wp-json\/wp\/v2\/pages"}],"about":[{"href":"https:\/\/consrecife.esteri.it\/pt\/wp-json\/wp\/v2\/types\/page"}],"author":[{"embeddable":true,"href":"https:\/\/consrecife.esteri.it\/pt\/wp-json\/wp\/v2\/users\/4"}],"replies":[{"embeddable":true,"href":"https:\/\/consrecife.esteri.it\/pt\/wp-json\/wp\/v2\/comments?post=504"}],"version-history":[{"count":0,"href":"https:\/\/consrecife.esteri.it\/pt\/wp-json\/wp\/v2\/pages\/504\/revisions"}],"up":[{"embeddable":true,"href":"https:\/\/consrecife.esteri.it\/pt\/wp-json\/wp\/v2\/pages\/487"}],"wp:attachment":[{"href":"https:\/\/consrecife.esteri.it\/pt\/wp-json\/wp\/v2\/media?parent=504"}],"curies":[{"name":"wp","href":"https:\/\/api.w.org\/{rel}","templated":true}]}}