{"id":506,"date":"2023-01-19T19:37:53","date_gmt":"2023-01-19T18:37:53","guid":{"rendered":"https:\/\/consrecife.esteri.it\/?page_id=506"},"modified":"2023-04-06T20:21:11","modified_gmt":"2023-04-06T18:21:11","slug":"visto-de-reingresso","status":"publish","type":"page","link":"https:\/\/consrecife.esteri.it\/pt\/servizi-consolari-e-visti\/servizi-per-il-cittadino-straniero\/visti\/tipos-de-vistos\/visto-de-reingresso\/","title":{"rendered":"Visto de reingresso"},"content":{"rendered":"<p><strong>ESCREVER URGENTEMENTE PARA <a href=\"mailto:visti.recife@esteri.it\">visti.recife@esteri.it<\/a><\/strong><\/p>\n<p>Se trata do visto para os casos que o \u201cPermesso di Soggiorno\u201d est\u00e1 vencido e n\u00e3o foi renovado antes da sa\u00edda da It\u00e1lia.<\/p>\n<p>Para requerer este tipo de visto deve-se apresentar:<\/p>\n<p>&#8211;\u00a0 \u00a0O \u201cPermesso di Soggiorno\u201d vencido;<\/p>\n<p>&#8211;\u00a0 \u00a0Solicita\u00e7\u00e3o da renova\u00e7\u00e3o do \u201cPermesso di Soggiorno\u201d (com documentos justificativos);<\/p>\n<p>&#8211;\u00a0 \u00a0Declara\u00e7\u00e3o assinada pelo requerente que ateste os motivos pelo qual o \u201cPermesso di Soggiorno\u201d n\u00e3o foi renovado ou n\u00e3o est\u00e1 sob posse do mesmo;<\/p>\n<p>&#8211;\u00a0 \u00a0C\u00f3pia autenticada de outros documentos de identidade italianos;<\/p>\n<p>&#8211;\u00a0 \u00a0Reserva do voo, sempre lembrando que ao comprar a passagem ser\u00e1 necess\u00e1rio manter o itiner\u00e1rio, inclu\u00edndo as cidades e os aeroportos que forem informados a este Consulado;<\/p>\n<p>&#8211;\u00a0 \u00a0Pagamento da taxa consular indicado em nosso site na p\u00e1gina \u201c<a href=\"https:\/\/consrecife.esteri.it\/pt\/chi-siamo\/la-rete-consolare\/taxas-consulares\/\"><strong>taxas consulares<\/strong><\/a>\u201d;<\/p>\n<p>&#8211;\u00a0 \u00a0Toda a documenta\u00e7\u00e3o elencada na se\u00e7\u00e3o \u201cINFORMA\u00c7\u00d5ES GERAIS PARA TODOS OS TIPOS DE VISTO\/1. <a href=\"https:\/\/consrecife.esteri.it\/pt\/servizi-consolari-e-visti\/servizi-per-il-cittadino-straniero\/visti\/tipos-de-vistos\/\"><strong>Documenta\u00e7\u00e3o<\/strong><\/a>\u201d.<\/p>\n","protected":false},"excerpt":{"rendered":"ESCREVER URGENTEMENTE PARA visti.recife@esteri.it Se trata do visto para os casos que o \u201cPermesso di Soggiorno\u201d est\u00e1 vencido e n\u00e3o foi renovado antes da sa\u00edda da It\u00e1lia. Para requerer este tipo de visto deve-se apresentar: &#8211;\u00a0 \u00a0O \u201cPermesso di Soggiorno\u201d vencido; &#8211;\u00a0 \u00a0Solicita\u00e7\u00e3o da renova\u00e7\u00e3o do \u201cPermesso di Soggiorno\u201d (com documentos justificativos); &#8211;\u00a0 \u00a0Declara\u00e7\u00e3o assinada [&hellip;]","protected":false},"author":4,"featured_media":0,"parent":487,"menu_order":0,"comment_status":"closed","ping_status":"closed","template":"","meta":{"footnotes":""},"class_list":["post-506","page","type-page","status-publish","hentry"],"_links":{"self":[{"href":"https:\/\/consrecife.esteri.it\/pt\/wp-json\/wp\/v2\/pages\/506","targetHints":{"allow":["GET"]}}],"collection":[{"href":"https:\/\/consrecife.esteri.it\/pt\/wp-json\/wp\/v2\/pages"}],"about":[{"href":"https:\/\/consrecife.esteri.it\/pt\/wp-json\/wp\/v2\/types\/page"}],"author":[{"embeddable":true,"href":"https:\/\/consrecife.esteri.it\/pt\/wp-json\/wp\/v2\/users\/4"}],"replies":[{"embeddable":true,"href":"https:\/\/consrecife.esteri.it\/pt\/wp-json\/wp\/v2\/comments?post=506"}],"version-history":[{"count":0,"href":"https:\/\/consrecife.esteri.it\/pt\/wp-json\/wp\/v2\/pages\/506\/revisions"}],"up":[{"embeddable":true,"href":"https:\/\/consrecife.esteri.it\/pt\/wp-json\/wp\/v2\/pages\/487"}],"wp:attachment":[{"href":"https:\/\/consrecife.esteri.it\/pt\/wp-json\/wp\/v2\/media?parent=506"}],"curies":[{"name":"wp","href":"https:\/\/api.w.org\/{rel}","templated":true}]}}