{"id":508,"date":"2023-01-19T19:38:55","date_gmt":"2023-01-19T18:38:55","guid":{"rendered":"https:\/\/consrecife.esteri.it\/?page_id=508"},"modified":"2023-01-19T19:38:55","modified_gmt":"2023-01-19T18:38:55","slug":"visto-por-adocao","status":"publish","type":"page","link":"https:\/\/consrecife.esteri.it\/pt\/servizi-consolari-e-visti\/servizi-per-il-cittadino-straniero\/visti\/tipos-de-vistos\/visto-por-adocao\/","title":{"rendered":"Visto por ado\u00e7\u00e3o"},"content":{"rendered":"<p>Para informa\u00e7\u00f5es sobre este tipo de visto, favor escrever para <a href=\"mailto:visti.recife@esteri.it\">visti.recife@esteri.it<\/a><\/p>\n","protected":false},"excerpt":{"rendered":"Para informa\u00e7\u00f5es sobre este tipo de visto, favor escrever para visti.recife@esteri.it","protected":false},"author":4,"featured_media":0,"parent":487,"menu_order":0,"comment_status":"closed","ping_status":"closed","template":"","meta":{"footnotes":""},"class_list":["post-508","page","type-page","status-publish","hentry"],"_links":{"self":[{"href":"https:\/\/consrecife.esteri.it\/pt\/wp-json\/wp\/v2\/pages\/508","targetHints":{"allow":["GET"]}}],"collection":[{"href":"https:\/\/consrecife.esteri.it\/pt\/wp-json\/wp\/v2\/pages"}],"about":[{"href":"https:\/\/consrecife.esteri.it\/pt\/wp-json\/wp\/v2\/types\/page"}],"author":[{"embeddable":true,"href":"https:\/\/consrecife.esteri.it\/pt\/wp-json\/wp\/v2\/users\/4"}],"replies":[{"embeddable":true,"href":"https:\/\/consrecife.esteri.it\/pt\/wp-json\/wp\/v2\/comments?post=508"}],"version-history":[{"count":0,"href":"https:\/\/consrecife.esteri.it\/pt\/wp-json\/wp\/v2\/pages\/508\/revisions"}],"up":[{"embeddable":true,"href":"https:\/\/consrecife.esteri.it\/pt\/wp-json\/wp\/v2\/pages\/487"}],"wp:attachment":[{"href":"https:\/\/consrecife.esteri.it\/pt\/wp-json\/wp\/v2\/media?parent=508"}],"curies":[{"name":"wp","href":"https:\/\/api.w.org\/{rel}","templated":true}]}}