{"id":5086,"date":"2026-01-02T16:20:21","date_gmt":"2026-01-02T19:20:21","guid":{"rendered":""},"modified":"2026-03-04T11:04:35","modified_gmt":"2026-03-04T14:04:35","slug":"figli-minorenni-al-24-05-2025-di-cittadini-per-nascita-con-piu-di-un-anno-di-eta","status":"publish","type":"page","link":"https:\/\/consrecife.esteri.it\/pt\/servizi-consolari-e-visti\/servizi-per-il-cittadino-straniero\/cittadinanza\/acquisto-della-cittadinanza-per-beneficio-di-legge-figli-minori-nati-allestero\/figli-minorenni-al-24-05-2025-di-cittadini-per-nascita-con-piu-di-un-anno-di-eta\/","title":{"rendered":"Um dos genitores \u00e9 cidad\u00e3o por nascimento e o filho menor nasceu ANTES de 24\/05\/2025"},"content":{"rendered":"<p data-start=\"135\" data-end=\"272\">Nos termos do par\u00e1grafo 1-ter do artigo 1\u00ba do Decreto-Lei n\u00ba 36\/2025, aplica-se quando <strong data-start=\"222\" data-end=\"251\">todas as condi\u00e7\u00f5es abaixo<\/strong> estiverem presentes:<\/p>\n<p data-start=\"274\" data-end=\"430\">\u2022 Pessoas menores de idade na data de entrada em vigor da lei de convers\u00e3o, ou seja, pessoas que <strong data-start=\"371\" data-end=\"427\">n\u00e3o tenham completado 18 anos at\u00e9 24 de maio de 2025<\/strong>;<\/p>\n<p data-start=\"432\" data-end=\"882\">\u2022 Filhos de cidad\u00e3os por nascimento que se encontrem nas condi\u00e7\u00f5es previstas nas al\u00edneas a), a-bis) e b) do artigo 3-bis da Lei n\u00ba 91\/1992. Em outros termos, os genitores devem ter sido reconhecidos cidad\u00e3os<em> jure sanguinis<\/em> com base em <strong data-start=\"652\" data-end=\"755\">pedido administrativo ou judicial apresentado at\u00e9 as 23h59 (hor\u00e1rio de Roma) de 27 de mar\u00e7o de 2025<\/strong>, ou com base em pedido apresentado em raz\u00e3o de <strong data-start=\"803\" data-end=\"879\">agendamento comunicado pelo Consulado ou pelo Munic\u00edpio at\u00e9 a mesma data<\/strong>;<\/p>\n<p data-start=\"884\" data-end=\"1179\">\u2022 A <strong data-start=\"888\" data-end=\"928\">declara\u00e7\u00e3o dos genitores ou do tutor<\/strong> deve ser apresentada ao Consulado <strong data-start=\"963\" data-end=\"989\">at\u00e9 31 de maio de 2029<\/strong>. Caso o interessado, menor de idade em 24 de maio de 2025, venha a atingir a maioridade nesse intervalo, a declara\u00e7\u00e3o dever\u00e1 ser apresentada <strong data-start=\"1131\" data-end=\"1155\">pessoalmente por ele<\/strong>, dentro do mesmo prazo.<\/p>\n<p data-start=\"1181\" data-end=\"1310\">As declara\u00e7\u00f5es dever\u00e3o ser prestadas <strong data-start=\"1218\" data-end=\"1237\">presencialmente<\/strong> no Consulado, perante funcion\u00e1rios delegados \u00e0s fun\u00e7\u00f5es de Registro Civil.<\/p>\n<p data-start=\"1312\" data-end=\"1787\">Dever\u00e3o ser anexados tamb\u00e9m documento de identidade do requerente e do filho(a) (carteira de identidade ou passaporte emitidos h\u00e1 menos de 10 anos; <strong data-start=\"1460\" data-end=\"1531\">n\u00e3o s\u00e3o aceitas carteiras de motorista nem documentos profissionais<\/strong>), comprovante de resid\u00eancia na circunscri\u00e7\u00e3o consular (ver a <a href=\"https:\/\/consrecife.esteri.it\/pt\/servizi-consolari-e-visti\/servizi-per-il-cittadino-italiano\/altri-servizi\/comprovanti-dindirizzo\/\">lista de comprovantes de resid\u00eancia aceitos por esta reparti\u00e7\u00e3o <strong data-start=\"1657\" data-end=\"1665\">AQUI<\/strong><\/a>), al\u00e9m da documenta\u00e7\u00e3o indicada no respectivo formul\u00e1rio de declara\u00e7\u00e3o (ver a lista de documentos ao final desta p\u00e1gina).<\/p>\n<p data-start=\"2020\" data-end=\"2072\">A declara\u00e7\u00e3o de vontade, neste caso, \u00e9 <strong data-start=\"2059\" data-end=\"2071\">GRATUITA<\/strong>.<\/p>\n<p data-start=\"2074\" data-end=\"2254\">A cidadania italiana adquirida nas modalidades acima indicadas poder\u00e1 ser <strong data-start=\"2148\" data-end=\"2162\">renunciada<\/strong> pelo interessado ap\u00f3s atingir a maioridade, desde que n\u00e3o resulte em situa\u00e7\u00e3o de apatridia.<\/p>\n<hr data-start=\"2256\" data-end=\"2259\" \/>\n<h3 data-start=\"2261\" data-end=\"2301\"><strong data-start=\"2265\" data-end=\"2301\">LISTA DE DOCUMENTOS A APRESENTAR<\/strong><\/h3>\n<p data-start=\"2303\" data-end=\"2587\">\u2022 Certid\u00e3o de nascimento em inteiro teor (<em data-start=\"2345\" data-end=\"2362\">Verbo ad Verbum<\/em>), emitida pelo Cart\u00f3rio competente, <strong data-start=\"2399\" data-end=\"2421\">original e recente<\/strong> (expedida h\u00e1 menos de seis meses), com <a href=\"https:\/\/consrecife.esteri.it\/pt\/servizi-consolari-e-visti\/servizi-per-il-cittadino-italiano\/traduzione-e-legalizzazione-dei-documenti\/\"><strong data-start=\"2461\" data-end=\"2473\">Apostille<\/strong><\/a>, acompanhada de <strong data-start=\"2490\" data-end=\"2565\">tradu\u00e7\u00e3o realizada por tradutor juramentado diretamente para o italiano<\/strong>, tamb\u00e9m com <a href=\"https:\/\/consrecife.esteri.it\/pt\/servizi-consolari-e-visti\/servizi-per-il-cittadino-italiano\/traduzione-e-legalizzazione-dei-documenti\/\">Apostille<\/a>;<\/p>\n<p data-start=\"2589\" data-end=\"2753\">\u2022 <a href=\"https:\/\/consrecife.esteri.it\/wp-content\/uploads\/2026\/03\/dichiarazione_sostitutiva_di_certificazione_2026.pdf\">Formul\u00e1rio de declara\u00e7\u00e3o substitutiva de certifica\u00e7\u00e3o<\/a>, devidamente preenchido pelo genitor com cidadania italiana e assinado por ambos os genitores do menor;<\/p>\n<p data-start=\"2755\" data-end=\"3002\">\u2022 Original e <strong data-start=\"2768\" data-end=\"2785\">c\u00f3pia simples<\/strong> do documento de identidade v\u00e1lido do genitor cidad\u00e3o italiano: carteira de identidade ou passaporte, emitido h\u00e1 menos de 10 anos. N\u00e3o ser\u00e3o aceitas carteiras de motorista nem documentos de categorias profissionais;<\/p>\n<p data-start=\"3004\" data-end=\"3300\">\u2022 Original e <strong data-start=\"3017\" data-end=\"3034\">c\u00f3pia simples<\/strong> do documento de identidade v\u00e1lido do outro genitor (cidad\u00e3o italiano ou estrangeiro): carteira de identidade ou passaporte (italiano ou estrangeiro), emitido h\u00e1 menos de 10 anos. N\u00e3o ser\u00e3o aceitas carteiras de motorista nem documentos de categorias profissionais;<\/p>\n<p data-start=\"3302\" data-end=\"3507\">\u2022 Comprovante id\u00f4neo de endere\u00e7o em nome do genitor com quem o menor reside, emitido h\u00e1 no m\u00e1ximo 3 meses, no qual conste o endere\u00e7o completo (ver a <a href=\"https:\/\/consrecife.esteri.it\/pt\/servizi-consolari-e-visti\/servizi-per-il-cittadino-italiano\/altri-servizi\/comprovanti-dindirizzo\/\">lista de comprovantes de resid\u00eancia aceitos <strong data-start=\"3495\" data-end=\"3503\">AQUI<\/strong><\/a>);<\/p>\n<p data-start=\"3509\" data-end=\"3773\">\u2022 Transcri\u00e7\u00e3o da certid\u00e3o de nascimento do genitor italiano, com as anota\u00e7\u00f5es relativas \u00e0 manuten\u00e7\u00e3o da cidadania italiana, \u00e0 data de reconhecimento, \u00e0 autoridade que realizou o reconhecimento e ao estado civil atualizado, emitida pelo Munic\u00edpio competente.<\/p>\n<hr data-start=\"3775\" data-end=\"3778\" \/>\n<p data-start=\"3780\" data-end=\"3924\">Os agendamentos para a apresenta\u00e7\u00e3o das declara\u00e7\u00f5es de vontade de aquisi\u00e7\u00e3o da cidadania podem ser solicitados por meio do portal <strong data-start=\"3910\" data-end=\"3923\">Prenot@mi<\/strong>.<\/p>\n<p data-start=\"3926\" data-end=\"4106\">O servi\u00e7o denomina-se <strong data-start=\"3948\" data-end=\"4019\">\u201cAPRESENTA\u00c7\u00c3O DE DECLARA\u00c7\u00c3O DE VONTADE PARA AQUISI\u00c7\u00c3O DA CIDADANIA\u201d<\/strong> e encontra-se entre os servi\u00e7os do setor <strong data-start=\"4061\" data-end=\"4105\">\u201cAnagrafe e Stato Civile\u201d &gt; Stato civile<\/strong>.<\/p>\n<p data-start=\"4108\" data-end=\"4229\">As declara\u00e7\u00f5es de vontade <strong data-start=\"4134\" data-end=\"4164\">n\u00e3o podem ser apresentadas<\/strong> pelos genitores nos consulados honor\u00e1rios, nem por procuradores.<\/p>\n<p data-start=\"4231\" data-end=\"4397\"><strong data-start=\"4231\" data-end=\"4278\">N\u00c3O \u00c9 EXIGIDA A PRESEN\u00c7A DOS FILHOS MENORES<\/strong> no dia em que os genitores assinarem a declara\u00e7\u00e3o de vontade para a aquisi\u00e7\u00e3o da cidadania italiana em favor do menor.<\/p>\n","protected":false},"excerpt":{"rendered":"Nos termos do par\u00e1grafo 1-ter do artigo 1\u00ba do Decreto-Lei n\u00ba 36\/2025, aplica-se quando todas as condi\u00e7\u00f5es abaixo estiverem presentes: \u2022 Pessoas menores de idade na data de entrada em vigor da lei de convers\u00e3o, ou seja, pessoas que n\u00e3o tenham completado 18 anos at\u00e9 24 de maio de 2025; \u2022 Filhos de cidad\u00e3os por [&hellip;]","protected":false},"author":4,"featured_media":0,"parent":4457,"menu_order":0,"comment_status":"closed","ping_status":"closed","template":"","meta":{"footnotes":""},"class_list":["post-5086","page","type-page","status-publish","hentry"],"_links":{"self":[{"href":"https:\/\/consrecife.esteri.it\/pt\/wp-json\/wp\/v2\/pages\/5086","targetHints":{"allow":["GET"]}}],"collection":[{"href":"https:\/\/consrecife.esteri.it\/pt\/wp-json\/wp\/v2\/pages"}],"about":[{"href":"https:\/\/consrecife.esteri.it\/pt\/wp-json\/wp\/v2\/types\/page"}],"author":[{"embeddable":true,"href":"https:\/\/consrecife.esteri.it\/pt\/wp-json\/wp\/v2\/users\/4"}],"replies":[{"embeddable":true,"href":"https:\/\/consrecife.esteri.it\/pt\/wp-json\/wp\/v2\/comments?post=5086"}],"version-history":[{"count":6,"href":"https:\/\/consrecife.esteri.it\/pt\/wp-json\/wp\/v2\/pages\/5086\/revisions"}],"predecessor-version":[{"id":5594,"href":"https:\/\/consrecife.esteri.it\/pt\/wp-json\/wp\/v2\/pages\/5086\/revisions\/5594"}],"up":[{"embeddable":true,"href":"https:\/\/consrecife.esteri.it\/pt\/wp-json\/wp\/v2\/pages\/4457"}],"wp:attachment":[{"href":"https:\/\/consrecife.esteri.it\/pt\/wp-json\/wp\/v2\/media?parent=5086"}],"curies":[{"name":"wp","href":"https:\/\/api.w.org\/{rel}","templated":true}]}}